{"id":9975,"date":"2023-06-14T08:54:31","date_gmt":"2023-06-14T06:54:31","guid":{"rendered":"https:\/\/swissvapeur.ch\/schloss-aigle\/"},"modified":"2023-06-14T08:54:33","modified_gmt":"2023-06-14T06:54:33","slug":"schloss-aigle","status":"publish","type":"page","link":"https:\/\/swissvapeur.ch\/de\/schloss-aigle\/","title":{"rendered":"Schloss Aigle"},"content":{"rendered":"\n[et_pb_section fb_built=&#8220;1&#8243; fullwidth=&#8220;on&#8220; _builder_version=&#8220;4.7.7&#8243; _module_preset=&#8220;default&#8220;][et_pb_fullwidth_image src=&#8220;https:\/\/swissvapeur.ch\/wp-content\/uploads\/2020\/12\/img4_chateau_aigle.jpg&#8220; title_text=&#8220;img4_chateau_aigle&#8220; _builder_version=&#8220;4.7.7&#8243; _module_preset=&#8220;default&#8220;][\/et_pb_fullwidth_image][\/et_pb_section][et_pb_section fb_built=&#8220;1&#8243; _builder_version=&#8220;4.7.7&#8243; _module_preset=&#8220;default&#8220; min_height=&#8220;2172.9px&#8220; custom_padding=&#8220;||0px|||&#8220;][et_pb_row _builder_version=&#8220;4.7.7&#8243; _module_preset=&#8220;default&#8220;][et_pb_column type=&#8220;4_4&#8243; _builder_version=&#8220;4.7.7&#8243; _module_preset=&#8220;default&#8220;][et_pb_text _builder_version=&#8220;4.7.7&#8243; _module_preset=&#8220;default&#8220; custom_margin=&#8220;||4px|||&#8220; custom_padding=&#8220;||26px|||&#8220;]<h1 style=\"text-align: left;\"><strong>Schloss Aigle<\/strong><\/h1>\n<h4 style=\"text-align: left;\"><em>Aigle (Vaud) | 12. Jahrhundert<br> <\/em><\/h4>\n<p style=\"text-align: left;\">Erbaut Ende des <abbr class=\"abbr\" title=\"12. Jahrhundert\"><span class=\"romain\">XII<\/span> <sup style=\"font-size: 72%;\">e<\/sup><\/abbr> Jahrhunderts von der Familie Saillon f\u00fcr das Haus Savoien ersetzt das Schloss eine fr\u00fchere Konstruktion. R\u00f6mische \u00dcberreste zeugen von der Bedeutung der Weinberge in der Umgebung. Zu Beginn bescheiden, bestand die Burg im Wesentlichen aus einem quadratischen Turm, der dem Turm \u00e4hnelte, der noch auf dem Gipfel des H\u00fcgels von Saint-Triphon zu sehen ist. Die Savoyarden bauen es um und ver\u00e4ndern die Form der Anlage. Die Burg sch\u00fctzt den Marktflecken Aigle, der damals im heutigen Quartier du Clo\u00eetre konzentriert war, und \u00fcberwacht das Rhonetal sowie den Weg, der zum Pays-d&#8217;Enhaut und zum Col du Pillon f\u00fchrt.<\/p>\n<p>Von 1434 bis 1476 geh\u00f6rte die Herrschaft dem Haus de Compey. Im August 1475 griffen die Berner den Turm an und steckten ihn in Brand, um die st\u00e4ndigen Bewegungen der feindlichen Truppen (Herzogtum Burgund und Herzogtum Savoyen) in der Rhoneebene zu stoppen. Aigle diente als Zwischenstation f\u00fcr Truppen, die \u00fcber den Gro\u00dfen Sankt Bernhard aus Italien kamen. Die Armeen zogen dann weiter nach Chillon im Norden oder nach Savoyen. Die neuen Bewohner gaben ihm dann sein heutiges Aussehen, indem sie ihn 1489 wieder aufbauten. Sie zerst\u00f6rten einen runden Turm und ersetzten ihn durch einen quadratischen Turm. Im Jahr 1587 wurde die &#8222;Zehntenscheune&#8220; im Westen des Bauwerks errichtet. Das von Weinbergen umgebene Schloss beherbergte die Weinkeller der Konf\u00f6derierten, aber auch ein Gef\u00e4ngnis, eine Rolle, die es bis 1972 ausf\u00fcllte.<\/p>\n<p>Im Jahr 1798 wurde das Waadtland unabh\u00e4ngig und die Berner zogen sich zur\u00fcck. Im Jahr 1804 erwarb die Gemeinde Aigle das Geb\u00e4ude und wandelte es in ein Verwaltungs- und Gesundheitsgeb\u00e4ude um. Bis 1832 diente es als Krankenhaus, aber auch als Gerichtsgeb\u00e4ude. Ab 1971 folgten ein Dutzend Restaurierungen, um es zu erhalten und seine Geschichte besser zu verstehen.<\/p>\n<p style=\"text-align: left;\">Heute beherbergt das Schloss das Museum der Rebe, des Weins und der Etikette. Es ist m\u00f6glich, R\u00e4ume in der Burg f\u00fcr Seminare oder Empf\u00e4nge zu mieten, und auf dem Burggel\u00e4nde finden regelm\u00e4\u00dfig Veranstaltungen oder Aktivit\u00e4ten f\u00fcr Gro\u00df und Klein statt.<\/p>[\/et_pb_text][\/et_pb_column][\/et_pb_row][et_pb_row column_structure=&#8220;1_3,1_3,1_3&#8243; _builder_version=&#8220;4.7.7&#8243; _module_preset=&#8220;default&#8220; min_height=&#8220;807px&#8220;][et_pb_column type=&#8220;1_3&#8243; _builder_version=&#8220;4.7.7&#8243; _module_preset=&#8220;default&#8220;][et_pb_image src=&#8220;https:\/\/swissvapeur.ch\/wp-content\/uploads\/2020\/12\/plan_chateau_aigle.jpg&#8220; title_text=&#8220;plan_chateau_aigle&#8220; _builder_version=&#8220;4.7.7&#8243; _module_preset=&#8220;default&#8220;][\/et_pb_image][\/et_pb_column][et_pb_column type=&#8220;1_3&#8243; _builder_version=&#8220;4.7.7&#8243; _module_preset=&#8220;default&#8220;][et_pb_image src=&#8220;https:\/\/swissvapeur.ch\/wp-content\/uploads\/2020\/12\/img1_chateau_aigle.jpg&#8220; title_text=&#8220;img1_chateau_aigle&#8220; _builder_version=&#8220;4.7.7&#8243; _module_preset=&#8220;default&#8220;][\/et_pb_image][et_pb_image src=&#8220;https:\/\/swissvapeur.ch\/wp-content\/uploads\/2020\/12\/img5_chateau_aigle.jpg&#8220; title_text=&#8220;img5_chateau_aigle&#8220; _builder_version=&#8220;4.7.7&#8243; _module_preset=&#8220;default&#8220;][\/et_pb_image][\/et_pb_column][et_pb_column type=&#8220;1_3&#8243; _builder_version=&#8220;4.7.7&#8243; _module_preset=&#8220;default&#8220;][et_pb_text _builder_version=&#8220;4.7.7&#8243; _module_preset=&#8220;default&#8220;]<p>Quelle: <a href=\"https:\/\/chateauaigle.ch\/\">www.chateauaigle.ch<\/a><\/p>[\/et_pb_text][\/et_pb_column][\/et_pb_row][et_pb_row _builder_version=&#8220;4.9.0&#8243; _module_preset=&#8220;default&#8220; width=&#8220;100%&#8220; global_module=&#8220;7765&#8243;][et_pb_column type=&#8220;4_4&#8243; _builder_version=&#8220;4.9.0&#8243; _module_preset=&#8220;default&#8220;][et_pb_image src=&#8220;https:\/\/swissvapeur.ch\/wp-content\/uploads\/2021\/02\/Capture-de\u0301cran-2021-02-25-a\u0300-09.56.01.png&#8220; title_text=&#8220;Bildschirmfoto 2021-02-25 a\u0300 09.56.01&#8243; _builder_version=&#8220;4.9.0&#8243; _module_preset=&#8220;default&#8220;][\/et_pb_image][\/et_pb_column][\/et_pb_row][\/et_pb_section]\n","protected":false},"excerpt":{"rendered":"<p>Schloss Aigle Aigle (Vaud) | 12. Jahrhundert Erbaut Ende des XII e Jahrhunderts von der Familie Saillon f\u00fcr das Haus Savoien ersetzt das Schloss eine fr\u00fchere Konstruktion. R\u00f6mische \u00dcberreste zeugen von der Bedeutung der Weinberge in der Umgebung. Zu Beginn bescheiden, bestand die Burg im Wesentlichen aus einem quadratischen Turm, [&hellip;]<\/p>\n","protected":false},"author":4,"featured_media":0,"parent":0,"menu_order":0,"comment_status":"closed","ping_status":"closed","template":"","meta":{"_et_pb_use_builder":"on","_et_pb_old_content":"","_et_gb_content_width":"","footnotes":""},"class_list":["post-9975","page","type-page","status-publish","hentry"],"yoast_head":"<!-- This site is optimized with the Yoast SEO plugin v27.3 - https:\/\/yoast.com\/product\/yoast-seo-wordpress\/ -->\n<title>Schloss Aigle - Swiss Vapeur Parc<\/title>\n<meta name=\"robots\" content=\"index, follow, max-snippet:-1, max-image-preview:large, max-video-preview:-1\" \/>\n<link rel=\"canonical\" href=\"https:\/\/swissvapeur.ch\/de\/schloss-aigle\/\" \/>\n<meta property=\"og:locale\" content=\"de_DE\" \/>\n<meta property=\"og:type\" content=\"article\" \/>\n<meta property=\"og:title\" content=\"Schloss Aigle - Swiss Vapeur Parc\" \/>\n<meta property=\"og:description\" content=\"Schloss Aigle Aigle (Vaud) | 12. Jahrhundert Erbaut Ende des XII e Jahrhunderts von der Familie Saillon f\u00fcr das Haus Savoien ersetzt das Schloss eine fr\u00fchere Konstruktion. R\u00f6mische \u00dcberreste zeugen von der Bedeutung der Weinberge in der Umgebung. Zu Beginn bescheiden, bestand die Burg im Wesentlichen aus einem quadratischen Turm, [&hellip;]\" \/>\n<meta property=\"og:url\" content=\"https:\/\/swissvapeur.ch\/de\/schloss-aigle\/\" \/>\n<meta property=\"og:site_name\" content=\"Swiss Vapeur Parc\" \/>\n<meta property=\"article:modified_time\" content=\"2023-06-14T06:54:33+00:00\" \/>\n<meta name=\"twitter:card\" content=\"summary_large_image\" \/>\n<meta name=\"twitter:label1\" content=\"Gesch\u00e4tzte Lesezeit\" \/>\n\t<meta name=\"twitter:data1\" content=\"3\u00a0Minuten\" \/>\n<script type=\"application\/ld+json\" class=\"yoast-schema-graph\">{\"@context\":\"https:\\\/\\\/schema.org\",\"@graph\":[{\"@type\":\"WebPage\",\"@id\":\"https:\\\/\\\/swissvapeur.ch\\\/de\\\/schloss-aigle\\\/\",\"url\":\"https:\\\/\\\/swissvapeur.ch\\\/de\\\/schloss-aigle\\\/\",\"name\":\"Schloss Aigle - Swiss Vapeur Parc\",\"isPartOf\":{\"@id\":\"https:\\\/\\\/swissvapeur.ch\\\/de\\\/#website\"},\"datePublished\":\"2023-06-14T06:54:31+00:00\",\"dateModified\":\"2023-06-14T06:54:33+00:00\",\"breadcrumb\":{\"@id\":\"https:\\\/\\\/swissvapeur.ch\\\/de\\\/schloss-aigle\\\/#breadcrumb\"},\"inLanguage\":\"de\",\"potentialAction\":[{\"@type\":\"ReadAction\",\"target\":[\"https:\\\/\\\/swissvapeur.ch\\\/de\\\/schloss-aigle\\\/\"]}]},{\"@type\":\"BreadcrumbList\",\"@id\":\"https:\\\/\\\/swissvapeur.ch\\\/de\\\/schloss-aigle\\\/#breadcrumb\",\"itemListElement\":[{\"@type\":\"ListItem\",\"position\":1,\"name\":\"Accueil\",\"item\":\"https:\\\/\\\/swissvapeur.ch\\\/de\\\/\"},{\"@type\":\"ListItem\",\"position\":2,\"name\":\"Schloss Aigle\"}]},{\"@type\":\"WebSite\",\"@id\":\"https:\\\/\\\/swissvapeur.ch\\\/de\\\/#website\",\"url\":\"https:\\\/\\\/swissvapeur.ch\\\/de\\\/\",\"name\":\"Swiss Vapeur Parc\",\"description\":\"Des petits trains presque comme les grands\",\"potentialAction\":[{\"@type\":\"SearchAction\",\"target\":{\"@type\":\"EntryPoint\",\"urlTemplate\":\"https:\\\/\\\/swissvapeur.ch\\\/de\\\/?s={search_term_string}\"},\"query-input\":{\"@type\":\"PropertyValueSpecification\",\"valueRequired\":true,\"valueName\":\"search_term_string\"}}],\"inLanguage\":\"de\"}]}<\/script>\n<!-- \/ Yoast SEO plugin. -->","yoast_head_json":{"title":"Schloss Aigle - Swiss Vapeur Parc","robots":{"index":"index","follow":"follow","max-snippet":"max-snippet:-1","max-image-preview":"max-image-preview:large","max-video-preview":"max-video-preview:-1"},"canonical":"https:\/\/swissvapeur.ch\/de\/schloss-aigle\/","og_locale":"de_DE","og_type":"article","og_title":"Schloss Aigle - Swiss Vapeur Parc","og_description":"Schloss Aigle Aigle (Vaud) | 12. Jahrhundert Erbaut Ende des XII e Jahrhunderts von der Familie Saillon f\u00fcr das Haus Savoien ersetzt das Schloss eine fr\u00fchere Konstruktion. R\u00f6mische \u00dcberreste zeugen von der Bedeutung der Weinberge in der Umgebung. Zu Beginn bescheiden, bestand die Burg im Wesentlichen aus einem quadratischen Turm, [&hellip;]","og_url":"https:\/\/swissvapeur.ch\/de\/schloss-aigle\/","og_site_name":"Swiss Vapeur Parc","article_modified_time":"2023-06-14T06:54:33+00:00","twitter_card":"summary_large_image","twitter_misc":{"Gesch\u00e4tzte Lesezeit":"3\u00a0Minuten"},"schema":{"@context":"https:\/\/schema.org","@graph":[{"@type":"WebPage","@id":"https:\/\/swissvapeur.ch\/de\/schloss-aigle\/","url":"https:\/\/swissvapeur.ch\/de\/schloss-aigle\/","name":"Schloss Aigle - Swiss Vapeur Parc","isPartOf":{"@id":"https:\/\/swissvapeur.ch\/de\/#website"},"datePublished":"2023-06-14T06:54:31+00:00","dateModified":"2023-06-14T06:54:33+00:00","breadcrumb":{"@id":"https:\/\/swissvapeur.ch\/de\/schloss-aigle\/#breadcrumb"},"inLanguage":"de","potentialAction":[{"@type":"ReadAction","target":["https:\/\/swissvapeur.ch\/de\/schloss-aigle\/"]}]},{"@type":"BreadcrumbList","@id":"https:\/\/swissvapeur.ch\/de\/schloss-aigle\/#breadcrumb","itemListElement":[{"@type":"ListItem","position":1,"name":"Accueil","item":"https:\/\/swissvapeur.ch\/de\/"},{"@type":"ListItem","position":2,"name":"Schloss Aigle"}]},{"@type":"WebSite","@id":"https:\/\/swissvapeur.ch\/de\/#website","url":"https:\/\/swissvapeur.ch\/de\/","name":"Swiss Vapeur Parc","description":"Des petits trains presque comme les grands","potentialAction":[{"@type":"SearchAction","target":{"@type":"EntryPoint","urlTemplate":"https:\/\/swissvapeur.ch\/de\/?s={search_term_string}"},"query-input":{"@type":"PropertyValueSpecification","valueRequired":true,"valueName":"search_term_string"}}],"inLanguage":"de"}]}},"_links":{"self":[{"href":"https:\/\/swissvapeur.ch\/de\/wp-json\/wp\/v2\/pages\/9975","targetHints":{"allow":["GET"]}}],"collection":[{"href":"https:\/\/swissvapeur.ch\/de\/wp-json\/wp\/v2\/pages"}],"about":[{"href":"https:\/\/swissvapeur.ch\/de\/wp-json\/wp\/v2\/types\/page"}],"author":[{"embeddable":true,"href":"https:\/\/swissvapeur.ch\/de\/wp-json\/wp\/v2\/users\/4"}],"replies":[{"embeddable":true,"href":"https:\/\/swissvapeur.ch\/de\/wp-json\/wp\/v2\/comments?post=9975"}],"version-history":[{"count":2,"href":"https:\/\/swissvapeur.ch\/de\/wp-json\/wp\/v2\/pages\/9975\/revisions"}],"predecessor-version":[{"id":9979,"href":"https:\/\/swissvapeur.ch\/de\/wp-json\/wp\/v2\/pages\/9975\/revisions\/9979"}],"wp:attachment":[{"href":"https:\/\/swissvapeur.ch\/de\/wp-json\/wp\/v2\/media?parent=9975"}],"curies":[{"name":"wp","href":"https:\/\/api.w.org\/{rel}","templated":true}]}}