{"id":9960,"date":"2023-06-12T20:11:28","date_gmt":"2023-06-12T18:11:28","guid":{"rendered":"https:\/\/swissvapeur.ch\/le-kuklos\/"},"modified":"2023-06-12T20:34:06","modified_gmt":"2023-06-12T18:34:06","slug":"le-kuklos","status":"publish","type":"page","link":"https:\/\/swissvapeur.ch\/de\/le-kuklos\/","title":{"rendered":"Le Kuklos"},"content":{"rendered":"\n\n[et_pb_section fb_built=&#8220;1&#8243; fullwidth=&#8220;on&#8220; _builder_version=&#8220;4.7.7&#8243; _module_preset=&#8220;default&#8220;][et_pb_fullwidth_image src=&#8220;https:\/\/swissvapeur.ch\/wp-content\/uploads\/2020\/12\/img1_kuklos.jpg&#8220; title_text=&#8220;img1_kuklos&#8220; _builder_version=&#8220;4.7.7&#8243; _module_preset=&#8220;default&#8220;][\/et_pb_fullwidth_image][\/et_pb_section][et_pb_section fb_built=&#8220;1&#8243; _builder_version=&#8220;4.7.7&#8243; _module_preset=&#8220;default&#8220; custom_padding=&#8220;||0px|||&#8220;][et_pb_row _builder_version=&#8220;4.7.7&#8243; _module_preset=&#8220;default&#8220;][et_pb_column type=&#8220;4_4&#8243; _builder_version=&#8220;4.7.7&#8243; _module_preset=&#8220;default&#8220;][et_pb_text _builder_version=&#8220;4.7.7&#8243; _module_preset=&#8220;default&#8220; custom_margin=&#8220;||4px|||&#8220; custom_padding=&#8220;||26px|||&#8220;]<h1 style=\"text-align: left;\"><strong>Kuklos, Drehrestaurant<br> <\/strong><\/h1>\n<h4 style=\"text-align: left;\"><em>Leysin (Vaud) | 1989<br> <\/em><\/h4>\n<p>Das 1989 auf 2048 Metern erbaute Geb\u00e4ude mit Glasfassade in La Berneuse beherbergt das erste drehbare Panoramarestaurant der Alpen nach dem Schilthorn und dem Mittelalallin. Sein Name, Kuklos, erinnert im Griechischen an einen Kreis.<\/p>\n<p>Die G\u00e4ste sitzen bequem in einem Raum, der sich in anderthalb Stunden um die eigene Achse dreht, und betrachten die ber\u00fchmtesten Gipfel der Alpen durch die riesigen Glasfenster, die sie von allen Seiten umgeben und das Skigebiet von Leysin \u00fcberblicken.<\/p>\n<p><strong>Degustation in luftiger H\u00f6he im Kuklos<br><\/strong> Ein unvergessliches Erlebnis von der Vorspeise bis zum Dessert. Das Kuklos bietet eine Speisekarte f\u00fcr jeden Geschmack und jeden Geldbeutel, w\u00e4hrend der Mont-Blanc, der Eiger, der M\u00f6nch, die Tours-d&#8217;A\u00ef und die Dents-du-Midi abwechselnd ihre glitzernden Gipfel vor den staunenden Augen der Feinschmecker enth\u00fcllen. Haben Sie Angst, dass Ihnen schwindelig wird? &#8222;Bei diesem Panorama unm\u00f6glich!&#8220;, so Pascal Brugger, der den Kuklos seit 2013 leitet.  Die Hits auf der Speisekarte; eine raffinierte K\u00fcche, in der die Speisen mit frischen und lokalen Produkten zubereitet werden.<\/p>\n<p><strong>Erneuerbare Energien und Polar-Mode <br><\/strong> Der Kuklos passt sich der Zeit an. Er verf\u00fcgt \u00fcber acht thermische Solarzellen, mit denen er Warmwasser herstellen kann. Im Sommer k\u00f6nnen Sie diese erneuerbaren Energien sogar auf einem Lehrpfad entdecken. Im Winter bietet der Kuklos auch einen Selbstbedienungsladen f\u00fcr die besonders eifrigen Schneesportler.<\/p>\n<p><strong>Bar 2&#8217;048<\/strong><br>Eine herrliche Panoramaterrasse erwartet Sie f\u00fcr einen Aperitif oder einfach nur, um Ihre Mahlzeit aus dem angrenzenden Selbstbedienungsrestaurant zu genie\u00dfen.<\/p>[\/et_pb_text][\/et_pb_column][\/et_pb_row][et_pb_row column_structure=&#8220;1_3,1_3,1_3&#8243; _builder_version=&#8220;4.7.7&#8243; _module_preset=&#8220;default&#8220; custom_margin=&#8220;|auto|30px|auto||&#8220;][et_pb_column type=&#8220;1_3&#8243; _builder_version=&#8220;4.7.7&#8243; _module_preset=&#8220;default&#8220;][et_pb_image src=&#8220;https:\/\/swissvapeur.ch\/wp-content\/uploads\/2020\/12\/img3_kuklos.jpg&#8220; title_text=&#8220;img3_kuklos&#8220; _builder_version=&#8220;4.7.7&#8243; _module_preset=&#8220;default&#8220;][\/et_pb_image][et_pb_image src=&#8220;https:\/\/swissvapeur.ch\/wp-content\/uploads\/2020\/12\/img5_kuklos.jpeg&#8220; title_text=&#8220;img5_kuklos&#8220; _builder_version=&#8220;4.7.7&#8243; _module_preset=&#8220;default&#8220;][\/et_pb_image][\/et_pb_column][et_pb_column type=&#8220;1_3&#8243; _builder_version=&#8220;4.7.7&#8243; _module_preset=&#8220;default&#8220;][et_pb_video src=&#8220;https:\/\/static.mycity.travel\/manage\/uploads\/6\/28\/48663\/661bce2b3ea88905cab2f0fbce25f8e7abdf60b8.mp4&#8243; _builder_version=&#8220;4.7.7&#8243; _module_preset=&#8220;default&#8220;][\/et_pb_video][\/et_pb_column][et_pb_column type=&#8220;1_3&#8243; _builder_version=&#8220;4.7.7&#8243; _module_preset=&#8220;default&#8220;][et_pb_text _builder_version=&#8220;4.7.7&#8243; _module_preset=&#8220;default&#8220;]<p>Source: <a href=\"https:\/\/chateauaigle.ch\/https:\/\/www.tele-leysin-mosses.ch\/RESTAURANT-PANORAMIQUE-LE-KUKLOS-LEYSIN\">www.tele-leysin-mosses.ch<\/a><\/p>[\/et_pb_text][\/et_pb_column][\/et_pb_row][et_pb_row _builder_version=&#8220;4.9.0&#8243; _module_preset=&#8220;default&#8220; width=&#8220;100%&#8220; global_module=&#8220;7765&#8243;][et_pb_column type=&#8220;4_4&#8243; _builder_version=&#8220;4.9.0&#8243; _module_preset=&#8220;default&#8220;][et_pb_image src=&#8220;https:\/\/swissvapeur.ch\/wp-content\/uploads\/2021\/02\/Capture-de\u0301cran-2021-02-25-a\u0300-09.56.01.png&#8220; title_text=&#8220;Capture d\u2019e\u0301cran 2021-02-25 a\u0300 09.56.01&#8243; _builder_version=&#8220;4.9.0&#8243; _module_preset=&#8220;default&#8220;][\/et_pb_image][\/et_pb_column][\/et_pb_row][\/et_pb_section]\n\n","protected":false},"excerpt":{"rendered":"<p>Kuklos, Drehrestaurant Leysin (Vaud) | 1989 Das 1989 auf 2048 Metern erbaute Geb\u00e4ude mit Glasfassade in La Berneuse beherbergt das erste drehbare Panoramarestaurant der Alpen nach dem Schilthorn und dem Mittelalallin. Sein Name, Kuklos, erinnert im Griechischen an einen Kreis. Die G\u00e4ste sitzen bequem in einem Raum, der sich in [&hellip;]<\/p>\n","protected":false},"author":4,"featured_media":0,"parent":0,"menu_order":0,"comment_status":"closed","ping_status":"closed","template":"","meta":{"_et_pb_use_builder":"on","_et_pb_old_content":"","_et_gb_content_width":"","footnotes":""},"class_list":["post-9960","page","type-page","status-publish","hentry"],"yoast_head":"<!-- This site is optimized with the Yoast SEO plugin v26.7 - https:\/\/yoast.com\/wordpress\/plugins\/seo\/ -->\n<title>Le Kuklos - Swiss Vapeur Parc<\/title>\n<meta name=\"robots\" content=\"index, follow, max-snippet:-1, max-image-preview:large, max-video-preview:-1\" \/>\n<link rel=\"canonical\" href=\"https:\/\/swissvapeur.ch\/de\/le-kuklos\/\" \/>\n<meta property=\"og:locale\" content=\"de_DE\" \/>\n<meta property=\"og:type\" content=\"article\" \/>\n<meta property=\"og:title\" content=\"Le Kuklos - Swiss Vapeur Parc\" \/>\n<meta property=\"og:description\" content=\"Kuklos, Drehrestaurant Leysin (Vaud) | 1989 Das 1989 auf 2048 Metern erbaute Geb\u00e4ude mit Glasfassade in La Berneuse beherbergt das erste drehbare Panoramarestaurant der Alpen nach dem Schilthorn und dem Mittelalallin. Sein Name, Kuklos, erinnert im Griechischen an einen Kreis. Die G\u00e4ste sitzen bequem in einem Raum, der sich in [&hellip;]\" \/>\n<meta property=\"og:url\" content=\"https:\/\/swissvapeur.ch\/de\/le-kuklos\/\" \/>\n<meta property=\"og:site_name\" content=\"Swiss Vapeur Parc\" \/>\n<meta property=\"article:modified_time\" content=\"2023-06-12T18:34:06+00:00\" \/>\n<meta name=\"twitter:card\" content=\"summary_large_image\" \/>\n<meta name=\"twitter:label1\" content=\"Gesch\u00e4tzte Lesezeit\" \/>\n\t<meta name=\"twitter:data1\" content=\"3\u00a0Minuten\" \/>\n<script type=\"application\/ld+json\" class=\"yoast-schema-graph\">{\"@context\":\"https:\/\/schema.org\",\"@graph\":[{\"@type\":\"WebPage\",\"@id\":\"https:\/\/swissvapeur.ch\/de\/le-kuklos\/\",\"url\":\"https:\/\/swissvapeur.ch\/de\/le-kuklos\/\",\"name\":\"Le Kuklos - Swiss Vapeur Parc\",\"isPartOf\":{\"@id\":\"https:\/\/swissvapeur.ch\/de\/#website\"},\"datePublished\":\"2023-06-12T18:11:28+00:00\",\"dateModified\":\"2023-06-12T18:34:06+00:00\",\"breadcrumb\":{\"@id\":\"https:\/\/swissvapeur.ch\/de\/le-kuklos\/#breadcrumb\"},\"inLanguage\":\"de\",\"potentialAction\":[{\"@type\":\"ReadAction\",\"target\":[\"https:\/\/swissvapeur.ch\/de\/le-kuklos\/\"]}]},{\"@type\":\"BreadcrumbList\",\"@id\":\"https:\/\/swissvapeur.ch\/de\/le-kuklos\/#breadcrumb\",\"itemListElement\":[{\"@type\":\"ListItem\",\"position\":1,\"name\":\"Accueil\",\"item\":\"https:\/\/swissvapeur.ch\/de\/\"},{\"@type\":\"ListItem\",\"position\":2,\"name\":\"Le Kuklos\"}]},{\"@type\":\"WebSite\",\"@id\":\"https:\/\/swissvapeur.ch\/de\/#website\",\"url\":\"https:\/\/swissvapeur.ch\/de\/\",\"name\":\"Swiss Vapeur Parc\",\"description\":\"Des petits trains presque comme les grands\",\"potentialAction\":[{\"@type\":\"SearchAction\",\"target\":{\"@type\":\"EntryPoint\",\"urlTemplate\":\"https:\/\/swissvapeur.ch\/de\/?s={search_term_string}\"},\"query-input\":{\"@type\":\"PropertyValueSpecification\",\"valueRequired\":true,\"valueName\":\"search_term_string\"}}],\"inLanguage\":\"de\"}]}<\/script>\n<!-- \/ Yoast SEO plugin. -->","yoast_head_json":{"title":"Le Kuklos - Swiss Vapeur Parc","robots":{"index":"index","follow":"follow","max-snippet":"max-snippet:-1","max-image-preview":"max-image-preview:large","max-video-preview":"max-video-preview:-1"},"canonical":"https:\/\/swissvapeur.ch\/de\/le-kuklos\/","og_locale":"de_DE","og_type":"article","og_title":"Le Kuklos - Swiss Vapeur Parc","og_description":"Kuklos, Drehrestaurant Leysin (Vaud) | 1989 Das 1989 auf 2048 Metern erbaute Geb\u00e4ude mit Glasfassade in La Berneuse beherbergt das erste drehbare Panoramarestaurant der Alpen nach dem Schilthorn und dem Mittelalallin. Sein Name, Kuklos, erinnert im Griechischen an einen Kreis. Die G\u00e4ste sitzen bequem in einem Raum, der sich in [&hellip;]","og_url":"https:\/\/swissvapeur.ch\/de\/le-kuklos\/","og_site_name":"Swiss Vapeur Parc","article_modified_time":"2023-06-12T18:34:06+00:00","twitter_card":"summary_large_image","twitter_misc":{"Gesch\u00e4tzte Lesezeit":"3\u00a0Minuten"},"schema":{"@context":"https:\/\/schema.org","@graph":[{"@type":"WebPage","@id":"https:\/\/swissvapeur.ch\/de\/le-kuklos\/","url":"https:\/\/swissvapeur.ch\/de\/le-kuklos\/","name":"Le Kuklos - Swiss Vapeur Parc","isPartOf":{"@id":"https:\/\/swissvapeur.ch\/de\/#website"},"datePublished":"2023-06-12T18:11:28+00:00","dateModified":"2023-06-12T18:34:06+00:00","breadcrumb":{"@id":"https:\/\/swissvapeur.ch\/de\/le-kuklos\/#breadcrumb"},"inLanguage":"de","potentialAction":[{"@type":"ReadAction","target":["https:\/\/swissvapeur.ch\/de\/le-kuklos\/"]}]},{"@type":"BreadcrumbList","@id":"https:\/\/swissvapeur.ch\/de\/le-kuklos\/#breadcrumb","itemListElement":[{"@type":"ListItem","position":1,"name":"Accueil","item":"https:\/\/swissvapeur.ch\/de\/"},{"@type":"ListItem","position":2,"name":"Le Kuklos"}]},{"@type":"WebSite","@id":"https:\/\/swissvapeur.ch\/de\/#website","url":"https:\/\/swissvapeur.ch\/de\/","name":"Swiss Vapeur Parc","description":"Des petits trains presque comme les grands","potentialAction":[{"@type":"SearchAction","target":{"@type":"EntryPoint","urlTemplate":"https:\/\/swissvapeur.ch\/de\/?s={search_term_string}"},"query-input":{"@type":"PropertyValueSpecification","valueRequired":true,"valueName":"search_term_string"}}],"inLanguage":"de"}]}},"_links":{"self":[{"href":"https:\/\/swissvapeur.ch\/de\/wp-json\/wp\/v2\/pages\/9960","targetHints":{"allow":["GET"]}}],"collection":[{"href":"https:\/\/swissvapeur.ch\/de\/wp-json\/wp\/v2\/pages"}],"about":[{"href":"https:\/\/swissvapeur.ch\/de\/wp-json\/wp\/v2\/types\/page"}],"author":[{"embeddable":true,"href":"https:\/\/swissvapeur.ch\/de\/wp-json\/wp\/v2\/users\/4"}],"replies":[{"embeddable":true,"href":"https:\/\/swissvapeur.ch\/de\/wp-json\/wp\/v2\/comments?post=9960"}],"version-history":[{"count":5,"href":"https:\/\/swissvapeur.ch\/de\/wp-json\/wp\/v2\/pages\/9960\/revisions"}],"predecessor-version":[{"id":9967,"href":"https:\/\/swissvapeur.ch\/de\/wp-json\/wp\/v2\/pages\/9960\/revisions\/9967"}],"wp:attachment":[{"href":"https:\/\/swissvapeur.ch\/de\/wp-json\/wp\/v2\/media?parent=9960"}],"curies":[{"name":"wp","href":"https:\/\/api.w.org\/{rel}","templated":true}]}}