{"id":9909,"date":"2023-06-11T10:37:56","date_gmt":"2023-06-11T08:37:56","guid":{"rendered":"https:\/\/swissvapeur.ch\/gebaeude-haengebruecke\/"},"modified":"2023-07-04T20:59:06","modified_gmt":"2023-07-04T18:59:06","slug":"gebaeude-haengebruecke","status":"publish","type":"page","link":"https:\/\/swissvapeur.ch\/de\/gebaeude-haengebruecke\/","title":{"rendered":"Geb\u00e4ude, H\u00e4ngebr\u00fccke"},"content":{"rendered":"<p>[et_pb_section fb_built=&#8220;1&#8243; fullwidth=&#8220;on&#8220; _builder_version=&#8220;4.7.7&#8243; _module_preset=&#8220;default&#8220; global_colors_info=&#8220;{}&#8220;][et_pb_fullwidth_image src=&#8220;https:\/\/swissvapeur.ch\/wp-content\/uploads\/2021\/08\/George_Washington_Bridge_HAER_NY-129-8-scaled.jpg&#8220; title_text=&#8220;George_Washington_Bridge._HAER_NY-129-8&#8243; _builder_version=&#8220;4.9.10&#8243; _module_preset=&#8220;default&#8220; global_colors_info=&#8220;{}&#8220;][\/et_pb_fullwidth_image][\/et_pb_section][et_pb_section fb_built=&#8220;1&#8243; _builder_version=&#8220;4.7.7&#8243; _module_preset=&#8220;default&#8220; min_height=&#8220;1110.9px&#8220; custom_padding=&#8220;||0px|||&#8220; global_colors_info=&#8220;{}&#8220;][et_pb_row _builder_version=&#8220;4.7.7&#8243; _module_preset=&#8220;default&#8220; global_colors_info=&#8220;{}&#8220;][et_pb_column type=&#8220;4_4&#8243; _builder_version=&#8220;4.7.7&#8243; _module_preset=&#8220;default&#8220; global_colors_info=&#8220;{}&#8220;][et_pb_text _builder_version=&#8220;4.10.7&#8243; _module_preset=&#8220;default&#8220; custom_margin=&#8220;||4px|||&#8220; custom_padding=&#8220;||19px|||&#8220; hover_enabled=&#8220;0&#8243; global_colors_info=&#8220;{}&#8220; sticky_enabled=&#8220;0&#8243;]<\/p>\n<h1>Freddy Grimm H\u00e4ngebr\u00fccke<\/h1>\n<h4>New York (USA) | 1927<\/h4>\n<p>Die Freddy-Grimm-H\u00e4ngebr\u00fccke ist eine Nachbildung der George-Washington-Br\u00fccke in den USA. Diese Br\u00fccke ist in Wirklichkeit eine Stra\u00dfe. Sie \u00fcberquert den Hudson River zwischen New York City und Fort Lee. Sie gilt als eine der meistgenutzten Br\u00fccken von Autofahrern der Welt. Diese Br\u00fccke ist die viertgr\u00f6\u00dfte H\u00e4ngebr\u00fccke in den Vereinigten Staaten. Die George Washington Bridge ist zweistufig: Die h\u00f6chste hat vier Fahrspuren f\u00fcr den Gegenverkehr und die niedrigste hat drei Fahrspuren f\u00fcr den Gegenverkehr, wodurch sich die Anzahl der Fahrspuren auf vierzehn erh\u00f6ht. Die Br\u00fccke hat auch zwei Wege auf jeder Seite, die f\u00fcr Fu\u00dfg\u00e4nger reserviert sind. Die Geschwindigkeitsbegrenzung auf der Br\u00fccke betr\u00e4gt <span title=\"20.116 8 m\/s oder 72.420 48 km\/h\">45<\/span> <abbr title=\"Meile pro Stunde\">mph<\/abbr> oder <span title=\"19.444 46 m\/s\">70<\/span> <abbr title=\"Kilometer pro Stunde\">km\/h<\/abbr> , obwohl schwierige Verkehrsbedingungen eine solche Geschwindigkeit selten zulassen.<\/p>\n<p>[\/et_pb_text][et_pb_image src=&#8220;https:\/\/swissvapeur.ch\/wp-content\/uploads\/2021\/08\/george-washington-bridge-300&#215;229-1.jpg&#8220; title_text=&#8220;george-washington-br\u00fccke-300&#215;229&#8243; _builder_version=&#8220;4.9.10&#8243; _module_preset=&#8220;default&#8220; global_colors_info=&#8220;{}&#8220;][\/et_pb_image][et_pb_text _builder_version=&#8220;4.9.10&#8243; _module_preset=&#8220;default&#8220; global_colors_info=&#8220;{}&#8220;]<\/p>\n<p>Der Bau der Br\u00fccke begann 1927 auf der Grundlage eines Projekts der Port of New York Authority. Der Schweizer Ingenieur Othmar Ammann leitete den Bau. Die Br\u00fccke wurde am 24. Oktober 1931<time datetime=\"1931-10-24\" data-sort-value=\"1931-10-24\"><\/time> eingeweiht und am n\u00e4chsten Tag f\u00fcr den Verkehr freigegeben. Urspr\u00fcnglich hie\u00df sie Hudson River Bridge, bevor sie zu Ehren von George Washington, dem ersten Pr\u00e4sidenten der Vereinigten Staaten, benannt wurde.<\/p>\n<p>[\/et_pb_text][et_pb_text _builder_version=&#8220;4.9.10&#8243; _module_preset=&#8220;default&#8220; global_colors_info=&#8220;{}&#8220;]<\/p>\n<p>Quelle: Wikipedia<\/p>\n<p>[\/et_pb_text][\/et_pb_column][\/et_pb_row][et_pb_row _builder_version=&#8220;4.9.0&#8243; _module_preset=&#8220;default&#8220; width=&#8220;100%&#8220; global_module=&#8220;7765&#8243; global_colors_info=&#8220;{}&#8220;][et_pb_column type=&#8220;4_4&#8243; _builder_version=&#8220;4.9.0&#8243; _module_preset=&#8220;default&#8220; global_colors_info=&#8220;{}&#8220;][et_pb_image src=&#8220;https:\/\/swissvapeur.ch\/wp-content\/uploads\/2021\/02\/Capture-de\u0301cran-2021-02-25-a\u0300-09.56.01.png&#8220; title_text=&#8220;Bildschirmfoto 2021-02-25 a\u0300 09.56.01&#8243; _builder_version=&#8220;4.9.0&#8243; _module_preset=&#8220;default&#8220; global_colors_info=&#8220;{}&#8220;][\/et_pb_image][\/et_pb_column][\/et_pb_row][\/et_pb_section]<\/p>\n","protected":false},"excerpt":{"rendered":"<p>Freddy Grimm H\u00e4ngebr\u00fccke New York (USA) | 1927 Die Freddy-Grimm-H\u00e4ngebr\u00fccke ist eine Nachbildung der George-Washington-Br\u00fccke in den USA. Diese Br\u00fccke ist in Wirklichkeit eine Stra\u00dfe. Sie \u00fcberquert den Hudson River zwischen New York City und Fort Lee. Sie gilt als eine der meistgenutzten Br\u00fccken von Autofahrern der Welt. Diese Br\u00fccke [&hellip;]<\/p>\n","protected":false},"author":4,"featured_media":0,"parent":0,"menu_order":0,"comment_status":"closed","ping_status":"closed","template":"","meta":{"_et_pb_use_builder":"on","_et_pb_old_content":"","_et_gb_content_width":"","footnotes":""},"class_list":["post-9909","page","type-page","status-publish","hentry"],"yoast_head":"<!-- This site is optimized with the Yoast SEO plugin v27.3 - https:\/\/yoast.com\/product\/yoast-seo-wordpress\/ -->\n<title>Geb\u00e4ude, H\u00e4ngebr\u00fccke - Swiss Vapeur Parc<\/title>\n<meta name=\"robots\" content=\"index, follow, max-snippet:-1, max-image-preview:large, max-video-preview:-1\" \/>\n<link rel=\"canonical\" href=\"https:\/\/swissvapeur.ch\/de\/gebaeude-haengebruecke\/\" \/>\n<meta property=\"og:locale\" content=\"de_DE\" \/>\n<meta property=\"og:type\" content=\"article\" \/>\n<meta property=\"og:title\" content=\"Geb\u00e4ude, H\u00e4ngebr\u00fccke - Swiss Vapeur Parc\" \/>\n<meta property=\"og:description\" content=\"Freddy Grimm H\u00e4ngebr\u00fccke New York (USA) | 1927 Die Freddy-Grimm-H\u00e4ngebr\u00fccke ist eine Nachbildung der George-Washington-Br\u00fccke in den USA. Diese Br\u00fccke ist in Wirklichkeit eine Stra\u00dfe. Sie \u00fcberquert den Hudson River zwischen New York City und Fort Lee. Sie gilt als eine der meistgenutzten Br\u00fccken von Autofahrern der Welt. Diese Br\u00fccke [&hellip;]\" \/>\n<meta property=\"og:url\" content=\"https:\/\/swissvapeur.ch\/de\/gebaeude-haengebruecke\/\" \/>\n<meta property=\"og:site_name\" content=\"Swiss Vapeur Parc\" \/>\n<meta property=\"article:modified_time\" content=\"2023-07-04T18:59:06+00:00\" \/>\n<meta name=\"twitter:card\" content=\"summary_large_image\" \/>\n<meta name=\"twitter:label1\" content=\"Gesch\u00e4tzte Lesezeit\" \/>\n\t<meta name=\"twitter:data1\" content=\"2\u00a0Minuten\" \/>\n<script type=\"application\/ld+json\" class=\"yoast-schema-graph\">{\"@context\":\"https:\\\/\\\/schema.org\",\"@graph\":[{\"@type\":\"WebPage\",\"@id\":\"https:\\\/\\\/swissvapeur.ch\\\/de\\\/gebaeude-haengebruecke\\\/\",\"url\":\"https:\\\/\\\/swissvapeur.ch\\\/de\\\/gebaeude-haengebruecke\\\/\",\"name\":\"Geb\u00e4ude, H\u00e4ngebr\u00fccke - Swiss Vapeur Parc\",\"isPartOf\":{\"@id\":\"https:\\\/\\\/swissvapeur.ch\\\/de\\\/#website\"},\"datePublished\":\"2023-06-11T08:37:56+00:00\",\"dateModified\":\"2023-07-04T18:59:06+00:00\",\"breadcrumb\":{\"@id\":\"https:\\\/\\\/swissvapeur.ch\\\/de\\\/gebaeude-haengebruecke\\\/#breadcrumb\"},\"inLanguage\":\"de\",\"potentialAction\":[{\"@type\":\"ReadAction\",\"target\":[\"https:\\\/\\\/swissvapeur.ch\\\/de\\\/gebaeude-haengebruecke\\\/\"]}]},{\"@type\":\"BreadcrumbList\",\"@id\":\"https:\\\/\\\/swissvapeur.ch\\\/de\\\/gebaeude-haengebruecke\\\/#breadcrumb\",\"itemListElement\":[{\"@type\":\"ListItem\",\"position\":1,\"name\":\"Accueil\",\"item\":\"https:\\\/\\\/swissvapeur.ch\\\/de\\\/\"},{\"@type\":\"ListItem\",\"position\":2,\"name\":\"Geb\u00e4ude, H\u00e4ngebr\u00fccke\"}]},{\"@type\":\"WebSite\",\"@id\":\"https:\\\/\\\/swissvapeur.ch\\\/de\\\/#website\",\"url\":\"https:\\\/\\\/swissvapeur.ch\\\/de\\\/\",\"name\":\"Swiss Vapeur Parc\",\"description\":\"Des petits trains presque comme les grands\",\"potentialAction\":[{\"@type\":\"SearchAction\",\"target\":{\"@type\":\"EntryPoint\",\"urlTemplate\":\"https:\\\/\\\/swissvapeur.ch\\\/de\\\/?s={search_term_string}\"},\"query-input\":{\"@type\":\"PropertyValueSpecification\",\"valueRequired\":true,\"valueName\":\"search_term_string\"}}],\"inLanguage\":\"de\"}]}<\/script>\n<!-- \/ Yoast SEO plugin. -->","yoast_head_json":{"title":"Geb\u00e4ude, H\u00e4ngebr\u00fccke - Swiss Vapeur Parc","robots":{"index":"index","follow":"follow","max-snippet":"max-snippet:-1","max-image-preview":"max-image-preview:large","max-video-preview":"max-video-preview:-1"},"canonical":"https:\/\/swissvapeur.ch\/de\/gebaeude-haengebruecke\/","og_locale":"de_DE","og_type":"article","og_title":"Geb\u00e4ude, H\u00e4ngebr\u00fccke - Swiss Vapeur Parc","og_description":"Freddy Grimm H\u00e4ngebr\u00fccke New York (USA) | 1927 Die Freddy-Grimm-H\u00e4ngebr\u00fccke ist eine Nachbildung der George-Washington-Br\u00fccke in den USA. Diese Br\u00fccke ist in Wirklichkeit eine Stra\u00dfe. Sie \u00fcberquert den Hudson River zwischen New York City und Fort Lee. Sie gilt als eine der meistgenutzten Br\u00fccken von Autofahrern der Welt. Diese Br\u00fccke [&hellip;]","og_url":"https:\/\/swissvapeur.ch\/de\/gebaeude-haengebruecke\/","og_site_name":"Swiss Vapeur Parc","article_modified_time":"2023-07-04T18:59:06+00:00","twitter_card":"summary_large_image","twitter_misc":{"Gesch\u00e4tzte Lesezeit":"2\u00a0Minuten"},"schema":{"@context":"https:\/\/schema.org","@graph":[{"@type":"WebPage","@id":"https:\/\/swissvapeur.ch\/de\/gebaeude-haengebruecke\/","url":"https:\/\/swissvapeur.ch\/de\/gebaeude-haengebruecke\/","name":"Geb\u00e4ude, H\u00e4ngebr\u00fccke - Swiss Vapeur Parc","isPartOf":{"@id":"https:\/\/swissvapeur.ch\/de\/#website"},"datePublished":"2023-06-11T08:37:56+00:00","dateModified":"2023-07-04T18:59:06+00:00","breadcrumb":{"@id":"https:\/\/swissvapeur.ch\/de\/gebaeude-haengebruecke\/#breadcrumb"},"inLanguage":"de","potentialAction":[{"@type":"ReadAction","target":["https:\/\/swissvapeur.ch\/de\/gebaeude-haengebruecke\/"]}]},{"@type":"BreadcrumbList","@id":"https:\/\/swissvapeur.ch\/de\/gebaeude-haengebruecke\/#breadcrumb","itemListElement":[{"@type":"ListItem","position":1,"name":"Accueil","item":"https:\/\/swissvapeur.ch\/de\/"},{"@type":"ListItem","position":2,"name":"Geb\u00e4ude, H\u00e4ngebr\u00fccke"}]},{"@type":"WebSite","@id":"https:\/\/swissvapeur.ch\/de\/#website","url":"https:\/\/swissvapeur.ch\/de\/","name":"Swiss Vapeur Parc","description":"Des petits trains presque comme les grands","potentialAction":[{"@type":"SearchAction","target":{"@type":"EntryPoint","urlTemplate":"https:\/\/swissvapeur.ch\/de\/?s={search_term_string}"},"query-input":{"@type":"PropertyValueSpecification","valueRequired":true,"valueName":"search_term_string"}}],"inLanguage":"de"}]}},"_links":{"self":[{"href":"https:\/\/swissvapeur.ch\/de\/wp-json\/wp\/v2\/pages\/9909","targetHints":{"allow":["GET"]}}],"collection":[{"href":"https:\/\/swissvapeur.ch\/de\/wp-json\/wp\/v2\/pages"}],"about":[{"href":"https:\/\/swissvapeur.ch\/de\/wp-json\/wp\/v2\/types\/page"}],"author":[{"embeddable":true,"href":"https:\/\/swissvapeur.ch\/de\/wp-json\/wp\/v2\/users\/4"}],"replies":[{"embeddable":true,"href":"https:\/\/swissvapeur.ch\/de\/wp-json\/wp\/v2\/comments?post=9909"}],"version-history":[{"count":7,"href":"https:\/\/swissvapeur.ch\/de\/wp-json\/wp\/v2\/pages\/9909\/revisions"}],"predecessor-version":[{"id":10032,"href":"https:\/\/swissvapeur.ch\/de\/wp-json\/wp\/v2\/pages\/9909\/revisions\/10032"}],"wp:attachment":[{"href":"https:\/\/swissvapeur.ch\/de\/wp-json\/wp\/v2\/media?parent=9909"}],"curies":[{"name":"wp","href":"https:\/\/api.w.org\/{rel}","templated":true}]}}