{"id":6824,"date":"2020-07-06T10:48:11","date_gmt":"2020-07-06T08:48:11","guid":{"rendered":"https:\/\/www.swissvapeur.ch\/gastronomie\/"},"modified":"2023-06-12T15:40:34","modified_gmt":"2023-06-12T13:40:34","slug":"gastronomie","status":"publish","type":"page","link":"https:\/\/swissvapeur.ch\/de\/mein-besuch\/gastronomie\/","title":{"rendered":"Gastronomie"},"content":{"rendered":"<p>[et_pb_section fb_built=&#8220;1&#8243; _builder_version=&#8220;3.22&#8243; custom_padding=&#8220;0|0px|50px|0px|false|false&#8220;][et_pb_row use_custom_gutter=&#8220;on&#8220; gutter_width=&#8220;1&#8243; module_class=&#8220; et_pb_row_fullwidth&#8220; _builder_version=&#8220;3.25&#8243; width=&#8220;100%&#8220; width_tablet=&#8220;100%&#8220; width_phone=&#8220;&#8220; width_last_edited=&#8220;on|desktop&#8220; max_width=&#8220;100%&#8220; max_width_tablet=&#8220;100%&#8220; max_width_phone=&#8220;&#8220; max_width_last_edited=&#8220;on|desktop&#8220; custom_padding=&#8220;0|0px|1px|0px|false|false&#8220; make_fullwidth=&#8220;on&#8220;][et_pb_column type=&#8220;4_4&#8243; _builder_version=&#8220;3.25&#8243; custom_padding=&#8220;|||&#8220; custom_padding__hover=&#8220;|||&#8220;][et_pb_slider show_pagination=&#8220;off&#8220; _builder_version=&#8220;3.19.11&#8243; header_font=&#8220;|700|||||||&#8220; header_font_size=&#8220;48px&#8220; header_line_height=&#8220;1.1em&#8220; body_font=&#8220;||||||||&#8220; animation_style=&#8220;fade&#8220; animation_duration=&#8220;0ms&#8220; auto=&#8220;on&#8220; hover_transition_duration=&#8220;200ms&#8220; header_text_shadow_style=&#8220;preset1&#8243; header_text_shadow_blur_strength=&#8220;0.06em&#8220;][et_pb_slide heading=&#8220;Gastronomie&#8220; use_bg_overlay=&#8220;on&#8220; use_text_overlay=&#8220;off&#8220; _builder_version=&#8220;3.18.7&#8243; body_font=&#8220;||||||||&#8220; background_image=&#8220;https:\/\/swissvapeur.ch\/wp-content\/uploads\/2019\/02\/banniere_restauration.jpg&#8220; text_orientation=&#8220;center&#8220; text_shadow_style=&#8220;preset1&#8243; inline_fonts=&#8220;Times New Roman&#8220; sticky_transition=&#8220;on&#8220;]<\/p>\n<p><span style=\"font-size: xx-large;\"><span style=\"font-family: Times New Roman;\"><em>3 gastronomische Einrichtungen f\u00fcr jeden Geschmack! <\/em><\/span><\/span><\/p>\n<p>[\/et_pb_slide][et_pb_slide heading=&#8220;QUALIT\u00c4TSPRODUKTE&#8220; use_bg_overlay=&#8220;on&#8220; use_text_overlay=&#8220;off&#8220; _builder_version=&#8220;3.18.7&#8243; body_font=&#8220;||||||||&#8220; background_image=&#8220;https:\/\/swissvapeur.ch\/wp-content\/uploads\/2019\/02\/banniere_restauration.jpg&#8220; text_orientation=&#8220;center&#8220; text_shadow_style=&#8220;preset1&#8243; inline_fonts=&#8220;Times New Roman&#8220; sticky_transition=&#8220;on&#8220;]<\/p>\n<p><span style=\"font-size: xx-large;\"><span style=\"font-family: Times New Roman;\"><em>Wir bieten lokale Produkte mit kurzen Produktionswegen an.<\/em><\/span><\/span><\/p>\n<p>&nbsp;<\/p>\n<h5><\/h5>\n<p>[\/et_pb_slide][\/et_pb_slider][\/et_pb_column][\/et_pb_row][\/et_pb_section][et_pb_section fb_built=&#8220;1&#8243; _builder_version=&#8220;3.22&#8243; custom_padding=&#8220;54px|0px|54px|0px|true|false&#8220;][et_pb_row column_structure=&#8220;1_3,1_3,1_3&#8243; _builder_version=&#8220;3.25&#8243; custom_padding=&#8220;0|0px|27px|0px|false|false&#8220;][et_pb_column type=&#8220;1_3&#8243; _builder_version=&#8220;3.25&#8243; custom_padding=&#8220;|||&#8220; custom_padding__hover=&#8220;|||&#8220;][et_pb_text _builder_version=&#8220;3.27.4&#8243;]<\/p>\n<h2 style=\"text-align: center;\">BAHNHOFSBUFFET<\/h2>\n<p>[\/et_pb_text][et_pb_image src=&#8220;https:\/\/swissvapeur.ch\/wp-content\/uploads\/2019\/01\/Buffet.jpg&#8220; align_tablet=&#8220;center&#8220; align_phone=&#8220;&#8220; align_last_edited=&#8220;on|desktop&#8220; _builder_version=&#8220;3.23&#8243;][\/et_pb_image][et_pb_text _builder_version=&#8220;3.27.4&#8243;]<\/p>\n<p style=\"text-align: justify;\">Das Bahnhofsbuffet <em>&#8222;Chez Marie&#8220;<\/em> ist die gastronomische Einrichtung, die im Swiss Vapeur Parc als Erste \u00f6ffnet. Sie k\u00f6nnen dort leckeres Eis und hausgemachte Waffeln genie\u00dfen. Das Bahnhofbuffet verf\u00fcgt \u00fcber zwei gro\u00dfe Terrassen mit einem atemberaubenden Blick auf den Hauptbahnhof des Parks.<\/p>\n<p style=\"text-align: justify;\">\n<p>[\/et_pb_text][\/et_pb_column][et_pb_column type=&#8220;1_3&#8243; _builder_version=&#8220;3.25&#8243; custom_padding=&#8220;|||&#8220; custom_padding__hover=&#8220;|||&#8220;][et_pb_text _builder_version=&#8220;3.27.4&#8243;]<\/p>\n<h2 style=\"text-align: center;\">DER SNACK <\/h2>\n<p>[\/et_pb_text][et_pb_image src=&#8220;https:\/\/swissvapeur.ch\/wp-content\/uploads\/2019\/01\/Buffet.jpg&#8220; align_tablet=&#8220;center&#8220; align_phone=&#8220;&#8220; align_last_edited=&#8220;on|desktop&#8220; _builder_version=&#8220;3.23&#8243;][\/et_pb_image][et_pb_text _builder_version=&#8220;3.27.4&#8243;]<\/p>\n<p style=\"text-align: justify;\">Tagesmen\u00fc, Nuggets, Pommes, gegrilltes Fleisch. Der Snack begr\u00fc\u00dft Sie mit einer Terrasse und einem geheizten Raum mit 80 Pl\u00e4tzen zwischen 11:30 Uhr und 15:00 Uhr.<br \/>Dieser Raum kann f\u00fcr private Veranstaltungen teilweise privatisiert werden. <\/p>\n<p style=\"text-align: justify;\"><em>Der Snack ist in der Hochsaison t\u00e4glich ge\u00f6ffnet. Fordern Sie Informationen auf unserer <a href=\"https:\/\/swissvapeur.ch\/de\/kontakt\/\">Kontaktseite<\/a> an.<\/em><\/p>\n<p>[\/et_pb_text][\/et_pb_column][et_pb_column type=&#8220;1_3&#8243; _builder_version=&#8220;3.25&#8243; custom_padding=&#8220;|||&#8220; custom_padding__hover=&#8220;|||&#8220;][et_pb_text _builder_version=&#8220;3.27.4&#8243;]<\/p>\n<h2 style=\"text-align: center;\">CR\u00caPERIE DE LA TREILLE<\/h2>\n<p>[\/et_pb_text][et_pb_image src=&#8220;https:\/\/swissvapeur.ch\/wp-content\/uploads\/2019\/01\/Treille.jpg&#8220; align_tablet=&#8220;center&#8220; align_phone=&#8220;&#8220; align_last_edited=&#8220;on|desktop&#8220; _builder_version=&#8220;3.23&#8243;][\/et_pb_image][et_pb_text _builder_version=&#8220;3.27.4&#8243;]<\/p>\n<p style=\"text-align: justify;\">Die Cr\u00eaperie de la Treille serviert k\u00f6stliche hausgemachte Pfannkuchen mit Buchweizenmehl. W\u00e4hlen Sie zwischen einer gro\u00dfen Auswahl an Beilagen und genie\u00dfen Sie Ihren Pfannkuchen auf einer der sch\u00f6nsten Terrassen im Park in der Mitte von Chablais-Village.<\/p>\n<p>[\/et_pb_text][\/et_pb_column][\/et_pb_row][et_pb_row _builder_version=&#8220;4.6.5&#8243; _module_preset=&#8220;default&#8220;][et_pb_column type=&#8220;4_4&#8243; _builder_version=&#8220;4.6.5&#8243; _module_preset=&#8220;default&#8220;][et_pb_code _builder_version=&#8220;4.6.5&#8243; _module_preset=&#8220;default&#8220; hover_enabled=&#8220;0&#8243; sticky_enabled=&#8220;0&#8243;]<!-- Start Smeetz Embed Code --><!-- [et_pb_line_break_holder] --><script><!-- [et_pb_line_break_holder] -->  !function (e, t, n, i, p, r, s) {<!-- [et_pb_line_break_holder] -->    e[n] || ((p = e[n] = function () {<!-- [et_pb_line_break_holder] -->      p.p ? p.p.apply(p, arguments) : p.q.push(arguments);<!-- [et_pb_line_break_holder] -->    }).q = [], p.t = 1 * new Date(), p.g = \"12977\", (r = t.createElement(\"script\")).async = 1,<!-- [et_pb_line_break_holder] -->      r.src = \"https:\/\/tracker.smeetz.com\/smeetz-main-widget.js\", (s = t.getElementsByTagName(\"script\")[0]).parentNode.insertBefore(r, s));<!-- [et_pb_line_break_holder] -->  }(window, document, \"_smtz\");<!-- [et_pb_line_break_holder] --><\/script><!-- [et_pb_line_break_holder] --><!-- End Smeetz Embed Code --><!-- [et_pb_line_break_holder] --><\/p>\n<div class=\"smtz-gbooking\"> data-product-id=&#8220;36994&#8243;<!-- [et_pb_line_break_holder] --> data-cats=&#8220;CATEGORY_ID_1,CATEGORY_ID_2<!-- [et_pb_line_break_holder] --> data-ocol=#A72C32<!-- [et_pb_line_break_holder] -->&gt;<!-- [et_pb_line_break_holder] --><\/div>\n<p>[\/et_pb_code][\/et_pb_column][\/et_pb_row][\/et_pb_section]<\/p>\n","protected":false},"excerpt":{"rendered":"<p>3 gastronomische Einrichtungen f\u00fcr jeden Geschmack! Wir bieten lokale Produkte mit kurzen Produktionswegen an. &nbsp; BAHNHOFSBUFFETDas Bahnhofsbuffet &#8222;Chez Marie&#8220; ist die gastronomische Einrichtung, die im Swiss Vapeur Parc als Erste \u00f6ffnet. Sie k\u00f6nnen dort leckeres Eis und hausgemachte Waffeln genie\u00dfen. Das Bahnhofbuffet verf\u00fcgt \u00fcber zwei gro\u00dfe Terrassen mit einem atemberaubenden [&hellip;]<\/p>\n","protected":false},"author":1,"featured_media":0,"parent":6834,"menu_order":0,"comment_status":"closed","ping_status":"closed","template":"","meta":{"_et_pb_use_builder":"on","_et_pb_old_content":"","_et_gb_content_width":"","footnotes":""},"class_list":["post-6824","page","type-page","status-publish","hentry"],"yoast_head":"<!-- This site is optimized with the Yoast SEO plugin v26.7 - https:\/\/yoast.com\/wordpress\/plugins\/seo\/ -->\n<title>Gastronomie - Swiss Vapeur Parc<\/title>\n<meta name=\"robots\" content=\"index, follow, max-snippet:-1, max-image-preview:large, max-video-preview:-1\" \/>\n<link rel=\"canonical\" href=\"https:\/\/swissvapeur.ch\/de\/mein-besuch\/gastronomie\/\" \/>\n<meta property=\"og:locale\" content=\"de_DE\" \/>\n<meta property=\"og:type\" content=\"article\" \/>\n<meta property=\"og:title\" content=\"Gastronomie - Swiss Vapeur Parc\" \/>\n<meta property=\"og:description\" content=\"3 gastronomische Einrichtungen f\u00fcr jeden Geschmack! Wir bieten lokale Produkte mit kurzen Produktionswegen an. &nbsp; BAHNHOFSBUFFETDas Bahnhofsbuffet &quot;Chez Marie&quot; ist die gastronomische Einrichtung, die im Swiss Vapeur Parc als Erste \u00f6ffnet. Sie k\u00f6nnen dort leckeres Eis und hausgemachte Waffeln genie\u00dfen. Das Bahnhofbuffet verf\u00fcgt \u00fcber zwei gro\u00dfe Terrassen mit einem atemberaubenden [&hellip;]\" \/>\n<meta property=\"og:url\" content=\"https:\/\/swissvapeur.ch\/de\/mein-besuch\/gastronomie\/\" \/>\n<meta property=\"og:site_name\" content=\"Swiss Vapeur Parc\" \/>\n<meta property=\"article:modified_time\" content=\"2023-06-12T13:40:34+00:00\" \/>\n<meta name=\"twitter:card\" content=\"summary_large_image\" \/>\n<meta name=\"twitter:label1\" content=\"Gesch\u00e4tzte Lesezeit\" \/>\n\t<meta name=\"twitter:data1\" content=\"3\u00a0Minuten\" \/>\n<script type=\"application\/ld+json\" class=\"yoast-schema-graph\">{\"@context\":\"https:\/\/schema.org\",\"@graph\":[{\"@type\":\"WebPage\",\"@id\":\"https:\/\/swissvapeur.ch\/de\/mein-besuch\/gastronomie\/\",\"url\":\"https:\/\/swissvapeur.ch\/de\/mein-besuch\/gastronomie\/\",\"name\":\"Gastronomie - Swiss Vapeur Parc\",\"isPartOf\":{\"@id\":\"https:\/\/swissvapeur.ch\/de\/#website\"},\"datePublished\":\"2020-07-06T08:48:11+00:00\",\"dateModified\":\"2023-06-12T13:40:34+00:00\",\"breadcrumb\":{\"@id\":\"https:\/\/swissvapeur.ch\/de\/mein-besuch\/gastronomie\/#breadcrumb\"},\"inLanguage\":\"de\",\"potentialAction\":[{\"@type\":\"ReadAction\",\"target\":[\"https:\/\/swissvapeur.ch\/de\/mein-besuch\/gastronomie\/\"]}]},{\"@type\":\"BreadcrumbList\",\"@id\":\"https:\/\/swissvapeur.ch\/de\/mein-besuch\/gastronomie\/#breadcrumb\",\"itemListElement\":[{\"@type\":\"ListItem\",\"position\":1,\"name\":\"Accueil\",\"item\":\"https:\/\/swissvapeur.ch\/de\/\"},{\"@type\":\"ListItem\",\"position\":2,\"name\":\"Mein Besuch\",\"item\":\"https:\/\/swissvapeur.ch\/de\/mein-besuch\/\"},{\"@type\":\"ListItem\",\"position\":3,\"name\":\"Gastronomie\"}]},{\"@type\":\"WebSite\",\"@id\":\"https:\/\/swissvapeur.ch\/de\/#website\",\"url\":\"https:\/\/swissvapeur.ch\/de\/\",\"name\":\"Swiss Vapeur Parc\",\"description\":\"Des petits trains presque comme les grands\",\"potentialAction\":[{\"@type\":\"SearchAction\",\"target\":{\"@type\":\"EntryPoint\",\"urlTemplate\":\"https:\/\/swissvapeur.ch\/de\/?s={search_term_string}\"},\"query-input\":{\"@type\":\"PropertyValueSpecification\",\"valueRequired\":true,\"valueName\":\"search_term_string\"}}],\"inLanguage\":\"de\"}]}<\/script>\n<!-- \/ Yoast SEO plugin. -->","yoast_head_json":{"title":"Gastronomie - Swiss Vapeur Parc","robots":{"index":"index","follow":"follow","max-snippet":"max-snippet:-1","max-image-preview":"max-image-preview:large","max-video-preview":"max-video-preview:-1"},"canonical":"https:\/\/swissvapeur.ch\/de\/mein-besuch\/gastronomie\/","og_locale":"de_DE","og_type":"article","og_title":"Gastronomie - Swiss Vapeur Parc","og_description":"3 gastronomische Einrichtungen f\u00fcr jeden Geschmack! Wir bieten lokale Produkte mit kurzen Produktionswegen an. &nbsp; BAHNHOFSBUFFETDas Bahnhofsbuffet \"Chez Marie\" ist die gastronomische Einrichtung, die im Swiss Vapeur Parc als Erste \u00f6ffnet. Sie k\u00f6nnen dort leckeres Eis und hausgemachte Waffeln genie\u00dfen. Das Bahnhofbuffet verf\u00fcgt \u00fcber zwei gro\u00dfe Terrassen mit einem atemberaubenden [&hellip;]","og_url":"https:\/\/swissvapeur.ch\/de\/mein-besuch\/gastronomie\/","og_site_name":"Swiss Vapeur Parc","article_modified_time":"2023-06-12T13:40:34+00:00","twitter_card":"summary_large_image","twitter_misc":{"Gesch\u00e4tzte Lesezeit":"3\u00a0Minuten"},"schema":{"@context":"https:\/\/schema.org","@graph":[{"@type":"WebPage","@id":"https:\/\/swissvapeur.ch\/de\/mein-besuch\/gastronomie\/","url":"https:\/\/swissvapeur.ch\/de\/mein-besuch\/gastronomie\/","name":"Gastronomie - Swiss Vapeur Parc","isPartOf":{"@id":"https:\/\/swissvapeur.ch\/de\/#website"},"datePublished":"2020-07-06T08:48:11+00:00","dateModified":"2023-06-12T13:40:34+00:00","breadcrumb":{"@id":"https:\/\/swissvapeur.ch\/de\/mein-besuch\/gastronomie\/#breadcrumb"},"inLanguage":"de","potentialAction":[{"@type":"ReadAction","target":["https:\/\/swissvapeur.ch\/de\/mein-besuch\/gastronomie\/"]}]},{"@type":"BreadcrumbList","@id":"https:\/\/swissvapeur.ch\/de\/mein-besuch\/gastronomie\/#breadcrumb","itemListElement":[{"@type":"ListItem","position":1,"name":"Accueil","item":"https:\/\/swissvapeur.ch\/de\/"},{"@type":"ListItem","position":2,"name":"Mein Besuch","item":"https:\/\/swissvapeur.ch\/de\/mein-besuch\/"},{"@type":"ListItem","position":3,"name":"Gastronomie"}]},{"@type":"WebSite","@id":"https:\/\/swissvapeur.ch\/de\/#website","url":"https:\/\/swissvapeur.ch\/de\/","name":"Swiss Vapeur Parc","description":"Des petits trains presque comme les grands","potentialAction":[{"@type":"SearchAction","target":{"@type":"EntryPoint","urlTemplate":"https:\/\/swissvapeur.ch\/de\/?s={search_term_string}"},"query-input":{"@type":"PropertyValueSpecification","valueRequired":true,"valueName":"search_term_string"}}],"inLanguage":"de"}]}},"_links":{"self":[{"href":"https:\/\/swissvapeur.ch\/de\/wp-json\/wp\/v2\/pages\/6824","targetHints":{"allow":["GET"]}}],"collection":[{"href":"https:\/\/swissvapeur.ch\/de\/wp-json\/wp\/v2\/pages"}],"about":[{"href":"https:\/\/swissvapeur.ch\/de\/wp-json\/wp\/v2\/types\/page"}],"author":[{"embeddable":true,"href":"https:\/\/swissvapeur.ch\/de\/wp-json\/wp\/v2\/users\/1"}],"replies":[{"embeddable":true,"href":"https:\/\/swissvapeur.ch\/de\/wp-json\/wp\/v2\/comments?post=6824"}],"version-history":[{"count":6,"href":"https:\/\/swissvapeur.ch\/de\/wp-json\/wp\/v2\/pages\/6824\/revisions"}],"predecessor-version":[{"id":9950,"href":"https:\/\/swissvapeur.ch\/de\/wp-json\/wp\/v2\/pages\/6824\/revisions\/9950"}],"up":[{"embeddable":true,"href":"https:\/\/swissvapeur.ch\/de\/wp-json\/wp\/v2\/pages\/6834"}],"wp:attachment":[{"href":"https:\/\/swissvapeur.ch\/de\/wp-json\/wp\/v2\/media?parent=6824"}],"curies":[{"name":"wp","href":"https:\/\/api.w.org\/{rel}","templated":true}]}}