{"id":6073,"date":"2020-03-10T21:39:12","date_gmt":"2020-03-10T20:39:12","guid":{"rendered":"https:\/\/www.swissvapeur.ch\/ereignisse\/"},"modified":"2025-10-03T09:37:26","modified_gmt":"2025-10-03T07:37:26","slug":"ereignisse","status":"publish","type":"page","link":"https:\/\/swissvapeur.ch\/de\/ereignisse\/","title":{"rendered":"Veranstaltungen"},"content":{"rendered":"<p>[et_pb_section fb_built=&#8220;1&#8243; next_background_color=&#8220;#ffffff&#8220; disabled_on=&#8220;on|on|on&#8220; _builder_version=&#8220;4.16&#8243; _module_preset=&#8220;default&#8220; background_image=&#8220;https:\/\/swissvapeur.ch\/wp-content\/uploads\/2020\/12\/christmas-2908901_1920.jpg&#8220; background_enable_video_mp4=&#8220;off&#8220; custom_padding=&#8220;82px||92px|||&#8220; bottom_divider_style=&#8220;slant&#8220; bottom_divider_flip=&#8220;horizontal&#8220; disabled=&#8220;on&#8220; global_colors_info=&#8220;{}&#8220;][et_pb_row _builder_version=&#8220;4.16&#8243; _module_preset=&#8220;default&#8220; global_colors_info=&#8220;{}&#8220;][et_pb_column type=&#8220;4_4&#8243; _builder_version=&#8220;4.16&#8243; _module_preset=&#8220;default&#8220; global_colors_info=&#8220;{}&#8220;][et_pb_text _builder_version=&#8220;4.16&#8243; _module_preset=&#8220;default&#8220; global_colors_info=&#8220;{}&#8220;]<\/p>\n<h1 style=\"text-align: center;\"><span style=\"color: #ffffff;\"><strong>VERANSTALTUNGEN<\/strong><strong><\/strong><\/span><\/h1>\n<h3 style=\"text-align: center;\"><span style=\"color: #ffffff;\">W\u00e4hrend der ganzen Saison (neu) zu entdecken.<br \/><\/span><\/h3>\n<p>[\/et_pb_text][et_pb_code _builder_version=&#8220;4.24.2&#8243; _module_preset=&#8220;default&#8220; text_orientation=&#8220;center&#8220; custom_margin=&#8220;0px||||false|false&#8220; custom_padding=&#8220;||0px|||&#8220; saved_tabs=&#8220;all&#8220; global_colors_info=&#8220;{}&#8220;]<script><!-- [et_pb_line_break_holder] -->    !function(e, t, n, i, p, r, s) {<!-- [et_pb_line_break_holder] -->      e[n] || ((p = e[n] = function() {<!-- [et_pb_line_break_holder] -->      p.p ? p.p.apply(p, arguments) : p.q.push(arguments);<!-- [et_pb_line_break_holder] -->      }).q = [], p.t = 1 * new Date(), p.g = \"12977\", (r = t.createElement(\"script\")).async = 1,<!-- [et_pb_line_break_holder] -->      r.src = \"https:\/\/tracker.smeetz.com\/smeetz-main-widget.js\", (s = t.getElementsByTagName(\"script\")[0]).parentNode.insertBefore(r, s));<!-- [et_pb_line_break_holder] -->    }(window, document, \"_smtz\");<!-- [et_pb_line_break_holder] --><\/script><!-- [et_pb_line_break_holder] --><\/p>\n<div style=\"text-align: center;\"><!-- [et_pb_line_break_holder] --><\/p>\n<div class=\"smtz-w\" data-smtz-gid=\"12977\" data-smtz-wid=\"1384\"><\/div>\n<p><!-- [et_pb_line_break_holder] --> <!-- [et_pb_line_break_holder] --><!-- [et_pb_line_break_holder] --><\/div>\n<p>[\/et_pb_code][\/et_pb_column][\/et_pb_row][\/et_pb_section][et_pb_section fb_built=&#8220;1&#8243; fullwidth=&#8220;on&#8220; disabled_on=&#8220;off|off|off&#8220; _builder_version=&#8220;4.27.0&#8243; _module_preset=&#8220;default&#8220; hover_enabled=&#8220;0&#8243; custom_css_free_form=&#8220;.et_pb_fullwidth_code_0 {||line-height: 0px !important;||}||.et_pb_fullwidth_code_1 {||line-height: 0px !important;||}||.et_pb_fullwidth_code_2 {||line-height: 0px !important;||}||.et_pb_fullwidth_code_3 {||line-height: 0px !important;||}&#8220; locked=&#8220;off&#8220; global_colors_info=&#8220;{}&#8220; sticky_enabled=&#8220;0&#8243;][et_pb_fullwidth_code _builder_version=&#8220;4.27.0&#8243; _module_preset=&#8220;default&#8220; hover_enabled=&#8220;0&#8243; global_colors_info=&#8220;{}&#8220; sticky_enabled=&#8220;0&#8243; disabled_on=&#8220;on|off|off&#8220;]<img decoding=\"async\" src=\"\/wp-content\/uploads\/2025\/10\/swiss-vapeur-halloween-evenement-2025-09-29-DE.jpg\" style=\"width: 100%;\">[\/et_pb_fullwidth_code][et_pb_fullwidth_code disabled_on=&#8220;off|on|on&#8220; _builder_version=&#8220;4.27.0&#8243; _module_preset=&#8220;default&#8220; hover_enabled=&#8220;0&#8243; global_colors_info=&#8220;{}&#8220; locked=&#8220;off&#8220; sticky_enabled=&#8220;0&#8243;]<img decoding=\"async\" src=\"\/wp-content\/uploads\/2025\/10\/swiss-vapeur-halloween-evenement-2025-09-29-mobile-DE.jpg\" width=\"100%\">[\/et_pb_fullwidth_code][\/et_pb_section][et_pb_section fb_built=&#8220;1&#8243; fullwidth=&#8220;on&#8220; disabled_on=&#8220;on|off|off&#8220; _builder_version=&#8220;4.27.0&#8243; _module_preset=&#8220;default&#8220; custom_css_free_form=&#8220;.et_pb_fullwidth_code_0 {||line-height: 0px !important;||}&#8220; locked=&#8220;off&#8220; global_colors_info=&#8220;{}&#8220;][et_pb_fullwidth_code _builder_version=&#8220;4.27.0&#8243; _module_preset=&#8220;default&#8220; global_colors_info=&#8220;{}&#8220; disabled_on=&#8220;on|off|off&#8220;]<img decoding=\"async\" src=\"\/wp-content\/uploads\/2025\/02\/swiss-vapeur-evenements-DE-2025-02-10a.jpg\" style=\"width: 100%;\">[\/et_pb_fullwidth_code][\/et_pb_section][et_pb_section fb_built=&#8220;1&#8243; disabled_on=&#8220;on|on|on&#8220; _builder_version=&#8220;4.16&#8243; _module_preset=&#8220;default&#8220; custom_padding=&#8220;31px||0px|||&#8220; disabled=&#8220;on&#8220; global_colors_info=&#8220;{}&#8220;][et_pb_row _builder_version=&#8220;4.16&#8243; _module_preset=&#8220;default&#8220; custom_padding=&#8220;0px|||||&#8220; global_colors_info=&#8220;{}&#8220;][et_pb_column type=&#8220;4_4&#8243; _builder_version=&#8220;4.16&#8243; _module_preset=&#8220;default&#8220; global_colors_info=&#8220;{}&#8220;][et_pb_text _builder_version=&#8220;4.16&#8243; _module_preset=&#8220;default&#8220; global_colors_info=&#8220;{}&#8220;]<\/p>\n<h3><span style=\"color: #808080;\"><strong>VERANSTALTUNGEN W\u00c4HREND DER GANZEN SAISON<\/strong><\/span><\/h3>\n<p>[\/et_pb_text][\/et_pb_column][\/et_pb_row][\/et_pb_section][et_pb_section fb_built=&#8220;1&#8243; disabled_on=&#8220;on|on|on&#8220; _builder_version=&#8220;4.16&#8243; _module_preset=&#8220;default&#8220; background_color=&#8220;rgba(31,215,224,0.34)&#8220; custom_padding=&#8220;30px||30px|||&#8220; disabled=&#8220;on&#8220; global_colors_info=&#8220;{}&#8220;][et_pb_row column_structure=&#8220;2_5,3_5&#8243; _builder_version=&#8220;4.16&#8243; _module_preset=&#8220;default&#8220; custom_padding=&#8220;0px||0px|||&#8220; global_colors_info=&#8220;{}&#8220;][et_pb_column type=&#8220;2_5&#8243; _builder_version=&#8220;4.16&#8243; _module_preset=&#8220;default&#8220; global_colors_info=&#8220;{}&#8220;][et_pb_image src=&#8220;https:\/\/swissvapeur.ch\/wp-content\/uploads\/2019\/04\/deco_paques_2.jpg&#8220; title_text=&#8220;deco_paques_2&#8243; _builder_version=&#8220;4.16&#8243; _module_preset=&#8220;default&#8220; global_colors_info=&#8220;{}&#8220;][\/et_pb_image][\/et_pb_column][et_pb_column type=&#8220;3_5&#8243; _builder_version=&#8220;4.16&#8243; _module_preset=&#8220;default&#8220; global_colors_info=&#8220;{}&#8220;][et_pb_text _builder_version=&#8220;4.23.1&#8243; _module_preset=&#8220;default&#8220; global_colors_info=&#8220;{}&#8220;]<\/p>\n<h2><span style=\"color: #003366;\"><strong>SWISS VAPEUR AN OSTERN<\/strong><\/span><\/h2>\n<h3><span style=\"color: #003366;\"><strong>29. M\u00e4rz bis 28. April 2024<\/strong><\/span><strong><\/strong><strong><\/strong><span style=\"color: #003366;\"><strong><\/strong><\/span><\/h3>\n<p><strong>Zu Ostern laden wir Sie ein, mit Familie und Freunden in einem komplett f\u00fcr diesen Anlass geschm\u00fcckten Park auf Eiersuche zu gehen.<br \/><\/strong><\/p>\n<p>Genie\u00dfen Sie jeden Tag die besondere Dekoration des Parks und die Eiersuche f\u00fcr die Kinder.<\/p>\n<p><strong><\/strong><\/p>\n<p>[\/et_pb_text][\/et_pb_column][\/et_pb_row][\/et_pb_section][et_pb_section fb_built=&#8220;1&#8243; disabled_on=&#8220;on|on|on&#8220; _builder_version=&#8220;4.16&#8243; _module_preset=&#8220;default&#8220; custom_padding=&#8220;0px||0px|||&#8220; disabled=&#8220;on&#8220; global_colors_info=&#8220;{}&#8220;][et_pb_row _builder_version=&#8220;4.16&#8243; _module_preset=&#8220;default&#8220; custom_padding=&#8220;0px||0px|||&#8220; global_colors_info=&#8220;{}&#8220;][et_pb_column type=&#8220;4_4&#8243; _builder_version=&#8220;4.16&#8243; _module_preset=&#8220;default&#8220; global_colors_info=&#8220;{}&#8220;][et_pb_divider show_divider=&#8220;off&#8220; _builder_version=&#8220;4.16&#8243; _module_preset=&#8220;default&#8220; global_colors_info=&#8220;{}&#8220;][\/et_pb_divider][\/et_pb_column][\/et_pb_row][\/et_pb_section][et_pb_section fb_built=&#8220;1&#8243; disabled_on=&#8220;on|on|on&#8220; _builder_version=&#8220;4.16&#8243; _module_preset=&#8220;default&#8220; background_enable_color=&#8220;off&#8220; background_image=&#8220;https:\/\/swissvapeur.ch\/wp-content\/uploads\/2019\/04\/fond_charbon.jpg&#8220; custom_padding=&#8220;30px||30px|||&#8220; disabled=&#8220;on&#8220; global_colors_info=&#8220;{}&#8220;][et_pb_row column_structure=&#8220;2_5,3_5&#8243; _builder_version=&#8220;4.16&#8243; _module_preset=&#8220;default&#8220; custom_padding=&#8220;0px||0px|||&#8220; global_colors_info=&#8220;{}&#8220;][et_pb_column type=&#8220;2_5&#8243; _builder_version=&#8220;4.16&#8243; _module_preset=&#8220;default&#8220; global_colors_info=&#8220;{}&#8220;][et_pb_image src=&#8220;https:\/\/swissvapeur.ch\/wp-content\/uploads\/2019\/04\/fest-svp.jpg&#8220; title_text=&#8220;Fest-SVP&#8220; _builder_version=&#8220;4.16&#8243; _module_preset=&#8220;default&#8220; global_colors_info=&#8220;{}&#8220;][\/et_pb_image][\/et_pb_column][et_pb_column type=&#8220;3_5&#8243; _builder_version=&#8220;4.16&#8243; _module_preset=&#8220;default&#8220; global_colors_info=&#8220;{}&#8220;][et_pb_text _builder_version=&#8220;4.24.0&#8243; _module_preset=&#8220;default&#8220; global_colors_info=&#8220;{}&#8220;]<\/p>\n<h2><span style=\"color: #ffffff;\"><strong>INTERNATIONALES DAMPF FESTIVAL<br \/>\n<\/strong><\/span><\/h2>\n<h3><span style=\"color: #ffffff;\"><strong><br \/>\n7. bis 16. Juni 2024<\/strong><strong><\/strong><\/span><\/h3>\n<p><span style=\"color: #ffffff;\"><b>Tauchen<\/b> <b>sie ein<\/b>.<b> Einzigartig in der Welt der Zugfans. W\u00e4hrend des Festivals fahren mehr als 80 Lokomotiven aus ganz Europa auf dem Schienennetz des Parks.<\/b><\/span><\/p>\n<p><span style=\"color: #ffffff;\"><strong>Samstags \u00f6ffentliche Nachtfahrten bis 22h<br \/>\n<\/strong><\/span>[\/et_pb_text][\/et_pb_column][\/et_pb_row][\/et_pb_section][et_pb_section fb_built=&#8220;1&#8243; disabled_on=&#8220;on|on|on&#8220; _builder_version=&#8220;4.16&#8243; _module_preset=&#8220;default&#8220; background_color=&#8220;rgba(31,215,224,0.34)&#8220; background_image=&#8220;https:\/\/swissvapeur.ch\/wp-content\/uploads\/2020\/10\/Halloween_2.jpg&#8220; custom_padding=&#8220;30px||29px|||&#8220; disabled=&#8220;on&#8220; global_colors_info=&#8220;{}&#8220;][et_pb_row column_structure=&#8220;2_5,3_5&#8243; _builder_version=&#8220;4.16&#8243; _module_preset=&#8220;default&#8220; custom_padding=&#8220;0px||0px|||&#8220; global_colors_info=&#8220;{}&#8220;][et_pb_column type=&#8220;2_5&#8243; _builder_version=&#8220;4.16&#8243; _module_preset=&#8220;default&#8220; global_colors_info=&#8220;{}&#8220;][et_pb_image src=&#8220;https:\/\/swissvapeur.ch\/wp-content\/uploads\/2019\/10\/Halloween_33.jpg&#8220; title_text=&#8220;Halloween_33&#8243; _builder_version=&#8220;4.16&#8243; _module_preset=&#8220;default&#8220; global_colors_info=&#8220;{}&#8220;][\/et_pb_image][\/et_pb_column][et_pb_column type=&#8220;3_5&#8243; _builder_version=&#8220;4.16&#8243; _module_preset=&#8220;default&#8220; global_colors_info=&#8220;{}&#8220;][et_pb_text _builder_version=&#8220;4.27.0&#8243; _module_preset=&#8220;default&#8220; global_colors_info=&#8220;{}&#8220;]<\/p>\n<h2><span style=\"color: #ffffff;\"><strong>HALLOWEEN VAPEUR PARC<br \/>\n<\/strong><\/span><\/h2>\n<h3><span style=\"color: #ffffff;\"><strong>11. bis 31. Oktober 2024<\/strong><strong><\/strong><strong><\/strong><strong><\/strong><\/span><\/h3>\n<p><span style=\"color: #ffffff;\">Hexen und Gespenster machen es sich im Swiss Vapeur Parc gem\u00fctlich, um die Saison mit einem Knall zu beenden.<\/span><br \/>\n<span style=\"color: #ffffff;\">Hexenjagden, Labyrinth und viele andere &#8222;Schrecken&#8220; gibt es t\u00e4glich von 10 bis 18 Uhr zu entdecken.<\/span><\/p>\n<p><span style=\"color: #ffffff;\">Freitags, samstags und am 31. Oktober, ge\u00f6ffnet von 10 bis 21 Uhr.<\/span>[\/et_pb_text][\/et_pb_column][\/et_pb_row][\/et_pb_section][et_pb_section fb_built=&#8220;1&#8243; disabled_on=&#8220;on|on|on&#8220; _builder_version=&#8220;4.16&#8243; _module_preset=&#8220;default&#8220; custom_padding=&#8220;0px||0px|||&#8220; disabled=&#8220;on&#8220; global_colors_info=&#8220;{}&#8220;][et_pb_row _builder_version=&#8220;4.16&#8243; _module_preset=&#8220;default&#8220; custom_padding=&#8220;0px||0px|||&#8220; global_colors_info=&#8220;{}&#8220;][et_pb_column type=&#8220;4_4&#8243; _builder_version=&#8220;4.16&#8243; _module_preset=&#8220;default&#8220; global_colors_info=&#8220;{}&#8220;][et_pb_divider show_divider=&#8220;off&#8220; _builder_version=&#8220;4.16&#8243; _module_preset=&#8220;default&#8220; global_colors_info=&#8220;{}&#8220;][\/et_pb_divider][\/et_pb_column][\/et_pb_row][\/et_pb_section][et_pb_section fb_built=&#8220;1&#8243; disabled_on=&#8220;on|on|on&#8220; _builder_version=&#8220;4.16&#8243; _module_preset=&#8220;default&#8220; background_enable_color=&#8220;off&#8220; background_image=&#8220;https:\/\/swissvapeur.ch\/wp-content\/uploads\/2019\/09\/iStock-832569196-1.jpg&#8220; custom_padding=&#8220;30px||30px|||&#8220; disabled=&#8220;on&#8220; global_colors_info=&#8220;{}&#8220;][et_pb_row column_structure=&#8220;2_5,3_5&#8243; _builder_version=&#8220;4.16&#8243; _module_preset=&#8220;default&#8220; custom_padding=&#8220;0px||0px|||&#8220; global_colors_info=&#8220;{}&#8220;][et_pb_column type=&#8220;2_5&#8243; _builder_version=&#8220;4.16&#8243; _module_preset=&#8220;default&#8220; global_colors_info=&#8220;{}&#8220;][et_pb_image src=&#8220;https:\/\/swissvapeur.ch\/wp-content\/uploads\/2019\/07\/west_20199-07-07-10-27-40.jpg&#8220; title_text=&#8220;west_20199-07-07-10-27-40&#8243; _builder_version=&#8220;4.16&#8243; _module_preset=&#8220;default&#8220; global_colors_info=&#8220;{}&#8220;][\/et_pb_image][\/et_pb_column][et_pb_column type=&#8220;3_5&#8243; _builder_version=&#8220;4.16&#8243; _module_preset=&#8220;default&#8220; global_colors_info=&#8220;{}&#8220;][et_pb_text _builder_version=&#8220;4.23.1&#8243; _module_preset=&#8220;default&#8220; global_colors_info=&#8220;{}&#8220;]<\/p>\n<h2><span style=\"color: #ffffff;\"><strong>WESTERN VAPEUR PARC<\/strong><strong><\/strong><strong><\/strong><\/span><\/h2>\n<h3><span style=\"color: #ffffff;\"><strong>20. Juli bis 18. August 2024<\/strong><\/span><\/h3>\n<p><span style=\"color: #ffffff;\"><strong>W\u00e4hrend des Sommers lassen sich Cowboys und Indianer im Swiss Vapeur Parc nieder. Entdecken Sie eine originelle Dekoration und das t\u00e4gliche Unterhaltungsprogramm f\u00fcr die J\u00fcngsten.<\/strong><\/span><\/p>\n<p>[\/et_pb_text][\/et_pb_column][\/et_pb_row][\/et_pb_section][et_pb_section fb_built=&#8220;1&#8243; disabled_on=&#8220;on|on|on&#8220; _builder_version=&#8220;4.16&#8243; _module_preset=&#8220;default&#8220; custom_padding=&#8220;0px||0px|||&#8220; disabled=&#8220;on&#8220; global_colors_info=&#8220;{}&#8220;][et_pb_row _builder_version=&#8220;4.16&#8243; _module_preset=&#8220;default&#8220; custom_padding=&#8220;0px||0px|||&#8220; global_colors_info=&#8220;{}&#8220;][et_pb_column type=&#8220;4_4&#8243; _builder_version=&#8220;4.16&#8243; _module_preset=&#8220;default&#8220; global_colors_info=&#8220;{}&#8220;][et_pb_divider show_divider=&#8220;off&#8220; _builder_version=&#8220;4.16&#8243; _module_preset=&#8220;default&#8220; global_colors_info=&#8220;{}&#8220;][\/et_pb_divider][\/et_pb_column][\/et_pb_row][\/et_pb_section][et_pb_section fb_built=&#8220;1&#8243; _builder_version=&#8220;4.16&#8243; _module_preset=&#8220;default&#8220; custom_padding=&#8220;0px||0px|||&#8220; global_colors_info=&#8220;{}&#8220;][et_pb_row disabled_on=&#8220;on|on|on&#8220; _builder_version=&#8220;4.16&#8243; _module_preset=&#8220;default&#8220; width=&#8220;100%&#8220; max_width=&#8220;2560px&#8220; custom_padding=&#8220;0px||0px|||&#8220; disabled=&#8220;on&#8220; global_colors_info=&#8220;{}&#8220;][et_pb_column type=&#8220;4_4&#8243; _builder_version=&#8220;4.16&#8243; _module_preset=&#8220;default&#8220; global_colors_info=&#8220;{}&#8220;][et_pb_code admin_label=&#8220;Code&#8220; _builder_version=&#8220;4.16&#8243; _module_preset=&#8220;default&#8220; height=&#8220;0px&#8220; custom_margin=&#8220;0px||0px||false|false&#8220; global_colors_info=&#8220;{}&#8220;]<script type=\"text\/javascript\" async defer><!-- [et_pb_line_break_holder] -->  !function(e, t, n, i, p, r, s) {<!-- [et_pb_line_break_holder] -->      e[n] || ((p = e[n] = function() {<!-- [et_pb_line_break_holder] -->      p.p ? p.p.apply(p, arguments) : p.q.push(arguments);<!-- [et_pb_line_break_holder] -->      }).q = [], p.t = 1 * new Date(), p.g = \"12977\", (r = t.createElement(\"script\")).async = 1,<!-- [et_pb_line_break_holder] -->      r.src = \"https:\/\/tracker.smeetz.com\/smeetz-main-widget.js\", (s = t.getElementsByTagName(\"script\")[0]).parentNode.insertBefore(r, s));<!-- [et_pb_line_break_holder] -->    }(window, document, \"_smtz\");<!-- [et_pb_line_break_holder] --><!-- [et_pb_line_break_holder] -->  (function($) {<!-- [et_pb_line_break_holder] -->    $(document).ready(function() {<!-- [et_pb_line_break_holder] -->      $(\".et_pb_button:contains('Billetterie')\").on('click', function(event){<!-- [et_pb_line_break_holder] -->    \t\tevent.preventDefault();<!-- [et_pb_line_break_holder] -->        _smtz('openwidget', 1 * new Date(), {<!-- [et_pb_line_break_holder] -->          productId: '36994',<!-- [et_pb_line_break_holder] -->          lightbox: true,<!-- [et_pb_line_break_holder] -->          listView: false,<!-- [et_pb_line_break_holder] -->          _ga: ((new window.gaplugins.Linker(ga.getAll()[0])).decorate('r').slice(2).split('=')[1]),<!-- [et_pb_line_break_holder] -->          ocol: '#155a33',<!-- [et_pb_line_break_holder] -->        });<!-- [et_pb_line_break_holder] -->        \/*openCustomIframe(36994,<!-- [et_pb_line_break_holder] -->          {<!-- [et_pb_line_break_holder] -->          \tlightbox: true,<!-- [et_pb_line_break_holder] -->            _ga: ((new window.gaplugins.Linker(ga.getAll()[0])).decorate('r').slice(2).split('=')[1])<!-- [et_pb_line_break_holder] -->          });*\/<!-- [et_pb_line_break_holder] -->\t\t\t});<!-- [et_pb_line_break_holder] -->    });<!-- [et_pb_line_break_holder] -->  })(jQuery);<!-- [et_pb_line_break_holder] --><\/script>[\/et_pb_code][\/et_pb_column][\/et_pb_row][\/et_pb_section]<\/p>\n","protected":false},"excerpt":{"rendered":"<p>VERANSTALTUNGEN W\u00e4hrend der ganzen Saison (neu) zu entdecken.VERANSTALTUNGEN W\u00c4HREND DER GANZEN SAISONSWISS VAPEUR AN OSTERN 29. M\u00e4rz bis 28. April 2024 Zu Ostern laden wir Sie ein, mit Familie und Freunden in einem komplett f\u00fcr diesen Anlass geschm\u00fcckten Park auf Eiersuche zu gehen. Genie\u00dfen Sie jeden Tag die besondere Dekoration [&hellip;]<\/p>\n","protected":false},"author":1,"featured_media":0,"parent":0,"menu_order":0,"comment_status":"closed","ping_status":"closed","template":"","meta":{"_et_pb_use_builder":"on","_et_pb_old_content":"","_et_gb_content_width":"","footnotes":""},"class_list":["post-6073","page","type-page","status-publish","hentry"],"yoast_head":"<!-- This site is optimized with the Yoast SEO plugin v27.3 - https:\/\/yoast.com\/product\/yoast-seo-wordpress\/ -->\n<title>Veranstaltungen - Swiss Vapeur Parc<\/title>\n<meta name=\"robots\" content=\"index, follow, max-snippet:-1, max-image-preview:large, max-video-preview:-1\" \/>\n<link rel=\"canonical\" href=\"https:\/\/swissvapeur.ch\/de\/ereignisse\/\" \/>\n<meta property=\"og:locale\" content=\"de_DE\" \/>\n<meta property=\"og:type\" content=\"article\" \/>\n<meta property=\"og:title\" content=\"Veranstaltungen - Swiss Vapeur Parc\" \/>\n<meta property=\"og:description\" content=\"VERANSTALTUNGEN W\u00e4hrend der ganzen Saison (neu) zu entdecken.VERANSTALTUNGEN W\u00c4HREND DER GANZEN SAISONSWISS VAPEUR AN OSTERN 29. M\u00e4rz bis 28. April 2024 Zu Ostern laden wir Sie ein, mit Familie und Freunden in einem komplett f\u00fcr diesen Anlass geschm\u00fcckten Park auf Eiersuche zu gehen. Genie\u00dfen Sie jeden Tag die besondere Dekoration [&hellip;]\" \/>\n<meta property=\"og:url\" content=\"https:\/\/swissvapeur.ch\/de\/ereignisse\/\" \/>\n<meta property=\"og:site_name\" content=\"Swiss Vapeur Parc\" \/>\n<meta property=\"article:modified_time\" content=\"2025-10-03T07:37:26+00:00\" \/>\n<meta name=\"twitter:card\" content=\"summary_large_image\" \/>\n<meta name=\"twitter:label1\" content=\"Gesch\u00e4tzte Lesezeit\" \/>\n\t<meta name=\"twitter:data1\" content=\"7\u00a0Minuten\" \/>\n<script type=\"application\/ld+json\" class=\"yoast-schema-graph\">{\"@context\":\"https:\\\/\\\/schema.org\",\"@graph\":[{\"@type\":\"WebPage\",\"@id\":\"https:\\\/\\\/swissvapeur.ch\\\/de\\\/ereignisse\\\/\",\"url\":\"https:\\\/\\\/swissvapeur.ch\\\/de\\\/ereignisse\\\/\",\"name\":\"Veranstaltungen - Swiss Vapeur Parc\",\"isPartOf\":{\"@id\":\"https:\\\/\\\/swissvapeur.ch\\\/de\\\/#website\"},\"datePublished\":\"2020-03-10T20:39:12+00:00\",\"dateModified\":\"2025-10-03T07:37:26+00:00\",\"breadcrumb\":{\"@id\":\"https:\\\/\\\/swissvapeur.ch\\\/de\\\/ereignisse\\\/#breadcrumb\"},\"inLanguage\":\"de\",\"potentialAction\":[{\"@type\":\"ReadAction\",\"target\":[\"https:\\\/\\\/swissvapeur.ch\\\/de\\\/ereignisse\\\/\"]}]},{\"@type\":\"BreadcrumbList\",\"@id\":\"https:\\\/\\\/swissvapeur.ch\\\/de\\\/ereignisse\\\/#breadcrumb\",\"itemListElement\":[{\"@type\":\"ListItem\",\"position\":1,\"name\":\"Accueil\",\"item\":\"https:\\\/\\\/swissvapeur.ch\\\/de\\\/\"},{\"@type\":\"ListItem\",\"position\":2,\"name\":\"Veranstaltungen\"}]},{\"@type\":\"WebSite\",\"@id\":\"https:\\\/\\\/swissvapeur.ch\\\/de\\\/#website\",\"url\":\"https:\\\/\\\/swissvapeur.ch\\\/de\\\/\",\"name\":\"Swiss Vapeur Parc\",\"description\":\"Des petits trains presque comme les grands\",\"potentialAction\":[{\"@type\":\"SearchAction\",\"target\":{\"@type\":\"EntryPoint\",\"urlTemplate\":\"https:\\\/\\\/swissvapeur.ch\\\/de\\\/?s={search_term_string}\"},\"query-input\":{\"@type\":\"PropertyValueSpecification\",\"valueRequired\":true,\"valueName\":\"search_term_string\"}}],\"inLanguage\":\"de\"}]}<\/script>\n<!-- \/ Yoast SEO plugin. -->","yoast_head_json":{"title":"Veranstaltungen - Swiss Vapeur Parc","robots":{"index":"index","follow":"follow","max-snippet":"max-snippet:-1","max-image-preview":"max-image-preview:large","max-video-preview":"max-video-preview:-1"},"canonical":"https:\/\/swissvapeur.ch\/de\/ereignisse\/","og_locale":"de_DE","og_type":"article","og_title":"Veranstaltungen - Swiss Vapeur Parc","og_description":"VERANSTALTUNGEN W\u00e4hrend der ganzen Saison (neu) zu entdecken.VERANSTALTUNGEN W\u00c4HREND DER GANZEN SAISONSWISS VAPEUR AN OSTERN 29. M\u00e4rz bis 28. April 2024 Zu Ostern laden wir Sie ein, mit Familie und Freunden in einem komplett f\u00fcr diesen Anlass geschm\u00fcckten Park auf Eiersuche zu gehen. Genie\u00dfen Sie jeden Tag die besondere Dekoration [&hellip;]","og_url":"https:\/\/swissvapeur.ch\/de\/ereignisse\/","og_site_name":"Swiss Vapeur Parc","article_modified_time":"2025-10-03T07:37:26+00:00","twitter_card":"summary_large_image","twitter_misc":{"Gesch\u00e4tzte Lesezeit":"7\u00a0Minuten"},"schema":{"@context":"https:\/\/schema.org","@graph":[{"@type":"WebPage","@id":"https:\/\/swissvapeur.ch\/de\/ereignisse\/","url":"https:\/\/swissvapeur.ch\/de\/ereignisse\/","name":"Veranstaltungen - Swiss Vapeur Parc","isPartOf":{"@id":"https:\/\/swissvapeur.ch\/de\/#website"},"datePublished":"2020-03-10T20:39:12+00:00","dateModified":"2025-10-03T07:37:26+00:00","breadcrumb":{"@id":"https:\/\/swissvapeur.ch\/de\/ereignisse\/#breadcrumb"},"inLanguage":"de","potentialAction":[{"@type":"ReadAction","target":["https:\/\/swissvapeur.ch\/de\/ereignisse\/"]}]},{"@type":"BreadcrumbList","@id":"https:\/\/swissvapeur.ch\/de\/ereignisse\/#breadcrumb","itemListElement":[{"@type":"ListItem","position":1,"name":"Accueil","item":"https:\/\/swissvapeur.ch\/de\/"},{"@type":"ListItem","position":2,"name":"Veranstaltungen"}]},{"@type":"WebSite","@id":"https:\/\/swissvapeur.ch\/de\/#website","url":"https:\/\/swissvapeur.ch\/de\/","name":"Swiss Vapeur Parc","description":"Des petits trains presque comme les grands","potentialAction":[{"@type":"SearchAction","target":{"@type":"EntryPoint","urlTemplate":"https:\/\/swissvapeur.ch\/de\/?s={search_term_string}"},"query-input":{"@type":"PropertyValueSpecification","valueRequired":true,"valueName":"search_term_string"}}],"inLanguage":"de"}]}},"_links":{"self":[{"href":"https:\/\/swissvapeur.ch\/de\/wp-json\/wp\/v2\/pages\/6073","targetHints":{"allow":["GET"]}}],"collection":[{"href":"https:\/\/swissvapeur.ch\/de\/wp-json\/wp\/v2\/pages"}],"about":[{"href":"https:\/\/swissvapeur.ch\/de\/wp-json\/wp\/v2\/types\/page"}],"author":[{"embeddable":true,"href":"https:\/\/swissvapeur.ch\/de\/wp-json\/wp\/v2\/users\/1"}],"replies":[{"embeddable":true,"href":"https:\/\/swissvapeur.ch\/de\/wp-json\/wp\/v2\/comments?post=6073"}],"version-history":[{"count":32,"href":"https:\/\/swissvapeur.ch\/de\/wp-json\/wp\/v2\/pages\/6073\/revisions"}],"predecessor-version":[{"id":13582,"href":"https:\/\/swissvapeur.ch\/de\/wp-json\/wp\/v2\/pages\/6073\/revisions\/13582"}],"wp:attachment":[{"href":"https:\/\/swissvapeur.ch\/de\/wp-json\/wp\/v2\/media?parent=6073"}],"curies":[{"name":"wp","href":"https:\/\/api.w.org\/{rel}","templated":true}]}}