{"id":3243,"date":"2019-05-26T17:20:11","date_gmt":"2019-05-26T15:20:11","guid":{"rendered":"http:\/\/www.swissvapeur.ch\/faq\/"},"modified":"2025-05-30T10:46:51","modified_gmt":"2025-05-30T08:46:51","slug":"faq","status":"publish","type":"page","link":"https:\/\/swissvapeur.ch\/de\/mein-besuch\/faq\/","title":{"rendered":"FAQ"},"content":{"rendered":"<p>[et_pb_section fb_built=&#8220;1&#8243; _builder_version=&#8220;4.16&#8243; custom_padding=&#8220;0|0px|0|0px|false|false&#8220; global_colors_info=&#8220;{}&#8220;][et_pb_row use_custom_gutter=&#8220;on&#8220; gutter_width=&#8220;1&#8243; module_class=&#8220; et_pb_row_fullwidth&#8220; _builder_version=&#8220;4.16&#8243; width=&#8220;100%&#8220; width_tablet=&#8220;100%&#8220; width_phone=&#8220;100%&#8220; width_last_edited=&#8220;on|desktop&#8220; max_width=&#8220;100%&#8220; max_width_tablet=&#8220;100%&#8220; max_width_phone=&#8220;100%&#8220; max_width_last_edited=&#8220;on|desktop&#8220; custom_padding=&#8220;0|0px|0|0px|false|false&#8220; make_fullwidth=&#8220;on&#8220; global_colors_info=&#8220;{}&#8220;][et_pb_column type=&#8220;4_4&#8243; _builder_version=&#8220;4.16&#8243; custom_padding=&#8220;|||&#8220; global_colors_info=&#8220;{}&#8220; custom_padding__hover=&#8220;|||&#8220;][et_pb_slider show_pagination=&#8220;off&#8220; _builder_version=&#8220;4.16&#8243; header_font=&#8220;|700|||||||&#8220; header_font_size=&#8220;48px&#8220; header_line_height=&#8220;1.1em&#8220; body_font=&#8220;||||||||&#8220; animation_style=&#8220;fade&#8220; animation_duration=&#8220;0ms&#8220; auto=&#8220;on&#8220; hover_transition_duration=&#8220;50ms&#8220; header_text_shadow_style=&#8220;preset1&#8243; header_text_shadow_blur_strength=&#8220;0.06em&#8220; global_colors_info=&#8220;{}&#8220;][et_pb_slide heading=&#8220;FAQ&#8220; use_bg_overlay=&#8220;on&#8220; use_text_overlay=&#8220;off&#8220; _builder_version=&#8220;4.16&#8243; body_font=&#8220;||||||||&#8220; background_image=&#8220;https:\/\/swissvapeur.ch\/wp-content\/uploads\/2019\/02\/swiss_vapeur_faq_banniere.jpg&#8220; text_orientation=&#8220;center&#8220; text_shadow_style=&#8220;preset1&#8243; inline_fonts=&#8220;Times New Roman&#8220; global_colors_info=&#8220;{}&#8220; sticky_transition=&#8220;on&#8220;]<\/p>\n<p><span style=\"font-size: xx-large;\"><span style=\"font-family: Times New Roman;\"><em>H\u00e4ufig gestellte Fragen!<\/em><\/span><\/span><\/p>\n<p>[\/et_pb_slide][\/et_pb_slider][\/et_pb_column][\/et_pb_row][\/et_pb_section][et_pb_section fb_built=&#8220;1&#8243; _builder_version=&#8220;4.16&#8243; custom_padding=&#8220;0|0px|54px|0px|false|false&#8220; global_colors_info=&#8220;{}&#8220;][et_pb_row _builder_version=&#8220;4.16&#8243; custom_padding=&#8220;50px|0px|27px|0px|false|false&#8220; global_colors_info=&#8220;{}&#8220;][et_pb_column type=&#8220;4_4&#8243; _builder_version=&#8220;4.16&#8243; custom_padding=&#8220;|||&#8220; global_colors_info=&#8220;{}&#8220; custom_padding__hover=&#8220;|||&#8220;][et_pb_text _builder_version=&#8220;4.16&#8243; global_colors_info=&#8220;{}&#8220;]<\/p>\n<h1><strong>H\u00e4ufig gestellte Fragen<\/strong><\/h1>\n<p>[\/et_pb_text][\/et_pb_column][\/et_pb_row][et_pb_row column_structure=&#8220;1_2,1_2&#8243; _builder_version=&#8220;4.16&#8243; custom_padding=&#8220;0|0px|0|0px|false|false&#8220; global_colors_info=&#8220;{}&#8220;][et_pb_column type=&#8220;1_2&#8243; _builder_version=&#8220;4.16&#8243; custom_padding=&#8220;|||&#8220; global_colors_info=&#8220;{}&#8220; custom_padding__hover=&#8220;|||&#8220;][et_pb_toggle title=&#8220;Kann man in der N\u00e4he des Parks parken?&#8220; open_toggle_text_color=&#8220;#ffffff&#8220; open_toggle_background_color=&#8220;#155a33&#8243; closed_toggle_text_color=&#8220;#ffffff&#8220; closed_toggle_background_color=&#8220;#155a33&#8243; icon_color=&#8220;#eebc0f&#8220; open_icon_color=&#8220;#eebc0f&#8220; _builder_version=&#8220;4.16&#8243; background_color=&#8220;#155a33&#8243; global_colors_info=&#8220;{}&#8220;]<\/p>\n<p><span style=\"color: #ffffff;\">Zur Verf\u00fcgung:<\/span><\/p>\n<ul>\n<li><span style=\"color: #ffffff;\">Vor dem Park stehen 80 kostenpflichtige Parkpl\u00e4tze, darunter 2 Pl\u00e4tze f\u00fcr Personen mit Schwerbehindertenausweis.<\/span><\/li>\n<li><span style=\"color: #ffffff;\">200 m weiter am See entlang stehen 120 Parkpl\u00e4tze neben dem Bahnhof.<\/span><\/li>\n<li><span style=\"color: #ffffff;\">Vor Aquaparc (300m) 270 Pl\u00e4tze.<\/span><\/li>\n<li><span style=\"color: #ffffff;\">Bei Tagen mit gro\u00dfem Andrang wird ein Parkplatz mit 300 Pl\u00e4tzen am Eingang des Dorfes von einem Shuttle bedient.<\/span><\/li>\n<\/ul>\n<p><span style=\"color: #ffffff;\">Parkgeb\u00fchren: CHF 7.- pro Tag, 1.50 pro Stunde auf allen Parkpl\u00e4tzen.<\/span><\/p>\n<p>[\/et_pb_toggle][et_pb_toggle title=&#8220;K\u00f6nnen wir den Park tags\u00fcber verlassen?&#8220; open_toggle_text_color=&#8220;#ffffff&#8220; open_toggle_background_color=&#8220;#155a33&#8243; closed_toggle_text_color=&#8220;#ffffff&#8220; closed_toggle_background_color=&#8220;#155a33&#8243; icon_color=&#8220;#eebc0f&#8220; open_icon_color=&#8220;#eebc0f&#8220; _builder_version=&#8220;4.16&#8243; global_colors_info=&#8220;{}&#8220;]<\/p>\n<p><span style=\"color: #ffffff;\">Den Stempel, den Sie an der Kasse auf Ihrer Hand bekommen, erm\u00f6glicht es Ihnen tags\u00fcber so oft wie Sie es w\u00fcnschen den Park zu verlassen und ihn wieder zu betreten.<\/span><\/p>\n<p>[\/et_pb_toggle][et_pb_toggle title=&#8220;Ab welchem Alter zahlen Kinder f\u00fcr den Eintritt?&#8220; open_toggle_text_color=&#8220;#ffffff&#8220; open_toggle_background_color=&#8220;#155a33&#8243; closed_toggle_text_color=&#8220;#ffffff&#8220; closed_toggle_background_color=&#8220;#155a33&#8243; icon_color=&#8220;#eebc0f&#8220; open_icon_color=&#8220;#eebc0f&#8220; _builder_version=&#8220;4.16&#8243; global_colors_info=&#8220;{}&#8220;]<\/p>\n<p><span style=\"color: #ffffff;\">Kinder zahlen ab dem drei Lebensjahr f\u00fcr den Eintritt.<\/span><\/p>\n<p>[\/et_pb_toggle][et_pb_toggle title=&#8220;Kann man im Park rauchen?&#8220; open_toggle_text_color=&#8220;#ffffff&#8220; open_toggle_background_color=&#8220;#155a33&#8243; closed_toggle_text_color=&#8220;#ffffff&#8220; closed_toggle_background_color=&#8220;#155a33&#8243; icon_color=&#8220;#eebc0f&#8220; open_icon_color=&#8220;#eebc0f&#8220; _builder_version=&#8220;4.16&#8243; global_colors_info=&#8220;{}&#8220;]<\/p>\n<p><span style=\"color: #ffffff;\">Rauch wird au\u00dferhalb der Geb\u00e4ude geduldet.<\/span><\/p>\n<p><span style=\"color: #ffffff;\">Aschenbecher stehen zur Verf\u00fcgung, um den Park sauber zu halten.<\/span><\/p>\n<p><span style=\"color: #ffffff;\">Es ist verboten, in den Bahnh\u00f6fen und in den Z\u00fcgen zu rauchen.<\/span><\/p>\n<p>[\/et_pb_toggle][et_pb_toggle title=&#8220;K\u00f6nnen wir ein Picknick im Park machen?&#8220; open_toggle_text_color=&#8220;#ffffff&#8220; open_toggle_background_color=&#8220;#155a33&#8243; closed_toggle_text_color=&#8220;#ffffff&#8220; closed_toggle_background_color=&#8220;#155a33&#8243; icon_color=&#8220;#eebc0f&#8220; open_icon_color=&#8220;#eebc0f&#8220; _builder_version=&#8220;4.16&#8243; global_colors_info=&#8220;{}&#8220;]<\/p>\n<p><span style=\"color: #ffffff;\">Der Park hat zwei Picknickpl\u00e4tze, die im Schatten liegen.<\/span><\/p>\n<p>[\/et_pb_toggle][\/et_pb_column][et_pb_column type=&#8220;1_2&#8243; _builder_version=&#8220;4.16&#8243; custom_padding=&#8220;|||&#8220; global_colors_info=&#8220;{}&#8220; custom_padding__hover=&#8220;|||&#8220;][et_pb_toggle title=&#8220;Haben Menschen mit eingeschr\u00e4nkter Mobilit\u00e4t Zugang zum Park?&#8220; open_toggle_text_color=&#8220;#ffffff&#8220; open_toggle_background_color=&#8220;#155a33&#8243; closed_toggle_text_color=&#8220;#ffffff&#8220; closed_toggle_background_color=&#8220;#155a33&#8243; icon_color=&#8220;#eebc0f&#8220; open_icon_color=&#8220;#eebc0f&#8220; _builder_version=&#8220;4.16&#8243; global_colors_info=&#8220;{}&#8220;]<\/p>\n<p><span style=\"color: #ffffff;\">Der Swiss Vapeur Parc kann von Menschen mit eingeschr\u00e4nkter Mobilit\u00e4t betreten werden. Fragen Sie nach Vorzugspreisen beim Check-out.<\/span><\/p>\n<p><span style=\"color: #ffffff;\">Wir haben Plattformwagen, die f\u00fcr Rollst\u00fchle geeignet sind.<\/span><\/p>\n<p><span style=\"color: #ffffff;\">Die Wege k\u00f6nnen mit einem Rollstuhl benutzt werden.<\/span><\/p>\n<p><span style=\"color: #ffffff;\">Die Toiletten f\u00fcr Personen mit eingeschr\u00e4nkter Mobilit\u00e4t befinden sich au\u00dferhalb des Parks in Richtung Seeufer (ca. 50m).<\/span><\/p>\n<p><span style=\"color: #99cc00;\"><span style=\"color: #ffffff;\">Gr\u00f6sse der Wagen f\u00fcr Rollstuhlfahrer:<\/span><br \/><span style=\"color: #ffffff;\">72,5 cm breit<\/span><br \/><span style=\"color: #ffffff;\">135cm hoch<\/span> <\/span><\/p>\n<p>[\/et_pb_toggle][et_pb_toggle title=&#8220;Sind Hunde erlaubt?&#8220; open_toggle_text_color=&#8220;#ffffff&#8220; open_toggle_background_color=&#8220;#155a33&#8243; closed_toggle_text_color=&#8220;#ffffff&#8220; closed_toggle_background_color=&#8220;#155a33&#8243; icon_color=&#8220;#eebc0f&#8220; open_icon_color=&#8220;#eebc0f&#8220; _builder_version=&#8220;4.16&#8243; global_colors_info=&#8220;{}&#8220;]<\/p>\n<p><span style=\"color: #ffffff;\">Hunde, die an der Leine gehalten werden, sind im Park erlaubt.<\/span><\/p>\n<p><span style=\"color: #ffffff;\">Hunde sind in den Z\u00fcgen verboten.<\/span><\/p>\n<p><span style=\"color: #ffffff;\">Wir bitten Sie die Excremente Ihres Hundes mit Hilfe eines Kotbeutels zu sammeln, damit der Park sauber bleibt.<\/span><\/p>\n<p>[\/et_pb_toggle][et_pb_toggle title=&#8220;Ist der Park bei jedem Wetter ge\u00f6ffnet?&#8220; open_toggle_text_color=&#8220;#ffffff&#8220; open_toggle_background_color=&#8220;#155a33&#8243; closed_toggle_text_color=&#8220;#ffffff&#8220; closed_toggle_background_color=&#8220;#155a33&#8243; icon_color=&#8220;#eebc0f&#8220; open_icon_color=&#8220;#eebc0f&#8220; _builder_version=&#8220;4.16&#8243; global_colors_info=&#8220;{}&#8220;]<\/p>\n<p><span style=\"color: #ffffff;\">Der Park ist bei jedem Wetter ge\u00f6ffnet.<\/span><\/p>\n<p><span style=\"color: #ffffff;\">Wir haben 4 bedeckte Z\u00fcge und viele Stellen, wo man Zuflucht suchen kann.<\/span><\/p>\n<p>[\/et_pb_toggle][et_pb_toggle title=&#8220;Kann ich den Park mit einem Kinderwagen besuchen?&#8220; open_toggle_text_color=&#8220;#ffffff&#8220; open_toggle_background_color=&#8220;#155a33&#8243; closed_toggle_text_color=&#8220;#ffffff&#8220; closed_toggle_background_color=&#8220;#155a33&#8243; icon_color=&#8220;#eebc0f&#8220; open_icon_color=&#8220;#eebc0f&#8220; _builder_version=&#8220;4.16&#8243; global_colors_info=&#8220;{}&#8220;]<\/p>\n<p><span style=\"color: #ffffff;\">Alle Wege sind f\u00fcr Kinderwagen geeignet.<\/span><\/p>\n<p><span style=\"color: #ffffff;\">Wir haben einen (nicht bewachten) Ort, in dem Kinderwagen deponiert werden k\u00f6nnen.<\/span><\/p>\n<p><span style=\"color: #ffffff;\">Die Kinderwagen sind in den Z\u00fcgen nicht erlaubt.<\/span><\/p>\n<p>[\/et_pb_toggle][et_pb_toggle title=&#8220;K\u00f6nnen wir mehrere Runden mit den Z\u00fcgen fahren?&#8220; open_toggle_text_color=&#8220;#ffffff&#8220; open_toggle_background_color=&#8220;#155a33&#8243; closed_toggle_text_color=&#8220;#ffffff&#8220; closed_toggle_background_color=&#8220;#155a33&#8243; icon_color=&#8220;#eebc0f&#8220; open_icon_color=&#8220;#eebc0f&#8220; _builder_version=&#8220;4.16&#8243; global_colors_info=&#8220;{}&#8220;]<\/p>\n<p><span style=\"color: #ffffff;\">Der Eintritt beinhaltet einen t\u00e4glich freien Eintritt in den Park und unbegrenzte Zugfahrten.<\/span><\/p>\n<p>[\/et_pb_toggle][\/et_pb_column][\/et_pb_row][et_pb_row _builder_version=&#8220;4.16&#8243; global_colors_info=&#8220;{}&#8220;][et_pb_column type=&#8220;4_4&#8243; _builder_version=&#8220;4.16&#8243; custom_padding=&#8220;|||&#8220; global_colors_info=&#8220;{}&#8220; custom_padding__hover=&#8220;|||&#8220;][et_pb_text _builder_version=&#8220;4.16&#8243; global_colors_info=&#8220;{}&#8220;]<\/p>\n<p>Weitere Informationen \u00fcber unsere Z\u00fcge und Wagen sowie der Infrastruktur oder den Park finden Sie in der Rubrik <a href=\"swissvapeur.ch\/enfamille\"><strong>Unser Universum<\/strong><\/a> oder indem Sie uns kontaktieren mit Hilfe der <a href=\"https:\/\/www.swissvapeur.ch\/de\/kontakt\/\">Kontaktsformular<\/a> .<\/p>\n<p>[\/et_pb_text][\/et_pb_column][\/et_pb_row][\/et_pb_section]<\/p>\n","protected":false},"excerpt":{"rendered":"<p>H\u00e4ufig gestellte Fragen!H\u00e4ufig gestellte FragenZur Verf\u00fcgung: Vor dem Park stehen 80 kostenpflichtige Parkpl\u00e4tze, darunter 2 Pl\u00e4tze f\u00fcr Personen mit Schwerbehindertenausweis. 200 m weiter am See entlang stehen 120 Parkpl\u00e4tze neben dem Bahnhof. Vor Aquaparc (300m) 270 Pl\u00e4tze. Bei Tagen mit gro\u00dfem Andrang wird ein Parkplatz mit 300 Pl\u00e4tzen am Eingang [&hellip;]<\/p>\n","protected":false},"author":1,"featured_media":0,"parent":6834,"menu_order":0,"comment_status":"closed","ping_status":"closed","template":"","meta":{"_et_pb_use_builder":"on","_et_pb_old_content":"","_et_gb_content_width":"","footnotes":""},"class_list":["post-3243","page","type-page","status-publish","hentry"],"yoast_head":"<!-- This site is optimized with the Yoast SEO plugin v27.3 - https:\/\/yoast.com\/product\/yoast-seo-wordpress\/ -->\n<title>FAQ - Swiss Vapeur Parc<\/title>\n<meta name=\"robots\" content=\"index, follow, max-snippet:-1, max-image-preview:large, max-video-preview:-1\" \/>\n<link rel=\"canonical\" href=\"https:\/\/swissvapeur.ch\/de\/mein-besuch\/faq\/\" \/>\n<meta property=\"og:locale\" content=\"de_DE\" \/>\n<meta property=\"og:type\" content=\"article\" \/>\n<meta property=\"og:title\" content=\"FAQ - Swiss Vapeur Parc\" \/>\n<meta property=\"og:description\" content=\"H\u00e4ufig gestellte Fragen!H\u00e4ufig gestellte FragenZur Verf\u00fcgung: Vor dem Park stehen 80 kostenpflichtige Parkpl\u00e4tze, darunter 2 Pl\u00e4tze f\u00fcr Personen mit Schwerbehindertenausweis. 200 m weiter am See entlang stehen 120 Parkpl\u00e4tze neben dem Bahnhof. Vor Aquaparc (300m) 270 Pl\u00e4tze. Bei Tagen mit gro\u00dfem Andrang wird ein Parkplatz mit 300 Pl\u00e4tzen am Eingang [&hellip;]\" \/>\n<meta property=\"og:url\" content=\"https:\/\/swissvapeur.ch\/de\/mein-besuch\/faq\/\" \/>\n<meta property=\"og:site_name\" content=\"Swiss Vapeur Parc\" \/>\n<meta property=\"article:modified_time\" content=\"2025-05-30T08:46:51+00:00\" \/>\n<meta name=\"twitter:card\" content=\"summary_large_image\" \/>\n<meta name=\"twitter:label1\" content=\"Gesch\u00e4tzte Lesezeit\" \/>\n\t<meta name=\"twitter:data1\" content=\"6\u00a0Minuten\" \/>\n<script type=\"application\/ld+json\" class=\"yoast-schema-graph\">{\"@context\":\"https:\\\/\\\/schema.org\",\"@graph\":[{\"@type\":\"WebPage\",\"@id\":\"https:\\\/\\\/swissvapeur.ch\\\/de\\\/mein-besuch\\\/faq\\\/\",\"url\":\"https:\\\/\\\/swissvapeur.ch\\\/de\\\/mein-besuch\\\/faq\\\/\",\"name\":\"FAQ - Swiss Vapeur Parc\",\"isPartOf\":{\"@id\":\"https:\\\/\\\/swissvapeur.ch\\\/de\\\/#website\"},\"datePublished\":\"2019-05-26T15:20:11+00:00\",\"dateModified\":\"2025-05-30T08:46:51+00:00\",\"breadcrumb\":{\"@id\":\"https:\\\/\\\/swissvapeur.ch\\\/de\\\/mein-besuch\\\/faq\\\/#breadcrumb\"},\"inLanguage\":\"de\",\"potentialAction\":[{\"@type\":\"ReadAction\",\"target\":[\"https:\\\/\\\/swissvapeur.ch\\\/de\\\/mein-besuch\\\/faq\\\/\"]}]},{\"@type\":\"BreadcrumbList\",\"@id\":\"https:\\\/\\\/swissvapeur.ch\\\/de\\\/mein-besuch\\\/faq\\\/#breadcrumb\",\"itemListElement\":[{\"@type\":\"ListItem\",\"position\":1,\"name\":\"Accueil\",\"item\":\"https:\\\/\\\/swissvapeur.ch\\\/de\\\/\"},{\"@type\":\"ListItem\",\"position\":2,\"name\":\"Mein Besuch\",\"item\":\"https:\\\/\\\/swissvapeur.ch\\\/de\\\/mein-besuch\\\/\"},{\"@type\":\"ListItem\",\"position\":3,\"name\":\"FAQ\"}]},{\"@type\":\"WebSite\",\"@id\":\"https:\\\/\\\/swissvapeur.ch\\\/de\\\/#website\",\"url\":\"https:\\\/\\\/swissvapeur.ch\\\/de\\\/\",\"name\":\"Swiss Vapeur Parc\",\"description\":\"Des petits trains presque comme les grands\",\"potentialAction\":[{\"@type\":\"SearchAction\",\"target\":{\"@type\":\"EntryPoint\",\"urlTemplate\":\"https:\\\/\\\/swissvapeur.ch\\\/de\\\/?s={search_term_string}\"},\"query-input\":{\"@type\":\"PropertyValueSpecification\",\"valueRequired\":true,\"valueName\":\"search_term_string\"}}],\"inLanguage\":\"de\"}]}<\/script>\n<!-- \/ Yoast SEO plugin. -->","yoast_head_json":{"title":"FAQ - Swiss Vapeur Parc","robots":{"index":"index","follow":"follow","max-snippet":"max-snippet:-1","max-image-preview":"max-image-preview:large","max-video-preview":"max-video-preview:-1"},"canonical":"https:\/\/swissvapeur.ch\/de\/mein-besuch\/faq\/","og_locale":"de_DE","og_type":"article","og_title":"FAQ - Swiss Vapeur Parc","og_description":"H\u00e4ufig gestellte Fragen!H\u00e4ufig gestellte FragenZur Verf\u00fcgung: Vor dem Park stehen 80 kostenpflichtige Parkpl\u00e4tze, darunter 2 Pl\u00e4tze f\u00fcr Personen mit Schwerbehindertenausweis. 200 m weiter am See entlang stehen 120 Parkpl\u00e4tze neben dem Bahnhof. Vor Aquaparc (300m) 270 Pl\u00e4tze. Bei Tagen mit gro\u00dfem Andrang wird ein Parkplatz mit 300 Pl\u00e4tzen am Eingang [&hellip;]","og_url":"https:\/\/swissvapeur.ch\/de\/mein-besuch\/faq\/","og_site_name":"Swiss Vapeur Parc","article_modified_time":"2025-05-30T08:46:51+00:00","twitter_card":"summary_large_image","twitter_misc":{"Gesch\u00e4tzte Lesezeit":"6\u00a0Minuten"},"schema":{"@context":"https:\/\/schema.org","@graph":[{"@type":"WebPage","@id":"https:\/\/swissvapeur.ch\/de\/mein-besuch\/faq\/","url":"https:\/\/swissvapeur.ch\/de\/mein-besuch\/faq\/","name":"FAQ - Swiss Vapeur Parc","isPartOf":{"@id":"https:\/\/swissvapeur.ch\/de\/#website"},"datePublished":"2019-05-26T15:20:11+00:00","dateModified":"2025-05-30T08:46:51+00:00","breadcrumb":{"@id":"https:\/\/swissvapeur.ch\/de\/mein-besuch\/faq\/#breadcrumb"},"inLanguage":"de","potentialAction":[{"@type":"ReadAction","target":["https:\/\/swissvapeur.ch\/de\/mein-besuch\/faq\/"]}]},{"@type":"BreadcrumbList","@id":"https:\/\/swissvapeur.ch\/de\/mein-besuch\/faq\/#breadcrumb","itemListElement":[{"@type":"ListItem","position":1,"name":"Accueil","item":"https:\/\/swissvapeur.ch\/de\/"},{"@type":"ListItem","position":2,"name":"Mein Besuch","item":"https:\/\/swissvapeur.ch\/de\/mein-besuch\/"},{"@type":"ListItem","position":3,"name":"FAQ"}]},{"@type":"WebSite","@id":"https:\/\/swissvapeur.ch\/de\/#website","url":"https:\/\/swissvapeur.ch\/de\/","name":"Swiss Vapeur Parc","description":"Des petits trains presque comme les grands","potentialAction":[{"@type":"SearchAction","target":{"@type":"EntryPoint","urlTemplate":"https:\/\/swissvapeur.ch\/de\/?s={search_term_string}"},"query-input":{"@type":"PropertyValueSpecification","valueRequired":true,"valueName":"search_term_string"}}],"inLanguage":"de"}]}},"_links":{"self":[{"href":"https:\/\/swissvapeur.ch\/de\/wp-json\/wp\/v2\/pages\/3243","targetHints":{"allow":["GET"]}}],"collection":[{"href":"https:\/\/swissvapeur.ch\/de\/wp-json\/wp\/v2\/pages"}],"about":[{"href":"https:\/\/swissvapeur.ch\/de\/wp-json\/wp\/v2\/types\/page"}],"author":[{"embeddable":true,"href":"https:\/\/swissvapeur.ch\/de\/wp-json\/wp\/v2\/users\/1"}],"replies":[{"embeddable":true,"href":"https:\/\/swissvapeur.ch\/de\/wp-json\/wp\/v2\/comments?post=3243"}],"version-history":[{"count":8,"href":"https:\/\/swissvapeur.ch\/de\/wp-json\/wp\/v2\/pages\/3243\/revisions"}],"predecessor-version":[{"id":13297,"href":"https:\/\/swissvapeur.ch\/de\/wp-json\/wp\/v2\/pages\/3243\/revisions\/13297"}],"up":[{"embeddable":true,"href":"https:\/\/swissvapeur.ch\/de\/wp-json\/wp\/v2\/pages\/6834"}],"wp:attachment":[{"href":"https:\/\/swissvapeur.ch\/de\/wp-json\/wp\/v2\/media?parent=3243"}],"curies":[{"name":"wp","href":"https:\/\/api.w.org\/{rel}","templated":true}]}}