{"id":3223,"date":"2019-05-26T16:33:06","date_gmt":"2019-05-26T14:33:06","guid":{"rendered":"http:\/\/www.swissvapeur.ch\/landschaft\/"},"modified":"2026-02-12T16:41:30","modified_gmt":"2026-02-12T15:41:30","slug":"landschaft","status":"publish","type":"page","link":"https:\/\/swissvapeur.ch\/de\/landschaft\/","title":{"rendered":"Landschaft"},"content":{"rendered":"<p>[et_pb_section fb_built=&#8220;1&#8243; fullwidth=&#8220;on&#8220; admin_label=&#8220;Header Section&#8220; _builder_version=&#8220;4.16&#8243; background_color=&#8220;#ffffff&#8220; custom_padding=&#8220;0px|0px|0|0px|false|false&#8220; top_divider_color=&#8220;#ffffff&#8220; bottom_divider_style=&#8220;ramp2&#8243; bottom_divider_color=&#8220;#ffffff&#8220; global_colors_info=&#8220;{}&#8220;][et_pb_fullwidth_header title=&#8220;Mit dem Zug oder zu Fu\u00df, entdecken Sie eine echte&#8220; subhead=&#8220;Landschaft&#8220; background_overlay_color=&#8220;rgba(0,0,0,0.33)&#8220; content_max_width=&#8220;640px&#8220; _builder_version=&#8220;4.27.5&#8243; title_font=&#8220;Poppins|700|||||||&#8220; title_font_size=&#8220;29px&#8220; title_line_height=&#8220;1.5em&#8220; content_font=&#8220;Poppins||||||||&#8220; content_font_size=&#8220;22px&#8220; content_line_height=&#8220;2em&#8220; subhead_font=&#8220;&#8211;et_global_body_font|700||on|||||&#8220; subhead_text_color=&#8220;#ffffff&#8220; subhead_font_size=&#8220;70px&#8220; subhead_line_height=&#8220;1.5em&#8220; background_image=&#8220;https:\/\/swissvapeur.ch\/wp-content\/uploads\/2019\/03\/Gallerie-md-19.jpg&#8220; parallax=&#8220;on&#8220; parallax_method=&#8220;on&#8220; custom_button_one=&#8220;on&#8220; button_one_text_size=&#8220;16px&#8220; button_one_text_color=&#8220;#ffffff&#8220; button_one_bg_color=&#8220;#d29f68&#8243; button_one_border_width=&#8220;15px&#8220; button_one_border_color=&#8220;rgba(210,159,104,0)&#8220; button_one_border_radius=&#8220;100px&#8220; button_one_letter_spacing=&#8220;3px&#8220; button_one_font=&#8220;Oswald|||on|||||&#8220; button_one_use_icon=&#8220;off&#8220; custom_button_two=&#8220;on&#8220; button_two_text_size=&#8220;16px&#8220; button_two_text_color=&#8220;#ffffff&#8220; button_two_bg_color=&#8220;rgba(255,255,255,0.35)&#8220; button_two_border_width=&#8220;15px&#8220; button_two_border_color=&#8220;rgba(0,0,0,0)&#8220; button_two_border_radius=&#8220;100px&#8220; button_two_letter_spacing=&#8220;3px&#8220; button_two_font=&#8220;Oswald|||on|||||&#8220; button_two_use_icon=&#8220;off&#8220; custom_margin=&#8220;|||&#8220; custom_padding=&#8220;8vw||8vw||true|false&#8220; hover_enabled=&#8220;0&#8243; subhead_font_size_tablet=&#8220;80px&#8220; subhead_font_size_phone=&#8220;50px&#8220; subhead_font_size_last_edited=&#8220;on|desktop&#8220; button_one_border_radius_hover=&#8220;100px&#8220; button_one_bg_color_hover=&#8220;#cc8d66&#8243; button_two_bg_color_hover=&#8220;#d29f68&#8243; global_colors_info=&#8220;{}&#8220; button_one_text_size__hover_enabled=&#8220;off&#8220; button_two_text_size__hover_enabled=&#8220;off&#8220; button_one_text_color__hover_enabled=&#8220;off&#8220; button_two_text_color__hover_enabled=&#8220;off&#8220; button_one_border_width__hover_enabled=&#8220;off&#8220; button_two_border_width__hover_enabled=&#8220;off&#8220; button_one_border_color__hover_enabled=&#8220;off&#8220; button_two_border_color__hover_enabled=&#8220;off&#8220; button_one_border_radius__hover_enabled=&#8220;on&#8220; button_one_border_radius__hover=&#8220;100px&#8220; button_two_border_radius__hover_enabled=&#8220;off&#8220; button_one_letter_spacing__hover_enabled=&#8220;off&#8220; button_two_letter_spacing__hover_enabled=&#8220;off&#8220; button_one_bg_color__hover_enabled=&#8220;on&#8220; button_one_bg_color__hover=&#8220;#cc8d66&#8243; button_two_bg_color__hover_enabled=&#8220;on&#8220; button_two_bg_color__hover=&#8220;#d29f68&#8243; subhead_letter_spacing=&#8220;-3px&#8220; sticky_enabled=&#8220;0&#8243;]<\/p>\n<p style=\"color: #fff;\">De la montagne \u00e0 la plaine en un tunnel, le train permet, comme dans la r\u00e9alit\u00e9, de profiter du paysage tout en se d\u00e9pla\u00e7ant. Au Swiss Vapeur Parc, ce n&#8217;est pas le d\u00e9placement mais l&#8217;exp\u00e9rience du voyage qui compte.<\/p>\n<p>[\/et_pb_fullwidth_header][\/et_pb_section][et_pb_section fb_built=&#8220;1&#8243; _builder_version=&#8220;4.16&#8243; custom_padding=&#8220;54px|0px|30px|0px|false|false&#8220; global_colors_info=&#8220;{}&#8220;][et_pb_row _builder_version=&#8220;4.16&#8243; global_colors_info=&#8220;{}&#8220;][et_pb_column type=&#8220;4_4&#8243; _builder_version=&#8220;4.16&#8243; custom_padding=&#8220;|||&#8220; global_colors_info=&#8220;{}&#8220; custom_padding__hover=&#8220;|||&#8220;][et_pb_text _builder_version=&#8220;4.16&#8243; global_colors_info=&#8220;{}&#8220;]<\/p>\n<h3><strong>Bahngeb\u00e4ude und Kunstwerke<\/strong><\/h3>\n<p>[\/et_pb_text][\/et_pb_column][\/et_pb_row][et_pb_row column_structure=&#8220;3_5,2_5&#8243; _builder_version=&#8220;4.16&#8243; custom_padding=&#8220;0|0px|0|0px|false|false&#8220; global_colors_info=&#8220;{}&#8220;][et_pb_column type=&#8220;3_5&#8243; _builder_version=&#8220;4.16&#8243; custom_padding=&#8220;|||&#8220; global_colors_info=&#8220;{}&#8220; custom_padding__hover=&#8220;|||&#8220;][et_pb_gallery gallery_ids=&#8220;2987,2917,2901,2903,2905,2829&#8243; fullwidth=&#8220;on&#8220; _builder_version=&#8220;4.16&#8243; global_colors_info=&#8220;{}&#8220;][\/et_pb_gallery][\/et_pb_column][et_pb_column type=&#8220;2_5&#8243; _builder_version=&#8220;4.16&#8243; custom_padding=&#8220;|||&#8220; global_colors_info=&#8220;{}&#8220; custom_padding__hover=&#8220;|||&#8220;][et_pb_text _builder_version=&#8220;4.16&#8243; global_colors_info=&#8220;{}&#8220;]<\/p>\n<p>Entdecken Sie die symboltr\u00e4chtigen Geb\u00e4ude der Schweizer Landschaft bei Ihrem Besuch. Den Kuklos von Leysin, die Bisse de Savi\u00e8se, die Kirche von Saanen oder auch das Ch\u00e2teau d&#8217;Aigle, echter als die Natur.<\/p>\n<p>[\/et_pb_text][\/et_pb_column][\/et_pb_row][et_pb_row column_structure=&#8220;2_5,3_5&#8243; _builder_version=&#8220;4.27.5&#8243; hover_enabled=&#8220;0&#8243; global_colors_info=&#8220;{}&#8220; custom_margin=&#8220;50px||||false|false&#8220; sticky_enabled=&#8220;0&#8243;][et_pb_column type=&#8220;2_5&#8243; _builder_version=&#8220;4.16&#8243; custom_padding=&#8220;|||&#8220; global_colors_info=&#8220;{}&#8220; custom_padding__hover=&#8220;|||&#8220;][et_pb_text _builder_version=&#8220;4.16&#8243; global_colors_info=&#8220;{}&#8220;]<\/p>\n<p style=\"text-align: justify;\">Was w\u00e4re das Eisenbahnuniversum ohne Br\u00fccken und Tunnel? Der Swiss Vapeur macht da keine Ausnahme und bietet eine Vielzahl von Kunstwerken, die zur \u00dcberwindung nat\u00fcrlicher Hindernisse notwendig sind. Ein Dutzend Br\u00fccken, aus Metall, Holz oder Stein, und 6 Tunnel, von denen einer fast 60m lang ist. Eine Premiere in Europa f\u00fcr einen Eisenbahnpark.<\/p>\n<p>[\/et_pb_text][\/et_pb_column][et_pb_column type=&#8220;3_5&#8243; _builder_version=&#8220;4.16&#8243; custom_padding=&#8220;|||&#8220; global_colors_info=&#8220;{}&#8220; custom_padding__hover=&#8220;|||&#8220;][et_pb_gallery gallery_ids=&#8220;2991,2907,1851&#8243; fullwidth=&#8220;on&#8220; _builder_version=&#8220;4.16&#8243; title_font=&#8220;||||||||&#8220; pagination_font=&#8220;||||||||&#8220; link_option_url=&#8220;#&#8220; global_colors_info=&#8220;{}&#8220;][\/et_pb_gallery][\/et_pb_column][\/et_pb_row][et_pb_row use_custom_gutter=&#8220;on&#8220; gutter_width=&#8220;1&#8243; _builder_version=&#8220;4.16&#8243; max_width=&#8220;2600px&#8220; use_custom_width=&#8220;on&#8220; custom_width_px=&#8220;2600px&#8220; global_colors_info=&#8220;{}&#8220;][et_pb_column type=&#8220;4_4&#8243; _builder_version=&#8220;4.16&#8243; custom_padding=&#8220;|||&#8220; global_colors_info=&#8220;{}&#8220; custom_padding__hover=&#8220;|||&#8220;][et_pb_gallery gallery_ids=&#8220;2917,2903,2905,2907,2913,2901&#8243; show_title_and_caption=&#8220;off&#8220; show_pagination=&#8220;off&#8220; _builder_version=&#8220;4.16&#8243; caption_font=&#8220;||||||||&#8220; global_colors_info=&#8220;{}&#8220;][\/et_pb_gallery][\/et_pb_column][\/et_pb_row][\/et_pb_section][et_pb_section fb_built=&#8220;1&#8243; next_background_color=&#8220;#ffffff&#8220; _builder_version=&#8220;4.16&#8243; use_background_color_gradient=&#8220;on&#8220; background_color_gradient_direction=&#8220;1deg&#8220; background_color_gradient_stops=&#8220;rgba(0,0,0,0.67) 0%|rgba(0,0,0,0.4) 100%&#8220; background_color_gradient_start=&#8220;rgba(0,0,0,0.67)&#8220; background_color_gradient_end=&#8220;rgba(0,0,0,0.4)&#8220; background_image=&#8220;https:\/\/swissvapeur.ch\/wp-content\/uploads\/2019\/03\/Gallerie-md-21.jpg&#8220; parallax=&#8220;on&#8220; module_alignment=&#8220;center&#8220; custom_padding=&#8220;108px|0px|124px|0px|false|false&#8220; top_divider_flip=&#8220;vertical|horizontal&#8220; bottom_divider_style=&#8220;ramp2&#8243; bottom_divider_flip=&#8220;horizontal&#8220; saved_tabs=&#8220;all&#8220; global_colors_info=&#8220;{}&#8220;][et_pb_row _builder_version=&#8220;4.16&#8243; custom_padding=&#8220;0|0px|0|0px|false|false&#8220; global_colors_info=&#8220;{}&#8220;][et_pb_column type=&#8220;4_4&#8243; _builder_version=&#8220;4.16&#8243; custom_padding=&#8220;|||&#8220; global_colors_info=&#8220;{}&#8220; custom_padding__hover=&#8220;|||&#8220;][et_pb_text _builder_version=&#8220;4.16&#8243; global_colors_info=&#8220;{}&#8220;]<\/p>\n<h2 style=\"text-align: left;\"><span style=\"color: #ffffff;\"><strong>MEHR ALS 135 AUFGELISTETE PFLANZEN!<br \/> <\/strong><\/span><\/h2>\n<p>[\/et_pb_text][\/et_pb_column][\/et_pb_row][et_pb_row column_structure=&#8220;1_2,1_2&#8243; _builder_version=&#8220;4.16&#8243; custom_padding=&#8220;27px|0px|0|0px|false|false&#8220; global_colors_info=&#8220;{}&#8220;][et_pb_column type=&#8220;1_2&#8243; _builder_version=&#8220;4.16&#8243; custom_padding=&#8220;|||&#8220; global_colors_info=&#8220;{}&#8220; custom_padding__hover=&#8220;|||&#8220;][et_pb_text _builder_version=&#8220;4.27.5&#8243; hover_enabled=&#8220;0&#8243; global_colors_info=&#8220;{}&#8220; sticky_enabled=&#8220;0&#8243;]<\/p>\n<p><span style=\"color: #ffffff;\">En amoureux de la nature et du paysage, notre paysagiste et son \u00e9quipe travaillent d&#8217;arrache-pied<\/span><span style=\"color: #ffffff;\"> tout au long de l&#8217;ann\u00e9e pour entretenir et d\u00e9velopper l\u2019\u00e9crin de verdure qu&#8217;est le Swiss Vapeur Parc.<br \/><\/span><\/p>\n<p><span style=\"color: #ffffff;\">Arbres, fleurs et pelouses sont travaill\u00e9s pour mettre en valeur le circuit et les b\u00e2timents tout en permettant aux visiteurs de se sentir bien dans un univers vert et accueillant.<\/span><\/p>\n<p><span style=\"color: #ffffff;\">D\u00e9couvrez gr\u00e2ce \u00e0 la liste des plantes r\u00e9pertori\u00e9es, int\u00e9gr\u00e9e au plan du parc, toutes les esp\u00e8ces qui font la beaut\u00e9 du parc.\u00a0 <\/span><\/p>\n<p>[\/et_pb_text][\/et_pb_column][et_pb_column type=&#8220;1_2&#8243; _builder_version=&#8220;4.16&#8243; custom_padding=&#8220;|||&#8220; global_colors_info=&#8220;{}&#8220; custom_padding__hover=&#8220;|||&#8220;][\/et_pb_column][\/et_pb_row][\/et_pb_section][et_pb_section fb_built=&#8220;1&#8243; _builder_version=&#8220;4.16&#8243; background_color=&#8220;#ffffff&#8220; custom_padding=&#8220;30px|0px|40px|0px|false|false&#8220; global_colors_info=&#8220;{}&#8220;][et_pb_row column_structure=&#8220;3_5,2_5&#8243; use_custom_gutter=&#8220;on&#8220; gutter_width=&#8220;1&#8243; _builder_version=&#8220;4.16&#8243; background_color=&#8220;#0a4417&#8243; max_width=&#8220;80%&#8220; custom_padding=&#8220;0|0px|0|0px|false|false&#8220; use_custom_width=&#8220;on&#8220; width_unit=&#8220;off&#8220; global_colors_info=&#8220;{}&#8220;][et_pb_column type=&#8220;3_5&#8243; _builder_version=&#8220;4.16&#8243; custom_padding=&#8220;|||&#8220; global_colors_info=&#8220;{}&#8220; custom_padding__hover=&#8220;|||&#8220;][et_pb_image src=&#8220;https:\/\/swissvapeur.ch\/wp-content\/uploads\/2019\/03\/Gallerie-md-7.jpg&#8220; align_tablet=&#8220;center&#8220; align_phone=&#8220;&#8220; align_last_edited=&#8220;on|desktop&#8220; _builder_version=&#8220;4.16&#8243; global_colors_info=&#8220;{}&#8220;][\/et_pb_image][\/et_pb_column][et_pb_column type=&#8220;2_5&#8243; _builder_version=&#8220;4.16&#8243; custom_padding=&#8220;|||&#8220; global_colors_info=&#8220;{}&#8220; custom_padding__hover=&#8220;|||&#8220;][et_pb_cta title=&#8220;EINE GROSSE ARBEIT EINER GRUPPE LEIDENSCHAFTLER&#8220; _builder_version=&#8220;4.27.5&#8243; background_color=&#8220;#0a4417&#8243; hover_enabled=&#8220;0&#8243; global_colors_info=&#8220;{}&#8220; sticky_enabled=&#8220;0&#8243;]<\/p>\n<p style=\"color: #fff;\">Au fil du temps et des extensions le d\u00e9cors du Swiss Vapeur a \u00e9volu\u00e9. Un village, un ch\u00e2teau, de nouveaux d\u00e9p\u00f4ts et un pont suspendu d&#8217;environ 40m de long inspir\u00e9 des ouvrages am\u00e9ricains dessin\u00e9s par l&#8217;ing\u00e9nieur suisse Othmar Ammann. L&#8217;aventure continue avec le projet de d\u00e9p\u00f4t-mus\u00e9e orchestr\u00e9 par la Fondation du Mod\u00e9lisme \u00e0 Vapeur Vive (FMVV)<\/p>\n<p>[\/et_pb_cta][\/et_pb_column][\/et_pb_row][\/et_pb_section][et_pb_section fb_built=&#8220;1&#8243; _builder_version=&#8220;4.27.5&#8243; _module_preset=&#8220;default&#8220; background_color=&#8220;#052a18&#8243; global_module=&#8220;14643&#8243; saved_tabs=&#8220;all&#8220; locked=&#8220;off&#8220; global_colors_info=&#8220;{}&#8220;][et_pb_row column_structure=&#8220;1_4,1_4,1_4,1_4&#8243; _builder_version=&#8220;4.27.5&#8243; _module_preset=&#8220;default&#8220; global_colors_info=&#8220;{}&#8220;][et_pb_column type=&#8220;1_4&#8243; _builder_version=&#8220;4.27.5&#8243; _module_preset=&#8220;default&#8220; global_colors_info=&#8220;{}&#8220;][et_pb_code _builder_version=&#8220;4.27.5&#8243; _module_preset=&#8220;default&#8220; global_colors_info=&#8220;{}&#8220;]<\/p>\n<h4 class=\"title\"><bleu-clair><b>ACC\u00c8S RAPIDE<\/b><\/bleu-clair><\/h4>\n<p><!-- [et_pb_line_break_holder] --><pee><!-- [et_pb_line_break_holder] -->  <a href=\"\/\"><b><blanc>Accueil<\/blanc><\/b><\/a><!\u2013- [et_pb_br_holder] -\u2013><!-- [et_pb_line_break_holder] -->  <a href=\"\/votre-visite\"><b><blanc>Votre visite<\/blanc><\/b><\/a><!\u2013- [et_pb_br_holder] -\u2013><!-- [et_pb_line_break_holder] -->  <a href=\"\/tarifs\"><b><blanc>Tarifs<\/blanc><\/b><\/a><!\u2013- [et_pb_br_holder] -\u2013><!-- [et_pb_line_break_holder] -->  <a href=\"\/groupes\"><b><blanc>Groupes<\/blanc><\/b><\/a><!\u2013- [et_pb_br_holder] -\u2013><!-- [et_pb_line_break_holder] -->  <a href=\"\/anniversaire\"><b><blanc>Anniversaire<\/blanc><\/b><\/a><!\u2013- [et_pb_br_holder] -\u2013><!-- [et_pb_line_break_holder] -->  <a href=\"\/faq\"><b><blanc>FAQ<\/blanc><\/b><\/a><!\u2013- [et_pb_br_holder] -\u2013><!-- [et_pb_line_break_holder] -->  <a href=\"\/billetterie\"><b><blanc>Billetterie<\/blanc><\/b><\/a><!\u2013- [et_pb_br_holder] -\u2013><!-- [et_pb_line_break_holder] --><\/pee>[\/et_pb_code][\/et_pb_column][et_pb_column type=&#8220;1_4&#8243; _builder_version=&#8220;4.27.5&#8243; _module_preset=&#8220;default&#8220; global_colors_info=&#8220;{}&#8220;][et_pb_code _builder_version=&#8220;4.27.5&#8243; _module_preset=&#8220;default&#8220; global_colors_info=&#8220;{}&#8220;]<\/p>\n<h4 class=\"title\"><bleu-clair><b>LIENS<\/b><\/bleu-clair><\/h4>\n<p><!-- [et_pb_line_break_holder] --><pee><!-- [et_pb_line_break_holder] -->  <a href=\"\/partenaires\/\"><b><blanc>Partenaires<\/blanc><\/b><\/a><!\u2013- [et_pb_br_holder] -\u2013><!-- [et_pb_line_break_holder] -->  <a href=\"\/espace-membres-casvp\/\"><b><blanc>CASVP Club des amis<\/blanc><\/b><\/a><!\u2013- [et_pb_br_holder] -\u2013><!-- [et_pb_line_break_holder] -->  <a href=\"https:\/\/fmvv.ch\/\"><b><blanc>FMVV Fondation<\/blanc><\/b><\/a><!\u2013- [et_pb_br_holder] -\u2013><!\u2013- [et_pb_br_holder] -\u2013><!-- [et_pb_line_break_holder] --><\/pee>[\/et_pb_code][\/et_pb_column][et_pb_column type=&#8220;1_4&#8243; _builder_version=&#8220;4.27.5&#8243; _module_preset=&#8220;default&#8220; global_colors_info=&#8220;{}&#8220;][et_pb_code _builder_version=&#8220;4.27.5&#8243; _module_preset=&#8220;default&#8220; global_colors_info=&#8220;{}&#8220;]<\/p>\n<h4 class=\"title\"><bleu-clair><b>CONTACT<\/b><\/bleu-clair><\/h4>\n<p><!-- [et_pb_line_break_holder] --><pee><blanc>Swiss Vapeur Parc<!\u2013- [et_pb_br_holder] -\u2013>Rue du port 10<!\u2013- [et_pb_br_holder] -\u2013>1897 Le Bouveret<\/blanc><\/pee><!-- [et_pb_line_break_holder] --><pee style=\"margin-top: 20px;\"><a href=\"mailto:info@swissvapeur.ch\"><b>info@swissvapeur.ch<\/b><\/a><\/pee>[\/et_pb_code][\/et_pb_column][et_pb_column type=&#8220;1_4&#8243; _builder_version=&#8220;4.27.5&#8243; _module_preset=&#8220;default&#8220; global_colors_info=&#8220;{}&#8220;][et_pb_code _builder_version=&#8220;4.27.5&#8243; _module_preset=&#8220;default&#8220; global_colors_info=&#8220;{}&#8220;]<\/p>\n<h4 class=\"title\"><bleu-clair><b>R\u00c9SEAUX SOCIAUX<\/b><\/bleu-clair><\/h4>\n<p><!-- [et_pb_line_break_holder] --><pee>\n<ul class=\"et-social-icons\" style=\"text-align: left !important;\"><!-- [et_pb_line_break_holder] --><!-- [et_pb_line_break_holder] -->\t<\/p>\n<li class=\"et-social-icon et-social-facebook\" ><!-- [et_pb_line_break_holder] -->\t\t<a href=\"https:\/\/www.facebook.com\/swissvapeur\/\" class=\"icon\"><!-- [et_pb_line_break_holder] -->\t\t\t<span>Facebook<\/span><!-- [et_pb_line_break_holder] -->\t\t<\/a><!-- [et_pb_line_break_holder] -->\t<\/li>\n<p><!-- [et_pb_line_break_holder] -->\t<\/p>\n<li class=\"et-social-icon et-social-instagram\"><!-- [et_pb_line_break_holder] -->\t\t<a href=\"https:\/\/www.instagram.com\/swiss_vapeur_officiel\/?hl=fr\" class=\"icon\"><!-- [et_pb_line_break_holder] -->\t\t\t<span>Instagram<\/span><!-- [et_pb_line_break_holder] -->\t\t<\/a><!-- [et_pb_line_break_holder] -->\t<\/li>\n<p><!-- [et_pb_line_break_holder] --><!-- [et_pb_line_break_holder] --><\/ul>\n<\/pee>[\/et_pb_code][\/et_pb_column][\/et_pb_row][\/et_pb_section]<\/p>\n","protected":false},"excerpt":{"rendered":"<p>De la montagne \u00e0 la plaine en un tunnel, le train permet, comme dans la r\u00e9alit\u00e9, de profiter du paysage tout en se d\u00e9pla\u00e7ant. Au Swiss Vapeur Parc, ce n&#8217;est pas le d\u00e9placement mais l&#8217;exp\u00e9rience du voyage qui compte.Bahngeb\u00e4ude und KunstwerkeEntdecken Sie die symboltr\u00e4chtigen Geb\u00e4ude der Schweizer Landschaft bei Ihrem [&hellip;]<\/p>\n","protected":false},"author":4,"featured_media":0,"parent":0,"menu_order":0,"comment_status":"closed","ping_status":"closed","template":"","meta":{"_et_pb_use_builder":"on","_et_pb_old_content":"","_et_gb_content_width":"","footnotes":""},"class_list":["post-3223","page","type-page","status-publish","hentry"],"yoast_head":"<!-- This site is optimized with the Yoast SEO plugin v27.3 - https:\/\/yoast.com\/product\/yoast-seo-wordpress\/ -->\n<title>Landschaft - Swiss Vapeur Parc<\/title>\n<meta name=\"robots\" content=\"index, follow, max-snippet:-1, max-image-preview:large, max-video-preview:-1\" \/>\n<link rel=\"canonical\" href=\"https:\/\/swissvapeur.ch\/de\/landschaft\/\" \/>\n<meta property=\"og:locale\" content=\"de_DE\" \/>\n<meta property=\"og:type\" content=\"article\" \/>\n<meta property=\"og:title\" content=\"Landschaft - Swiss Vapeur Parc\" \/>\n<meta property=\"og:description\" content=\"De la montagne \u00e0 la plaine en un tunnel, le train permet, comme dans la r\u00e9alit\u00e9, de profiter du paysage tout en se d\u00e9pla\u00e7ant. Au Swiss Vapeur Parc, ce n&#039;est pas le d\u00e9placement mais l&#039;exp\u00e9rience du voyage qui compte.Bahngeb\u00e4ude und KunstwerkeEntdecken Sie die symboltr\u00e4chtigen Geb\u00e4ude der Schweizer Landschaft bei Ihrem [&hellip;]\" \/>\n<meta property=\"og:url\" content=\"https:\/\/swissvapeur.ch\/de\/landschaft\/\" \/>\n<meta property=\"og:site_name\" content=\"Swiss Vapeur Parc\" \/>\n<meta property=\"article:modified_time\" content=\"2026-02-12T15:41:30+00:00\" \/>\n<meta name=\"twitter:card\" content=\"summary_large_image\" \/>\n<meta name=\"twitter:label1\" content=\"Gesch\u00e4tzte Lesezeit\" \/>\n\t<meta name=\"twitter:data1\" content=\"8\u00a0Minuten\" \/>\n<script type=\"application\/ld+json\" class=\"yoast-schema-graph\">{\"@context\":\"https:\\\/\\\/schema.org\",\"@graph\":[{\"@type\":\"WebPage\",\"@id\":\"https:\\\/\\\/swissvapeur.ch\\\/de\\\/landschaft\\\/\",\"url\":\"https:\\\/\\\/swissvapeur.ch\\\/de\\\/landschaft\\\/\",\"name\":\"Landschaft - Swiss Vapeur Parc\",\"isPartOf\":{\"@id\":\"https:\\\/\\\/swissvapeur.ch\\\/de\\\/#website\"},\"datePublished\":\"2019-05-26T14:33:06+00:00\",\"dateModified\":\"2026-02-12T15:41:30+00:00\",\"breadcrumb\":{\"@id\":\"https:\\\/\\\/swissvapeur.ch\\\/de\\\/landschaft\\\/#breadcrumb\"},\"inLanguage\":\"de\",\"potentialAction\":[{\"@type\":\"ReadAction\",\"target\":[\"https:\\\/\\\/swissvapeur.ch\\\/de\\\/landschaft\\\/\"]}]},{\"@type\":\"BreadcrumbList\",\"@id\":\"https:\\\/\\\/swissvapeur.ch\\\/de\\\/landschaft\\\/#breadcrumb\",\"itemListElement\":[{\"@type\":\"ListItem\",\"position\":1,\"name\":\"Accueil\",\"item\":\"https:\\\/\\\/swissvapeur.ch\\\/de\\\/\"},{\"@type\":\"ListItem\",\"position\":2,\"name\":\"Landschaft\"}]},{\"@type\":\"WebSite\",\"@id\":\"https:\\\/\\\/swissvapeur.ch\\\/de\\\/#website\",\"url\":\"https:\\\/\\\/swissvapeur.ch\\\/de\\\/\",\"name\":\"Swiss Vapeur Parc\",\"description\":\"Des petits trains presque comme les grands\",\"potentialAction\":[{\"@type\":\"SearchAction\",\"target\":{\"@type\":\"EntryPoint\",\"urlTemplate\":\"https:\\\/\\\/swissvapeur.ch\\\/de\\\/?s={search_term_string}\"},\"query-input\":{\"@type\":\"PropertyValueSpecification\",\"valueRequired\":true,\"valueName\":\"search_term_string\"}}],\"inLanguage\":\"de\"}]}<\/script>\n<!-- \/ Yoast SEO plugin. -->","yoast_head_json":{"title":"Landschaft - Swiss Vapeur Parc","robots":{"index":"index","follow":"follow","max-snippet":"max-snippet:-1","max-image-preview":"max-image-preview:large","max-video-preview":"max-video-preview:-1"},"canonical":"https:\/\/swissvapeur.ch\/de\/landschaft\/","og_locale":"de_DE","og_type":"article","og_title":"Landschaft - Swiss Vapeur Parc","og_description":"De la montagne \u00e0 la plaine en un tunnel, le train permet, comme dans la r\u00e9alit\u00e9, de profiter du paysage tout en se d\u00e9pla\u00e7ant. Au Swiss Vapeur Parc, ce n'est pas le d\u00e9placement mais l'exp\u00e9rience du voyage qui compte.Bahngeb\u00e4ude und KunstwerkeEntdecken Sie die symboltr\u00e4chtigen Geb\u00e4ude der Schweizer Landschaft bei Ihrem [&hellip;]","og_url":"https:\/\/swissvapeur.ch\/de\/landschaft\/","og_site_name":"Swiss Vapeur Parc","article_modified_time":"2026-02-12T15:41:30+00:00","twitter_card":"summary_large_image","twitter_misc":{"Gesch\u00e4tzte Lesezeit":"8\u00a0Minuten"},"schema":{"@context":"https:\/\/schema.org","@graph":[{"@type":"WebPage","@id":"https:\/\/swissvapeur.ch\/de\/landschaft\/","url":"https:\/\/swissvapeur.ch\/de\/landschaft\/","name":"Landschaft - Swiss Vapeur Parc","isPartOf":{"@id":"https:\/\/swissvapeur.ch\/de\/#website"},"datePublished":"2019-05-26T14:33:06+00:00","dateModified":"2026-02-12T15:41:30+00:00","breadcrumb":{"@id":"https:\/\/swissvapeur.ch\/de\/landschaft\/#breadcrumb"},"inLanguage":"de","potentialAction":[{"@type":"ReadAction","target":["https:\/\/swissvapeur.ch\/de\/landschaft\/"]}]},{"@type":"BreadcrumbList","@id":"https:\/\/swissvapeur.ch\/de\/landschaft\/#breadcrumb","itemListElement":[{"@type":"ListItem","position":1,"name":"Accueil","item":"https:\/\/swissvapeur.ch\/de\/"},{"@type":"ListItem","position":2,"name":"Landschaft"}]},{"@type":"WebSite","@id":"https:\/\/swissvapeur.ch\/de\/#website","url":"https:\/\/swissvapeur.ch\/de\/","name":"Swiss Vapeur Parc","description":"Des petits trains presque comme les grands","potentialAction":[{"@type":"SearchAction","target":{"@type":"EntryPoint","urlTemplate":"https:\/\/swissvapeur.ch\/de\/?s={search_term_string}"},"query-input":{"@type":"PropertyValueSpecification","valueRequired":true,"valueName":"search_term_string"}}],"inLanguage":"de"}]}},"_links":{"self":[{"href":"https:\/\/swissvapeur.ch\/de\/wp-json\/wp\/v2\/pages\/3223","targetHints":{"allow":["GET"]}}],"collection":[{"href":"https:\/\/swissvapeur.ch\/de\/wp-json\/wp\/v2\/pages"}],"about":[{"href":"https:\/\/swissvapeur.ch\/de\/wp-json\/wp\/v2\/types\/page"}],"author":[{"embeddable":true,"href":"https:\/\/swissvapeur.ch\/de\/wp-json\/wp\/v2\/users\/4"}],"replies":[{"embeddable":true,"href":"https:\/\/swissvapeur.ch\/de\/wp-json\/wp\/v2\/comments?post=3223"}],"version-history":[{"count":20,"href":"https:\/\/swissvapeur.ch\/de\/wp-json\/wp\/v2\/pages\/3223\/revisions"}],"predecessor-version":[{"id":15995,"href":"https:\/\/swissvapeur.ch\/de\/wp-json\/wp\/v2\/pages\/3223\/revisions\/15995"}],"wp:attachment":[{"href":"https:\/\/swissvapeur.ch\/de\/wp-json\/wp\/v2\/media?parent=3223"}],"curies":[{"name":"wp","href":"https:\/\/api.w.org\/{rel}","templated":true}]}}