{"id":3217,"date":"2019-05-26T16:06:41","date_gmt":"2019-05-26T14:06:41","guid":{"rendered":"http:\/\/www.swissvapeur.ch\/familien\/"},"modified":"2020-08-07T10:46:19","modified_gmt":"2020-08-07T08:46:19","slug":"familien","status":"publish","type":"page","link":"https:\/\/swissvapeur.ch\/de\/familien\/","title":{"rendered":"Mit der Familie"},"content":{"rendered":"<p>[et_pb_section fb_built=&#8220;1&#8243; _builder_version=&#8220;3.22&#8243; custom_padding=&#8220;0|0px|0|0px|false|false&#8220;][et_pb_row _builder_version=&#8220;3.25&#8243; background_image=&#8220;http:\/\/www.swissvapeur.ch\/wp-content\/uploads\/2019\/01\/svp_famille.jpg&#8220; width=&#8220;100%&#8220; max_width=&#8220;100%&#8220; module_alignment=&#8220;center&#8220; custom_padding=&#8220;0|0px|0|0px|false|false&#8220; use_custom_width=&#8220;on&#8220; width_unit=&#8220;off&#8220; custom_width_percent=&#8220;100%&#8220;][et_pb_column type=&#8220;4_4&#8243; _builder_version=&#8220;3.25&#8243; custom_padding=&#8220;|||&#8220; custom_padding__hover=&#8220;|||&#8220;][et_pb_slider show_pagination=&#8220;off&#8220; _builder_version=&#8220;3.19.11&#8243; header_font=&#8220;|700|||||||&#8220; header_font_size=&#8220;48px&#8220; header_line_height=&#8220;1.1em&#8220; body_font=&#8220;||||||||&#8220; background_image=&#8220;http:\/\/www.swissvapeur.ch\/wp-content\/uploads\/2019\/01\/svp_famille.jpg&#8220; custom_button=&#8220;on&#8220; button_text_color=&#8220;#ffffff&#8220; button_bg_color=&#8220;#eebc0f&#8220; button_font=&#8220;||||||||&#8220; animation_style=&#8220;fade&#8220; animation_duration=&#8220;0ms&#8220; auto=&#8220;on&#8220; header_text_shadow_style=&#8220;preset1&#8243; header_text_shadow_blur_strength=&#8220;0.06em&#8220; box_shadow_style_button=&#8220;preset2&#8243;][et_pb_slide heading=&#8220;EIN EINZIGARTIGER MOMENT F\u00dcR KLEIN UND GRO\u00df&#8220; button_text=&#8220;KAUFEN SIE IHRE TICKETS&#8220; button_link=&#8220;https:\/\/www.swissvapeur.ch\/billetterie\/&#8220; use_bg_overlay=&#8220;on&#8220; use_text_overlay=&#8220;off&#8220; _builder_version=&#8220;3.19.11&#8243; header_font=&#8220;|700|||||||&#8220; body_font=&#8220;||||||||&#8220; background_color=&#8220;rgba(196,196,196,0)&#8220; custom_button=&#8220;on&#8220; button_font=&#8220;|700|||||||&#8220; text_orientation=&#8220;center&#8220; text_shadow_style=&#8220;preset1&#8243; inline_fonts=&#8220;Times New Roman&#8220;][\/et_pb_slide][\/et_pb_slider][\/et_pb_column][\/et_pb_row][\/et_pb_section][et_pb_section fb_built=&#8220;1&#8243; _builder_version=&#8220;3.22&#8243; custom_padding=&#8220;40px|0px|40px|0px|false|false&#8220;][et_pb_row use_custom_gutter=&#8220;on&#8220; gutter_width=&#8220;1&#8243; make_equal=&#8220;on&#8220; _builder_version=&#8220;3.25&#8243; background_color=&#8220;#0a4417&#8243; max_width=&#8220;1055px&#8220; custom_padding=&#8220;0|0px|0|0px|false|false&#8220; use_custom_width=&#8220;on&#8220; custom_width_px=&#8220;1055px&#8220; column_structure=&#8220;1_2,1_2&#8243;][et_pb_column type=&#8220;1_2&#8243; _builder_version=&#8220;3.25&#8243; custom_padding=&#8220;|||&#8220; custom_padding__hover=&#8220;|||&#8220;][et_pb_cta title=&#8220;EINE LEIDENSCHAFT TEILEN&#8220; button_url=&#8220;https:\/\/www.swissvapeur.ch\/mecanique\/&#8220; button_text=&#8220;WEITERE INFORMATIONEN&#8220; _builder_version=&#8220;3.19.11&#8243; background_color=&#8220;#0a4417&#8243;]<\/p>\n<p>Verbringen Sie einen einzigartigen Moment mit der Familie oder mit Freunden im Herzen der wunderbaren Welt der Z\u00fcge. Erfahren Sie mehr \u00fcber den Betrieb von elektrischen oder Dampflokomotiven, entdecken Sie wie eine Weiche funktioniert oder was die unterschiedlichen Farbkombinationen an den Ampeln bedeuten. Erleben Sie die Erfahrung der Bahnreise und der Anschl\u00fcsse mit unseren 4 realistischen Bahnh\u00f6fe.<\/p>\n<p>[\/et_pb_cta][\/et_pb_column][et_pb_column type=&#8220;1_2&#8243; _builder_version=&#8220;3.25&#8243; custom_padding=&#8220;|||&#8220; custom_padding__hover=&#8220;|||&#8220;][et_pb_image src=&#8220;http:\/\/www.swissvapeur.ch\/wp-content\/uploads\/2019\/04\/famille_rotonde_svp.jpg&#8220; align_tablet=&#8220;center&#8220; align_last_edited=&#8220;on|desktop&#8220; _builder_version=&#8220;3.23&#8243;][\/et_pb_image][\/et_pb_column][\/et_pb_row][\/et_pb_section][et_pb_section fb_built=&#8220;1&#8243; next_background_color=&#8220;#ffffff&#8220; _builder_version=&#8220;4.0.11&#8243; background_color=&#8220;#0c71c3&#8243; use_background_color_gradient=&#8220;on&#8220; background_color_gradient_start=&#8220;rgba(0,0,0,0.67)&#8220; background_color_gradient_end=&#8220;rgba(0,0,0,0.4)&#8220; background_color_gradient_direction=&#8220;1deg&#8220; background_color_gradient_overlays_image=&#8220;on&#8220; parallax=&#8220;on&#8220; module_alignment=&#8220;center&#8220; custom_padding=&#8220;42px|0px|77px|0px|false|false&#8220; top_divider_flip=&#8220;vertical|horizontal&#8220; bottom_divider_style=&#8220;ramp2&#8243; hover_enabled=&#8220;0&#8243; saved_tabs=&#8220;all&#8220;][et_pb_row _builder_version=&#8220;3.25&#8243; custom_padding=&#8220;0|0px|0|0px|false|false&#8220; column_structure=&#8220;2_5,3_5&#8243;][et_pb_column type=&#8220;2_5&#8243; _builder_version=&#8220;3.25&#8243; custom_padding=&#8220;|||&#8220; custom_padding__hover=&#8220;|||&#8220;][et_pb_image src=&#8220;http:\/\/www.swissvapeur.ch\/wp-content\/uploads\/2019\/04\/lucie_svp.png&#8220; align=&#8220;center&#8220; align_tablet=&#8220;center&#8220; align_last_edited=&#8220;on|desktop&#8220; _builder_version=&#8220;3.23&#8243; max_width=&#8220;82%&#8220;][\/et_pb_image][\/et_pb_column][et_pb_column type=&#8220;3_5&#8243; _builder_version=&#8220;3.25&#8243; custom_padding=&#8220;|||&#8220; custom_padding__hover=&#8220;|||&#8220;][et_pb_text _builder_version=&#8220;3.27.4&#8243;]<\/p>\n<h2 style=\"text-align: left;\"><span style=\"color: #ffffff;\"><strong>ENTDECKEN SIE DEN SWISS VAPEUR PARC MIT LUCIE<br \/> <\/strong><\/span><\/h2>\n<p>[\/et_pb_text][et_pb_text _builder_version=&#8220;3.27.4&#8243; text_font=&#8220;||||||||&#8220;]<\/p>\n<p><strong><span style=\"color: #ffffff;\">Lucie Watson ist Reporterin f\u00fcr den Chablais Herald. Sie untersucht einen R\u00e4tsel im Swiss Vapeur Parc. Ger\u00fcchten zufolge wird eine Lokomotive in einem geheimen Depot mit einem Schloss, der einen Code besitzt, versteckt.<br \/> <\/span><\/strong><\/p>\n<p><strong><span style=\"color: #ffffff;\">Kannst du Lucie helfen, dieses R\u00e4tsel zu l\u00f6sen und den Code f\u00fcr den Schloss zu finden um das Depot \u00f6ffnen zu k\u00f6nnen.<\/span><\/strong><\/p>\n<p>[\/et_pb_text][et_pb_text _builder_version=&#8220;3.27.4&#8243;]<\/p>\n<h3><strong><span style=\"color: #ffffff;\">Um an der Ermittlung teilzunehmen, frage nach Hinweisen, wenn du an der Kasse bist!<\/span><\/strong><\/h3>\n<p>[\/et_pb_text][\/et_pb_column][\/et_pb_row][\/et_pb_section][et_pb_section fb_built=&#8220;1&#8243; _builder_version=&#8220;3.22&#8243; custom_padding=&#8220;31px|0px|30px|0px|false|false&#8220;][et_pb_row use_custom_gutter=&#8220;on&#8220; gutter_width=&#8220;1&#8243; make_equal=&#8220;on&#8220; _builder_version=&#8220;3.25&#8243; background_color=&#8220;#0a4417&#8243; max_width=&#8220;1055px&#8220; custom_padding=&#8220;0|0px|0|0px|false|false&#8220; use_custom_width=&#8220;on&#8220; custom_width_px=&#8220;1055px&#8220; column_structure=&#8220;1_2,1_2&#8243;][et_pb_column type=&#8220;1_2&#8243; _builder_version=&#8220;3.25&#8243; custom_padding=&#8220;|||&#8220; custom_padding__hover=&#8220;|||&#8220;][et_pb_image src=&#8220;http:\/\/www.swissvapeur.ch\/wp-content\/uploads\/2019\/04\/chateau_famille_svp.jpg&#8220; align_tablet=&#8220;center&#8220; align_last_edited=&#8220;on|desktop&#8220; _builder_version=&#8220;3.23&#8243;][\/et_pb_image][\/et_pb_column][et_pb_column type=&#8220;1_2&#8243; _builder_version=&#8220;3.25&#8243; custom_padding=&#8220;|||&#8220; custom_padding__hover=&#8220;|||&#8220;][et_pb_cta title=&#8220;EIN EINZIGARTIGER RAHMEN&#8220; button_url=&#8220;https:\/\/www.swissvapeur.ch\/mecanique\/&#8220; button_text=&#8220;WEITERE INFORMATIONEN&#8220; _builder_version=&#8220;3.19.11&#8243; background_color=&#8220;#0a4417&#8243;]<\/p>\n<p style=\"text-align: center;\">Genie\u00dfen Sie w\u00e4hrend ihres Besuches einen bewaldeter und gr\u00fcner Park. Lassen Sie Ihre Kinder mehr als 135 Pflanzen und B\u00e4ume entdecken und genie\u00dfen Sie die Sch\u00f6nheit einer Landschaft, die von Leidenschaftlichen zusammengestellt und gepflegt wird. Die Architektur der Geb\u00e4ude und Reproduktionen wird es Ihnen erm\u00f6glichen, typische Monumente der Region zu entdecken und wird Ihnen zweifellos Ideen f\u00fcr Besuche geben!<\/p>\n<p>[\/et_pb_cta][\/et_pb_column][\/et_pb_row][\/et_pb_section][et_pb_section fb_built=&#8220;1&#8243; fullwidth=&#8220;on&#8220; admin_label=&#8220;Header Section&#8220; _builder_version=&#8220;4.0.11&#8243; background_color=&#8220;#ffffff&#8220; custom_padding=&#8220;0|0px|0|0px|false|false&#8220; top_divider_color=&#8220;#ffffff&#8220; bottom_divider_style=&#8220;ramp2&#8243; bottom_divider_color=&#8220;#ffffff&#8220; bottom_divider_flip=&#8220;horizontal&#8220; hover_enabled=&#8220;0&#8243;][et_pb_fullwidth_header title=&#8220;Ein Paradies f\u00fcr&#8220; subhead=&#8220;Kinder angemessen&#8220; background_overlay_color=&#8220;rgba(0,0,0,0.33)&#8220; content_max_width=&#8220;640px&#8220; _builder_version=&#8220;3.19.11&#8243; title_font=&#8220;Times New Roman|700|on||||||&#8220; title_font_size=&#8220;29px&#8220; title_line_height=&#8220;1.5em&#8220; content_font=&#8220;Lora||||||||&#8220; content_font_size=&#8220;22px&#8220; content_line_height=&#8220;2em&#8220; subhead_font=&#8220;Arial|700|||||||&#8220; subhead_text_color=&#8220;#ffffff&#8220; subhead_font_size=&#8220;80px&#8220; subhead_line_height=&#8220;1.5em&#8220; background_image=&#8220;http:\/\/www.swissvapeur.ch\/wp-content\/uploads\/2019\/04\/Flyer-MCDODSC_3268-2.jpg&#8220; parallax=&#8220;on&#8220; parallax_method=&#8220;on&#8220; custom_button_one=&#8220;on&#8220; button_one_text_size=&#8220;16px&#8220; button_one_text_color=&#8220;#ffffff&#8220; button_one_bg_color=&#8220;#d29f68&#8243; button_one_border_width=&#8220;15px&#8220; button_one_border_color=&#8220;rgba(210,159,104,0)&#8220; button_one_border_radius=&#8220;100px&#8220; button_one_letter_spacing=&#8220;3px&#8220; button_one_font=&#8220;Oswald|||on|||||&#8220; button_one_use_icon=&#8220;off&#8220; custom_button_two=&#8220;on&#8220; button_two_text_size=&#8220;16px&#8220; button_two_text_color=&#8220;#ffffff&#8220; button_two_bg_color=&#8220;rgba(255,255,255,0.35)&#8220; button_two_border_width=&#8220;15px&#8220; button_two_border_color=&#8220;rgba(0,0,0,0)&#8220; button_two_border_radius=&#8220;100px&#8220; button_two_letter_spacing=&#8220;3px&#8220; button_two_font=&#8220;Oswald|||on|||||&#8220; button_two_use_icon=&#8220;off&#8220; custom_margin=&#8220;|||&#8220; custom_padding=&#8220;18vw||18vw||true&#8220; animation_style=&#8220;zoom&#8220; animation_duration=&#8220;2000ms&#8220; animation_intensity_zoom=&#8220;4%&#8220; hover_enabled=&#8220;0&#8243; subhead_font_size_tablet=&#8220;80px&#8220; subhead_font_size_phone=&#8220;50px&#8220; subhead_font_size_last_edited=&#8220;on|desktop&#8220; title_text_shadow_style=&#8220;preset1&#8243; content_text_shadow_style=&#8220;preset1&#8243; subhead_text_shadow_style=&#8220;preset1&#8243; button_one_border_radius_hover=&#8220;100px&#8220; button_one_bg_color_hover=&#8220;#cc8d66&#8243; button_two_bg_color_hover=&#8220;#d29f68&#8243; button_one_text_size__hover_enabled=&#8220;off&#8220; button_two_text_size__hover_enabled=&#8220;off&#8220; button_one_text_color__hover_enabled=&#8220;off&#8220; button_two_text_color__hover_enabled=&#8220;off&#8220; button_one_border_width__hover_enabled=&#8220;off&#8220; button_two_border_width__hover_enabled=&#8220;off&#8220; button_one_border_color__hover_enabled=&#8220;off&#8220; button_two_border_color__hover_enabled=&#8220;off&#8220; button_one_border_radius__hover_enabled=&#8220;on&#8220; button_one_border_radius__hover=&#8220;100px&#8220; button_two_border_radius__hover_enabled=&#8220;off&#8220; button_one_letter_spacing__hover_enabled=&#8220;off&#8220; button_two_letter_spacing__hover_enabled=&#8220;off&#8220; button_one_bg_color__hover_enabled=&#8220;on&#8220; button_one_bg_color__hover=&#8220;#cc8d66&#8243; button_two_bg_color__hover_enabled=&#8220;on&#8220; button_two_bg_color__hover=&#8220;#d29f68&#8243;]<\/p>\n<p>Der Swiss Vapeur Parc bietet mehr als 19&#8217;000 m2 Platz f\u00fcr Spa\u00df in absoluter Sicherheit.<\/p>\n<p>[\/et_pb_fullwidth_header][\/et_pb_section][et_pb_section fb_built=&#8220;1&#8243; _builder_version=&#8220;3.22&#8243; custom_padding=&#8220;30px|0px|60px|0px|false|false&#8220;][et_pb_row use_custom_gutter=&#8220;on&#8220; gutter_width=&#8220;1&#8243; make_equal=&#8220;on&#8220; _builder_version=&#8220;3.25&#8243; background_color=&#8220;#0a4417&#8243; max_width=&#8220;1055px&#8220; custom_padding=&#8220;0|0px|0|0px|false|false&#8220; use_custom_width=&#8220;on&#8220; custom_width_px=&#8220;1055px&#8220; column_structure=&#8220;1_2,1_2&#8243;][et_pb_column type=&#8220;1_2&#8243; _builder_version=&#8220;3.25&#8243; custom_padding=&#8220;|||&#8220; custom_padding__hover=&#8220;|||&#8220;][et_pb_cta title=&#8220;DER PERFEKTE ORT, UM SPA\u00df ZU HABEN!&#8220; button_url=&#8220;https:\/\/www.swissvapeur.ch\/billetterie\/&#8220; button_text=&#8220;TICKETS KAUFEN&#8220; _builder_version=&#8220;3.19.11&#8243; background_color=&#8220;#0a4417&#8243;]<\/p>\n<p>Springe von Zug zu Zug, um alle Linien zu entdecken. Steige in einem Bahnhof aus und warte auf dem Anschluss, der es dir erm\u00f6glicht, einen Zahnradzug oder einen Zug, der durch den gr\u00f6\u00dften Tunnel des Parks, einzigartig in Europa, f\u00e4hrt, zu nehmen<\/p>\n<p>Egal, ob Ihr Zug elektrisch oder dampfend ist, die Empfindungen von Reisen und Abenteuer werden beim Rendezvous sein.<\/p>\n<p>Besuche jedes Monument und entdecke die Reicht\u00fcmer deiner Region, w\u00e4hrend du mit Spa\u00df lernst.<\/p>\n<p>&nbsp;<\/p>\n<p>&nbsp;<\/p>\n<h3>Schaffst du es, alle Z\u00fcge zu nehmen?<\/h3>\n<p>[\/et_pb_cta][\/et_pb_column][et_pb_column type=&#8220;1_2&#8243; _builder_version=&#8220;3.25&#8243; custom_padding=&#8220;|||&#8220; custom_padding__hover=&#8220;|||&#8220;][et_pb_image src=&#8220;http:\/\/www.swissvapeur.ch\/wp-content\/uploads\/2019\/04\/Festival.jpg&#8220; align_tablet=&#8220;center&#8220; align_last_edited=&#8220;on|desktop&#8220; _builder_version=&#8220;3.23&#8243;][\/et_pb_image][\/et_pb_column][\/et_pb_row][\/et_pb_section][et_pb_section fb_built=&#8220;1&#8243; fullwidth=&#8220;on&#8220; admin_label=&#8220;Header Section&#8220; _builder_version=&#8220;3.22&#8243; background_color=&#8220;#ffffff&#8220; custom_padding=&#8220;0|0px|0|0px|false|false&#8220; top_divider_color=&#8220;#ffffff&#8220; bottom_divider_color=&#8220;#ffffff&#8220; bottom_divider_flip=&#8220;horizontal&#8220;][et_pb_fullwidth_header background_overlay_color=&#8220;rgba(0,0,0,0.33)&#8220; content_max_width=&#8220;640px&#8220; _builder_version=&#8220;3.19.11&#8243; title_font=&#8220;Times New Roman|700|on||||||&#8220; title_font_size=&#8220;29px&#8220; title_line_height=&#8220;1.5em&#8220; content_font=&#8220;Lora||||||||&#8220; content_font_size=&#8220;22px&#8220; content_line_height=&#8220;2em&#8220; subhead_font=&#8220;Arial|700|||||||&#8220; subhead_text_color=&#8220;#ffffff&#8220; subhead_font_size=&#8220;80px&#8220; subhead_line_height=&#8220;1.5em&#8220; background_image=&#8220;http:\/\/www.swissvapeur.ch\/wp-content\/uploads\/2019\/03\/Gallerie-md-11.jpg&#8220; parallax=&#8220;on&#8220; parallax_method=&#8220;on&#8220; custom_button_one=&#8220;on&#8220; button_one_text_size=&#8220;16px&#8220; button_one_text_color=&#8220;#ffffff&#8220; button_one_bg_color=&#8220;#d29f68&#8243; button_one_border_width=&#8220;15px&#8220; button_one_border_color=&#8220;rgba(210,159,104,0)&#8220; button_one_border_radius=&#8220;100px&#8220; button_one_letter_spacing=&#8220;3px&#8220; button_one_font=&#8220;Oswald|||on|||||&#8220; button_one_use_icon=&#8220;off&#8220; custom_button_two=&#8220;on&#8220; button_two_text_size=&#8220;16px&#8220; button_two_text_color=&#8220;#ffffff&#8220; button_two_bg_color=&#8220;rgba(255,255,255,0.35)&#8220; button_two_border_width=&#8220;15px&#8220; button_two_border_color=&#8220;rgba(0,0,0,0)&#8220; button_two_border_radius=&#8220;100px&#8220; button_two_letter_spacing=&#8220;3px&#8220; button_two_font=&#8220;Oswald|||on|||||&#8220; button_two_use_icon=&#8220;off&#8220; custom_margin=&#8220;|||&#8220; custom_padding=&#8220;18vw||18vw||true&#8220; animation_style=&#8220;zoom&#8220; animation_duration=&#8220;2000ms&#8220; animation_intensity_zoom=&#8220;4%&#8220; subhead_font_size_tablet=&#8220;80px&#8220; subhead_font_size_phone=&#8220;50px&#8220; subhead_font_size_last_edited=&#8220;on|desktop&#8220; title_text_shadow_style=&#8220;preset1&#8243; content_text_shadow_style=&#8220;preset1&#8243; subhead_text_shadow_style=&#8220;preset1&#8243; button_one_border_radius_hover=&#8220;100px&#8220; button_one_bg_color_hover=&#8220;#cc8d66&#8243; button_two_bg_color_hover=&#8220;#d29f68&#8243; button_one_text_size__hover_enabled=&#8220;off&#8220; button_two_text_size__hover_enabled=&#8220;off&#8220; button_one_text_color__hover_enabled=&#8220;off&#8220; button_two_text_color__hover_enabled=&#8220;off&#8220; button_one_border_width__hover_enabled=&#8220;off&#8220; button_two_border_width__hover_enabled=&#8220;off&#8220; button_one_border_color__hover_enabled=&#8220;off&#8220; button_two_border_color__hover_enabled=&#8220;off&#8220; button_one_border_radius__hover_enabled=&#8220;on&#8220; button_one_border_radius__hover=&#8220;100px&#8220; button_two_border_radius__hover_enabled=&#8220;off&#8220; button_one_letter_spacing__hover_enabled=&#8220;off&#8220; button_two_letter_spacing__hover_enabled=&#8220;off&#8220; button_one_bg_color__hover_enabled=&#8220;on&#8220; button_one_bg_color__hover=&#8220;#cc8d66&#8243; button_two_bg_color__hover_enabled=&#8220;on&#8220; button_two_bg_color__hover=&#8220;#d29f68&#8243;]<\/p>\n<p><span style=\"font-size: xx-large; color: #ffffff;\"><span style=\"font-family: Times New Roman;\"><em>&#8222;Gut installiert auf unserem Sitz, der erste hinter der Lokomotive, beobachten wir die Landschaft, die an uns vorbei fliegt. Nach dem ersten Tunnel vergessen wir, wo wir sind, und betreten diese Welt, wo der Zug der K\u00f6nig ist. &#8222;<br \/> <\/em><\/span><\/span><\/p>\n<p>[\/et_pb_fullwidth_header][\/et_pb_section]<\/p>\n","protected":false},"excerpt":{"rendered":"<p>Verbringen Sie einen einzigartigen Moment mit der Familie oder mit Freunden im Herzen der wunderbaren Welt der Z\u00fcge. Erfahren Sie mehr \u00fcber den Betrieb von elektrischen oder Dampflokomotiven, entdecken Sie wie eine Weiche funktioniert oder was die unterschiedlichen Farbkombinationen an den Ampeln bedeuten. Erleben Sie die Erfahrung der Bahnreise und [&hellip;]<\/p>\n","protected":false},"author":4,"featured_media":0,"parent":0,"menu_order":0,"comment_status":"closed","ping_status":"closed","template":"","meta":{"_et_pb_use_builder":"on","_et_pb_old_content":"","_et_gb_content_width":"","footnotes":""},"class_list":["post-3217","page","type-page","status-publish","hentry"],"yoast_head":"<!-- This site is optimized with the Yoast SEO plugin v27.3 - https:\/\/yoast.com\/product\/yoast-seo-wordpress\/ -->\n<title>Mit der Familie - Swiss Vapeur Parc<\/title>\n<meta name=\"robots\" content=\"index, follow, max-snippet:-1, max-image-preview:large, max-video-preview:-1\" \/>\n<link rel=\"canonical\" href=\"https:\/\/swissvapeur.ch\/de\/familien\/\" \/>\n<meta property=\"og:locale\" content=\"de_DE\" \/>\n<meta property=\"og:type\" content=\"article\" \/>\n<meta property=\"og:title\" content=\"Mit der Familie - Swiss Vapeur Parc\" \/>\n<meta property=\"og:description\" content=\"Verbringen Sie einen einzigartigen Moment mit der Familie oder mit Freunden im Herzen der wunderbaren Welt der Z\u00fcge. Erfahren Sie mehr \u00fcber den Betrieb von elektrischen oder Dampflokomotiven, entdecken Sie wie eine Weiche funktioniert oder was die unterschiedlichen Farbkombinationen an den Ampeln bedeuten. Erleben Sie die Erfahrung der Bahnreise und [&hellip;]\" \/>\n<meta property=\"og:url\" content=\"https:\/\/swissvapeur.ch\/de\/familien\/\" \/>\n<meta property=\"og:site_name\" content=\"Swiss Vapeur Parc\" \/>\n<meta property=\"article:modified_time\" content=\"2020-08-07T08:46:19+00:00\" \/>\n<meta name=\"twitter:card\" content=\"summary_large_image\" \/>\n<meta name=\"twitter:label1\" content=\"Gesch\u00e4tzte Lesezeit\" \/>\n\t<meta name=\"twitter:data1\" content=\"10\u00a0Minuten\" \/>\n<script type=\"application\/ld+json\" class=\"yoast-schema-graph\">{\"@context\":\"https:\\\/\\\/schema.org\",\"@graph\":[{\"@type\":\"WebPage\",\"@id\":\"https:\\\/\\\/swissvapeur.ch\\\/de\\\/familien\\\/\",\"url\":\"https:\\\/\\\/swissvapeur.ch\\\/de\\\/familien\\\/\",\"name\":\"Mit der Familie - Swiss Vapeur Parc\",\"isPartOf\":{\"@id\":\"https:\\\/\\\/swissvapeur.ch\\\/de\\\/#website\"},\"datePublished\":\"2019-05-26T14:06:41+00:00\",\"dateModified\":\"2020-08-07T08:46:19+00:00\",\"breadcrumb\":{\"@id\":\"https:\\\/\\\/swissvapeur.ch\\\/de\\\/familien\\\/#breadcrumb\"},\"inLanguage\":\"de\",\"potentialAction\":[{\"@type\":\"ReadAction\",\"target\":[\"https:\\\/\\\/swissvapeur.ch\\\/de\\\/familien\\\/\"]}]},{\"@type\":\"BreadcrumbList\",\"@id\":\"https:\\\/\\\/swissvapeur.ch\\\/de\\\/familien\\\/#breadcrumb\",\"itemListElement\":[{\"@type\":\"ListItem\",\"position\":1,\"name\":\"Accueil\",\"item\":\"https:\\\/\\\/swissvapeur.ch\\\/de\\\/\"},{\"@type\":\"ListItem\",\"position\":2,\"name\":\"Mit der Familie\"}]},{\"@type\":\"WebSite\",\"@id\":\"https:\\\/\\\/swissvapeur.ch\\\/de\\\/#website\",\"url\":\"https:\\\/\\\/swissvapeur.ch\\\/de\\\/\",\"name\":\"Swiss Vapeur Parc\",\"description\":\"Des petits trains presque comme les grands\",\"potentialAction\":[{\"@type\":\"SearchAction\",\"target\":{\"@type\":\"EntryPoint\",\"urlTemplate\":\"https:\\\/\\\/swissvapeur.ch\\\/de\\\/?s={search_term_string}\"},\"query-input\":{\"@type\":\"PropertyValueSpecification\",\"valueRequired\":true,\"valueName\":\"search_term_string\"}}],\"inLanguage\":\"de\"}]}<\/script>\n<!-- \/ Yoast SEO plugin. -->","yoast_head_json":{"title":"Mit der Familie - Swiss Vapeur Parc","robots":{"index":"index","follow":"follow","max-snippet":"max-snippet:-1","max-image-preview":"max-image-preview:large","max-video-preview":"max-video-preview:-1"},"canonical":"https:\/\/swissvapeur.ch\/de\/familien\/","og_locale":"de_DE","og_type":"article","og_title":"Mit der Familie - Swiss Vapeur Parc","og_description":"Verbringen Sie einen einzigartigen Moment mit der Familie oder mit Freunden im Herzen der wunderbaren Welt der Z\u00fcge. Erfahren Sie mehr \u00fcber den Betrieb von elektrischen oder Dampflokomotiven, entdecken Sie wie eine Weiche funktioniert oder was die unterschiedlichen Farbkombinationen an den Ampeln bedeuten. Erleben Sie die Erfahrung der Bahnreise und [&hellip;]","og_url":"https:\/\/swissvapeur.ch\/de\/familien\/","og_site_name":"Swiss Vapeur Parc","article_modified_time":"2020-08-07T08:46:19+00:00","twitter_card":"summary_large_image","twitter_misc":{"Gesch\u00e4tzte Lesezeit":"10\u00a0Minuten"},"schema":{"@context":"https:\/\/schema.org","@graph":[{"@type":"WebPage","@id":"https:\/\/swissvapeur.ch\/de\/familien\/","url":"https:\/\/swissvapeur.ch\/de\/familien\/","name":"Mit der Familie - Swiss Vapeur Parc","isPartOf":{"@id":"https:\/\/swissvapeur.ch\/de\/#website"},"datePublished":"2019-05-26T14:06:41+00:00","dateModified":"2020-08-07T08:46:19+00:00","breadcrumb":{"@id":"https:\/\/swissvapeur.ch\/de\/familien\/#breadcrumb"},"inLanguage":"de","potentialAction":[{"@type":"ReadAction","target":["https:\/\/swissvapeur.ch\/de\/familien\/"]}]},{"@type":"BreadcrumbList","@id":"https:\/\/swissvapeur.ch\/de\/familien\/#breadcrumb","itemListElement":[{"@type":"ListItem","position":1,"name":"Accueil","item":"https:\/\/swissvapeur.ch\/de\/"},{"@type":"ListItem","position":2,"name":"Mit der Familie"}]},{"@type":"WebSite","@id":"https:\/\/swissvapeur.ch\/de\/#website","url":"https:\/\/swissvapeur.ch\/de\/","name":"Swiss Vapeur Parc","description":"Des petits trains presque comme les grands","potentialAction":[{"@type":"SearchAction","target":{"@type":"EntryPoint","urlTemplate":"https:\/\/swissvapeur.ch\/de\/?s={search_term_string}"},"query-input":{"@type":"PropertyValueSpecification","valueRequired":true,"valueName":"search_term_string"}}],"inLanguage":"de"}]}},"_links":{"self":[{"href":"https:\/\/swissvapeur.ch\/de\/wp-json\/wp\/v2\/pages\/3217","targetHints":{"allow":["GET"]}}],"collection":[{"href":"https:\/\/swissvapeur.ch\/de\/wp-json\/wp\/v2\/pages"}],"about":[{"href":"https:\/\/swissvapeur.ch\/de\/wp-json\/wp\/v2\/types\/page"}],"author":[{"embeddable":true,"href":"https:\/\/swissvapeur.ch\/de\/wp-json\/wp\/v2\/users\/4"}],"replies":[{"embeddable":true,"href":"https:\/\/swissvapeur.ch\/de\/wp-json\/wp\/v2\/comments?post=3217"}],"version-history":[{"count":5,"href":"https:\/\/swissvapeur.ch\/de\/wp-json\/wp\/v2\/pages\/3217\/revisions"}],"predecessor-version":[{"id":6950,"href":"https:\/\/swissvapeur.ch\/de\/wp-json\/wp\/v2\/pages\/3217\/revisions\/6950"}],"wp:attachment":[{"href":"https:\/\/swissvapeur.ch\/de\/wp-json\/wp\/v2\/media?parent=3217"}],"curies":[{"name":"wp","href":"https:\/\/api.w.org\/{rel}","templated":true}]}}