{"id":3198,"date":"2018-12-20T15:29:36","date_gmt":"2018-12-20T14:29:36","guid":{"rendered":"http:\/\/www.swissvapeur.ch\/live-vapeur-parc-2\/"},"modified":"2024-08-10T09:54:12","modified_gmt":"2024-08-10T07:54:12","slug":"live-vapeur-parc","status":"publish","type":"page","link":"https:\/\/swissvapeur.ch\/de\/live-vapeur-parc\/","title":{"rendered":"Live Vapeur Parc"},"content":{"rendered":"<p>[et_pb_section fb_built=&#8220;1&#8243; _builder_version=&#8220;4.16&#8243; custom_padding=&#8220;0|0px|0|0px|false|false&#8220; global_colors_info=&#8220;{}&#8220;][et_pb_row _builder_version=&#8220;4.16&#8243; width=&#8220;100%&#8220; max_width=&#8220;100%&#8220; module_alignment=&#8220;center&#8220; custom_padding=&#8220;0|0px|0|0px|false|false&#8220; use_custom_width=&#8220;on&#8220; width_unit=&#8220;off&#8220; custom_width_percent=&#8220;100%&#8220; global_colors_info=&#8220;{}&#8220;][et_pb_column type=&#8220;4_4&#8243; _builder_version=&#8220;4.16&#8243; custom_padding=&#8220;|||&#8220; global_colors_info=&#8220;{}&#8220; custom_padding__hover=&#8220;|||&#8220;][et_pb_slider show_pagination=&#8220;off&#8220; _builder_version=&#8220;4.16&#8243; header_font=&#8220;|700|||||||&#8220; header_font_size=&#8220;48px&#8220; header_line_height=&#8220;1.1em&#8220; body_font=&#8220;||||||||&#8220; background_image=&#8220;http:\/\/www.swissvapeur.ch\/wp-content\/uploads\/2019\/04\/domino.jpg&#8220; custom_button=&#8220;on&#8220; button_text_color=&#8220;#ffffff&#8220; button_bg_color=&#8220;#eebc0f&#8220; button_font=&#8220;||||||||&#8220; animation_style=&#8220;fade&#8220; animation_duration=&#8220;0ms&#8220; auto=&#8220;on&#8220; header_text_shadow_style=&#8220;preset1&#8243; header_text_shadow_blur_strength=&#8220;0.06em&#8220; box_shadow_style_button=&#8220;preset2&#8243; global_colors_info=&#8220;{}&#8220;][et_pb_slide heading=&#8220;LIVE VAPEUR PARC&#8220; button_text=&#8220;ACHETEZ VOS BILLETS&#8220; button_link=&#8220;https:\/\/www.swissvapeur.ch\/billetterie\/&#8220; use_bg_overlay=&#8220;on&#8220; use_text_overlay=&#8220;off&#8220; _builder_version=&#8220;4.16&#8243; header_font=&#8220;|700|||||||&#8220; body_font=&#8220;||||||||&#8220; background_color=&#8220;rgba(196,196,196,0)&#8220; custom_button=&#8220;on&#8220; button_font=&#8220;|700|||||||&#8220; text_orientation=&#8220;center&#8220; text_shadow_style=&#8220;preset1&#8243; inline_fonts=&#8220;Times New Roman&#8220; global_colors_info=&#8220;{}&#8220; sticky_transition=&#8220;on&#8220;]<\/p>\n<h3>Gr\u00e2ce \u00e0 nos trois webcams, d\u00e9couvrez en temps r\u00e9el des images du Swiss Vapeur Parc et suivez les trains sur le circuit comme dans notre tour de contr\u00f4le!<\/h3>\n<p>[\/et_pb_slide][\/et_pb_slider][\/et_pb_column][\/et_pb_row][\/et_pb_section][et_pb_section fb_built=&#8220;1&#8243; disabled_on=&#8220;off|off|off&#8220; _builder_version=&#8220;4.16&#8243; custom_padding=&#8220;45px|0px|0px|0px|false|false&#8220; global_colors_info=&#8220;{}&#8220;][et_pb_row column_structure=&#8220;1_3,1_3,1_3&#8243; disabled_on=&#8220;off|off|off&#8220; _builder_version=&#8220;4.16&#8243; custom_padding=&#8220;0|0px|0|0px|false|false&#8220; global_colors_info=&#8220;{}&#8220;][et_pb_column type=&#8220;1_3&#8243; _builder_version=&#8220;4.16&#8243; custom_padding=&#8220;|||&#8220; global_colors_info=&#8220;{}&#8220; custom_padding__hover=&#8220;|||&#8220;][et_pb_text _builder_version=&#8220;4.16&#8243; global_colors_info=&#8220;{}&#8220;]<\/p>\n<h2 style=\"text-align: center;\"><strong>CHABLAIS-CITY<\/strong><\/h2>\n<p>[\/et_pb_text][et_pb_code _builder_version=&#8220;4.27.0&#8243; hover_enabled=&#8220;0&#8243; global_colors_info=&#8220;{}&#8220; text_orientation=&#8220;center&#8220; sticky_enabled=&#8220;0&#8243;]<iframe loading=\"lazy\" src=\"https:\/\/v.angelcam.com\/iframe?v=n8r927knl0&#038;autoplay=1\" frameborder=\"0\" webkitallowfullscreen=\"true\" mozallowfullscreen=\"true\" allowfullscreen=\"true\" width=\"300\" height=\"300\"><\/iframe>[\/et_pb_code][\/et_pb_column][et_pb_column type=&#8220;1_3&#8243; _builder_version=&#8220;4.16&#8243; custom_padding=&#8220;|||&#8220; global_colors_info=&#8220;{}&#8220; custom_padding__hover=&#8220;|||&#8220;][et_pb_text _builder_version=&#8220;4.27.0&#8243; hover_enabled=&#8220;0&#8243; global_colors_info=&#8220;{}&#8220; sticky_enabled=&#8220;0&#8243;]<\/p>\n<h2 style=\"text-align: center;\"><strong>PONT SAINT-CLAUDE<br \/><\/strong><\/h2>\n<p>[\/et_pb_text][et_pb_code _builder_version=&#8220;4.27.0&#8243; hover_enabled=&#8220;0&#8243; global_colors_info=&#8220;{}&#8220; text_orientation=&#8220;center&#8220; sticky_enabled=&#8220;0&#8243;]<iframe loading=\"lazy\" src=\"https:\/\/v.angelcam.com\/iframe?v=16rbkjp4r4&#038;autoplay=1\" frameborder=\"0\" webkitallowfullscreen=\"true\" mozallowfullscreen=\"true\" allowfullscreen=\"true\" width=\"300\" height=\"300\"><\/iframe>[\/et_pb_code][\/et_pb_column][et_pb_column type=&#8220;1_3&#8243; _builder_version=&#8220;4.16&#8243; custom_padding=&#8220;|||&#8220; global_colors_info=&#8220;{}&#8220; custom_padding__hover=&#8220;|||&#8220;][et_pb_text _builder_version=&#8220;4.22.1&#8243; global_colors_info=&#8220;{}&#8220;]<\/p>\n<h2 style=\"text-align: center;\"><strong>BELLEVUE<br \/><\/strong><\/h2>\n<p>[\/et_pb_text][et_pb_code _builder_version=&#8220;4.27.0&#8243; hover_enabled=&#8220;0&#8243; global_colors_info=&#8220;{}&#8220; text_orientation=&#8220;center&#8220; sticky_enabled=&#8220;0&#8243;]<iframe loading=\"lazy\" src=\"https:\/\/v.angelcam.com\/iframe?v=2dl6dmgkrk&#038;autoplay=1\" frameborder=\"0\" webkitallowfullscreen=\"true\" mozallowfullscreen=\"true\" allowfullscreen=\"true\" width=\"300\t\" height=\"300\t\"><\/iframe>[\/et_pb_code][\/et_pb_column][\/et_pb_row][et_pb_row use_custom_gutter=&#8220;on&#8220; gutter_width=&#8220;2&#8243; make_equal=&#8220;on&#8220; module_class=&#8220; et_pb_row_fullwidth&#8220; _builder_version=&#8220;4.16&#8243; width=&#8220;100%&#8220; width_tablet=&#8220;80%&#8220; width_phone=&#8220;&#8220; width_last_edited=&#8220;on|desktop&#8220; max_width=&#8220;2560%&#8220; max_width_tablet=&#8220;80%&#8220; max_width_phone=&#8220;&#8220; max_width_last_edited=&#8220;on|desktop&#8220; min_height=&#8220;429.9px&#8220; custom_padding=&#8220;62px|0px|0px|0px|false|false&#8220; make_fullwidth=&#8220;on&#8220; global_colors_info=&#8220;{}&#8220;][et_pb_column type=&#8220;4_4&#8243; _builder_version=&#8220;4.16&#8243; custom_padding=&#8220;|||&#8220; global_colors_info=&#8220;{}&#8220; custom_padding__hover=&#8220;|||&#8220;][et_pb_text _builder_version=&#8220;4.16&#8243; global_colors_info=&#8220;{}&#8220;]<\/p>\n<h2 style=\"text-align: center;\"><strong>Suivez les trains en temps r\u00e9el sur le circuit comme si vous \u00e9tiez dans la tour de contr\u00f4le!<\/strong><\/h2>\n<p>[\/et_pb_text][et_pb_code disabled_on=&#8220;off|off|off&#8220; _builder_version=&#8220;4.20.2&#8243; text_orientation=&#8220;center&#8220; custom_margin=&#8220;||48px|||&#8220; global_colors_info=&#8220;{}&#8220;]<iframe loading=\"lazy\" width=\"2000\" height=\"1300\" src=\"https:\/\/web2plc.swissvapeur.ch\/affichages\/zn\/\" frameborder=\"0\" allowfullscreen><\/iframe>[\/et_pb_code][et_pb_code _builder_version=&#8220;4.16&#8243; global_colors_info=&#8220;{}&#8220;][\/et_pb_code][\/et_pb_column][\/et_pb_row][\/et_pb_section]<\/p>\n","protected":false},"excerpt":{"rendered":"<p>Gr\u00e2ce \u00e0 nos trois webcams, d\u00e9couvrez en temps r\u00e9el des images du Swiss Vapeur Parc et suivez les trains sur le circuit comme dans notre tour de contr\u00f4le!CHABLAIS-CITYPONT SAINT-CLAUDEBELLEVUESuivez les trains en temps r\u00e9el sur le circuit comme si vous \u00e9tiez dans la tour de contr\u00f4le!<\/p>\n","protected":false},"author":1,"featured_media":0,"parent":0,"menu_order":0,"comment_status":"closed","ping_status":"closed","template":"","meta":{"_et_pb_use_builder":"on","_et_pb_old_content":"","_et_gb_content_width":"","footnotes":""},"class_list":["post-3198","page","type-page","status-publish","hentry"],"yoast_head":"<!-- This site is optimized with the Yoast SEO plugin v27.3 - https:\/\/yoast.com\/product\/yoast-seo-wordpress\/ -->\n<title>Live Vapeur Parc - Swiss Vapeur Parc<\/title>\n<meta name=\"robots\" content=\"index, follow, max-snippet:-1, max-image-preview:large, max-video-preview:-1\" \/>\n<link rel=\"canonical\" href=\"https:\/\/swissvapeur.ch\/de\/live-vapeur-parc\/\" \/>\n<meta property=\"og:locale\" content=\"de_DE\" \/>\n<meta property=\"og:type\" content=\"article\" \/>\n<meta property=\"og:title\" content=\"Live Vapeur Parc - Swiss Vapeur Parc\" \/>\n<meta property=\"og:description\" content=\"Gr\u00e2ce \u00e0 nos trois webcams, d\u00e9couvrez en temps r\u00e9el des images du Swiss Vapeur Parc et suivez les trains sur le circuit comme dans notre tour de contr\u00f4le!CHABLAIS-CITYPONT SAINT-CLAUDEBELLEVUESuivez les trains en temps r\u00e9el sur le circuit comme si vous \u00e9tiez dans la tour de contr\u00f4le!\" \/>\n<meta property=\"og:url\" content=\"https:\/\/swissvapeur.ch\/de\/live-vapeur-parc\/\" \/>\n<meta property=\"og:site_name\" content=\"Swiss Vapeur Parc\" \/>\n<meta property=\"article:modified_time\" content=\"2024-08-10T07:54:12+00:00\" \/>\n<meta name=\"twitter:card\" content=\"summary_large_image\" \/>\n<meta name=\"twitter:label1\" content=\"Gesch\u00e4tzte Lesezeit\" \/>\n\t<meta name=\"twitter:data1\" content=\"3\u00a0Minuten\" \/>\n<script type=\"application\/ld+json\" class=\"yoast-schema-graph\">{\"@context\":\"https:\\\/\\\/schema.org\",\"@graph\":[{\"@type\":\"WebPage\",\"@id\":\"https:\\\/\\\/swissvapeur.ch\\\/de\\\/live-vapeur-parc\\\/\",\"url\":\"https:\\\/\\\/swissvapeur.ch\\\/de\\\/live-vapeur-parc\\\/\",\"name\":\"Live Vapeur Parc - Swiss Vapeur Parc\",\"isPartOf\":{\"@id\":\"https:\\\/\\\/swissvapeur.ch\\\/de\\\/#website\"},\"datePublished\":\"2018-12-20T14:29:36+00:00\",\"dateModified\":\"2024-08-10T07:54:12+00:00\",\"breadcrumb\":{\"@id\":\"https:\\\/\\\/swissvapeur.ch\\\/de\\\/live-vapeur-parc\\\/#breadcrumb\"},\"inLanguage\":\"de\",\"potentialAction\":[{\"@type\":\"ReadAction\",\"target\":[\"https:\\\/\\\/swissvapeur.ch\\\/de\\\/live-vapeur-parc\\\/\"]}]},{\"@type\":\"BreadcrumbList\",\"@id\":\"https:\\\/\\\/swissvapeur.ch\\\/de\\\/live-vapeur-parc\\\/#breadcrumb\",\"itemListElement\":[{\"@type\":\"ListItem\",\"position\":1,\"name\":\"Accueil\",\"item\":\"https:\\\/\\\/swissvapeur.ch\\\/de\\\/\"},{\"@type\":\"ListItem\",\"position\":2,\"name\":\"Der Park\",\"item\":\"https:\\\/\\\/swissvapeur.ch\\\/de\\\/der-park\\\/\"},{\"@type\":\"ListItem\",\"position\":3,\"name\":\"Live Vapeur Parc\"}]},{\"@type\":\"WebSite\",\"@id\":\"https:\\\/\\\/swissvapeur.ch\\\/de\\\/#website\",\"url\":\"https:\\\/\\\/swissvapeur.ch\\\/de\\\/\",\"name\":\"Swiss Vapeur Parc\",\"description\":\"Des petits trains presque comme les grands\",\"potentialAction\":[{\"@type\":\"SearchAction\",\"target\":{\"@type\":\"EntryPoint\",\"urlTemplate\":\"https:\\\/\\\/swissvapeur.ch\\\/de\\\/?s={search_term_string}\"},\"query-input\":{\"@type\":\"PropertyValueSpecification\",\"valueRequired\":true,\"valueName\":\"search_term_string\"}}],\"inLanguage\":\"de\"}]}<\/script>\n<!-- \/ Yoast SEO plugin. -->","yoast_head_json":{"title":"Live Vapeur Parc - Swiss Vapeur Parc","robots":{"index":"index","follow":"follow","max-snippet":"max-snippet:-1","max-image-preview":"max-image-preview:large","max-video-preview":"max-video-preview:-1"},"canonical":"https:\/\/swissvapeur.ch\/de\/live-vapeur-parc\/","og_locale":"de_DE","og_type":"article","og_title":"Live Vapeur Parc - Swiss Vapeur Parc","og_description":"Gr\u00e2ce \u00e0 nos trois webcams, d\u00e9couvrez en temps r\u00e9el des images du Swiss Vapeur Parc et suivez les trains sur le circuit comme dans notre tour de contr\u00f4le!CHABLAIS-CITYPONT SAINT-CLAUDEBELLEVUESuivez les trains en temps r\u00e9el sur le circuit comme si vous \u00e9tiez dans la tour de contr\u00f4le!","og_url":"https:\/\/swissvapeur.ch\/de\/live-vapeur-parc\/","og_site_name":"Swiss Vapeur Parc","article_modified_time":"2024-08-10T07:54:12+00:00","twitter_card":"summary_large_image","twitter_misc":{"Gesch\u00e4tzte Lesezeit":"3\u00a0Minuten"},"schema":{"@context":"https:\/\/schema.org","@graph":[{"@type":"WebPage","@id":"https:\/\/swissvapeur.ch\/de\/live-vapeur-parc\/","url":"https:\/\/swissvapeur.ch\/de\/live-vapeur-parc\/","name":"Live Vapeur Parc - Swiss Vapeur Parc","isPartOf":{"@id":"https:\/\/swissvapeur.ch\/de\/#website"},"datePublished":"2018-12-20T14:29:36+00:00","dateModified":"2024-08-10T07:54:12+00:00","breadcrumb":{"@id":"https:\/\/swissvapeur.ch\/de\/live-vapeur-parc\/#breadcrumb"},"inLanguage":"de","potentialAction":[{"@type":"ReadAction","target":["https:\/\/swissvapeur.ch\/de\/live-vapeur-parc\/"]}]},{"@type":"BreadcrumbList","@id":"https:\/\/swissvapeur.ch\/de\/live-vapeur-parc\/#breadcrumb","itemListElement":[{"@type":"ListItem","position":1,"name":"Accueil","item":"https:\/\/swissvapeur.ch\/de\/"},{"@type":"ListItem","position":2,"name":"Der Park","item":"https:\/\/swissvapeur.ch\/de\/der-park\/"},{"@type":"ListItem","position":3,"name":"Live Vapeur Parc"}]},{"@type":"WebSite","@id":"https:\/\/swissvapeur.ch\/de\/#website","url":"https:\/\/swissvapeur.ch\/de\/","name":"Swiss Vapeur Parc","description":"Des petits trains presque comme les grands","potentialAction":[{"@type":"SearchAction","target":{"@type":"EntryPoint","urlTemplate":"https:\/\/swissvapeur.ch\/de\/?s={search_term_string}"},"query-input":{"@type":"PropertyValueSpecification","valueRequired":true,"valueName":"search_term_string"}}],"inLanguage":"de"}]}},"_links":{"self":[{"href":"https:\/\/swissvapeur.ch\/de\/wp-json\/wp\/v2\/pages\/3198","targetHints":{"allow":["GET"]}}],"collection":[{"href":"https:\/\/swissvapeur.ch\/de\/wp-json\/wp\/v2\/pages"}],"about":[{"href":"https:\/\/swissvapeur.ch\/de\/wp-json\/wp\/v2\/types\/page"}],"author":[{"embeddable":true,"href":"https:\/\/swissvapeur.ch\/de\/wp-json\/wp\/v2\/users\/1"}],"replies":[{"embeddable":true,"href":"https:\/\/swissvapeur.ch\/de\/wp-json\/wp\/v2\/comments?post=3198"}],"version-history":[{"count":30,"href":"https:\/\/swissvapeur.ch\/de\/wp-json\/wp\/v2\/pages\/3198\/revisions"}],"predecessor-version":[{"id":12138,"href":"https:\/\/swissvapeur.ch\/de\/wp-json\/wp\/v2\/pages\/3198\/revisions\/12138"}],"wp:attachment":[{"href":"https:\/\/swissvapeur.ch\/de\/wp-json\/wp\/v2\/media?parent=3198"}],"curies":[{"name":"wp","href":"https:\/\/api.w.org\/{rel}","templated":true}]}}