{"id":3196,"date":"2018-12-20T15:29:36","date_gmt":"2018-12-20T14:29:36","guid":{"rendered":"http:\/\/www.swissvapeur.ch\/live-vapeur-parc\/"},"modified":"2018-12-20T15:29:36","modified_gmt":"2018-12-20T14:29:36","slug":"live-vapeur-parc","status":"publish","type":"page","link":"https:\/\/swissvapeur.ch\/de\/live-vapeur-parc\/","title":{"rendered":"Live Vapeur Parc"},"content":{"rendered":"<p>[et_pb_section fb_built=&#8220;1&#8243; _builder_version=&#8220;3.18.7&#8243; custom_padding=&#8220;0|0px|0|0px|false|false&#8220;][et_pb_row use_custom_width=&#8220;on&#8220; width_unit=&#8220;off&#8220; custom_width_percent=&#8220;100%&#8220; custom_padding=&#8220;0|0px|0|0px|false|false&#8220; _builder_version=&#8220;3.17.6&#8243; module_alignment=&#8220;center&#8220;][et_pb_column type=&#8220;4_4&#8243; _builder_version=&#8220;3.0.47&#8243; parallax=&#8220;off&#8220; parallax_method=&#8220;on&#8220;][et_pb_slider show_pagination=&#8220;off&#8220; _builder_version=&#8220;3.19.11&#8243; header_font=&#8220;|700|||||||&#8220; header_font_size=&#8220;48px&#8220; header_line_height=&#8220;1.1em&#8220; header_text_shadow_style=&#8220;preset1&#8243; header_text_shadow_blur_strength=&#8220;0.06em&#8220; body_font=&#8220;||||||||&#8220; background_image=&#8220;http:\/\/www.swissvapeur.ch\/wp-content\/uploads\/2019\/04\/domino.jpg&#8220; custom_button=&#8220;on&#8220; button_text_color=&#8220;#ffffff&#8220; button_bg_color=&#8220;#eebc0f&#8220; button_font=&#8220;||||||||&#8220; box_shadow_style_button=&#8220;preset2&#8243; animation_style=&#8220;fade&#8220; animation_duration=&#8220;0ms&#8220; auto=&#8220;on&#8220;][et_pb_slide heading=&#8220;LIVE VAPEUR PARC&#8220; button_text=&#8220;ACHETEZ VOS BILLETS&#8220; button_link=&#8220;https:\/\/www.swissvapeur.ch\/billetterie\/&#8220; use_bg_overlay=&#8220;on&#8220; use_text_overlay=&#8220;off&#8220; _builder_version=&#8220;3.19.11&#8243; header_font=&#8220;|700|||||||&#8220; body_font=&#8220;||||||||&#8220; background_color=&#8220;rgba(196,196,196,0)&#8220; custom_button=&#8220;on&#8220; button_font=&#8220;|700|||||||&#8220; text_orientation=&#8220;center&#8220; text_shadow_style=&#8220;preset1&#8243; inline_fonts=&#8220;Times New Roman&#8220;]<\/p>\n<h3>Gr\u00e2ce \u00e0 nos trois webcams, d\u00e9couvrez en temps r\u00e9el des images du Swiss Vapeur Parc et suivez les trains sur le circuit comme dans notre tour de contr\u00f4le!<\/h3>\n<p>[\/et_pb_slide][\/et_pb_slider][\/et_pb_column][\/et_pb_row][\/et_pb_section][et_pb_section fb_built=&#8220;1&#8243; _builder_version=&#8220;3.19.11&#8243; custom_padding=&#8220;45px|0px|54px|0px|false|false&#8220;][et_pb_row custom_padding=&#8220;0|0px|0|0px|false|false&#8220; _builder_version=&#8220;3.19.11&#8243;][et_pb_column type=&#8220;1_3&#8243; _builder_version=&#8220;3.19.11&#8243; parallax=&#8220;off&#8220; parallax_method=&#8220;on&#8220;][et_pb_text _builder_version=&#8220;3.19.11&#8243;]<\/p>\n<h2 style=\"text-align: center;\"><strong>CHABLAIS-CITY<\/strong><\/h2>\n<p>[\/et_pb_text][et_pb_code _builder_version=&#8220;3.19.11&#8243;]<iframe loading=\"lazy\" frameborder=\"0\" allowfullscreen width=\"640\" height=\"360\" src=\"https:\/\/player.infomaniak.com?channel=69329&#038;player=10056\"><\/iframe>[\/et_pb_code][\/et_pb_column][et_pb_column type=&#8220;1_3&#8243; _builder_version=&#8220;3.19.11&#8243; parallax=&#8220;off&#8220; parallax_method=&#8220;on&#8220;][et_pb_text _builder_version=&#8220;3.19.11&#8243;]<\/p>\n<h2 style=\"text-align: center;\"><strong>LA PRAIRIE<br \/><\/strong><\/h2>\n<p>[\/et_pb_text][et_pb_code _builder_version=&#8220;3.19.11&#8243;]<iframe loading=\"lazy\" frameborder=\"0\" allowfullscreen width=\"640\" height=\"360\" src=\"https:\/\/player.infomaniak.com?channel=69330&#038;player=10060\"><\/iframe>[\/et_pb_code][\/et_pb_column][et_pb_column type=&#8220;1_3&#8243; _builder_version=&#8220;3.19.11&#8243; parallax=&#8220;off&#8220; parallax_method=&#8220;on&#8220;][et_pb_text _builder_version=&#8220;3.19.11&#8243;]<\/p>\n<h2 style=\"text-align: center;\"><strong>CHABLAIS-VILLAGE<\/strong><\/h2>\n<p>[\/et_pb_text][et_pb_code _builder_version=&#8220;3.19.11&#8243;]<iframe loading=\"lazy\" frameborder=\"0\" allowfullscreen width=\"640\" height=\"360\" src=\"https:\/\/player.infomaniak.com?channel=69331&#038;player=10061\"><\/iframe>[\/et_pb_code][\/et_pb_column][\/et_pb_row][et_pb_row make_fullwidth=&#8220;on&#8220; use_custom_gutter=&#8220;on&#8220; gutter_width=&#8220;2&#8243; custom_padding=&#8220;62px|0px|27px|0px|false|false&#8220; make_equal=&#8220;on&#8220; _builder_version=&#8220;3.19.11&#8243;][et_pb_column type=&#8220;4_4&#8243; _builder_version=&#8220;3.19.11&#8243; parallax=&#8220;off&#8220; parallax_method=&#8220;on&#8220;][et_pb_text _builder_version=&#8220;3.19.11&#8243;]<\/p>\n<h2 style=\"text-align: center;\"><strong>Suivez les trains en temps r\u00e9el sur le circuit comme si vous \u00e9tiez dans la tour de contr\u00f4le!<\/strong><\/h2>\n<p>[\/et_pb_text][et_pb_code _builder_version=&#8220;3.19.11&#8243;]<iframe loading=\"lazy\" width=\"2000\" height=\"400\" src=\"https:\/\/www.swissvapeur.ch\/zn\/zn.html\" frameborder=\"0\" allowfullscreen><\/iframe>[\/et_pb_code][et_pb_code _builder_version=&#8220;3.19.11&#8243;][\/et_pb_code][\/et_pb_column][\/et_pb_row][et_pb_row _builder_version=&#8220;3.19.11&#8243;][et_pb_column type=&#8220;4_4&#8243; _builder_version=&#8220;3.19.11&#8243; parallax=&#8220;off&#8220; parallax_method=&#8220;on&#8220;][et_pb_code _builder_version=&#8220;3.19.11&#8243;][\/et_pb_code][\/et_pb_column][\/et_pb_row][\/et_pb_section]<\/p>\n","protected":false},"excerpt":{"rendered":"<p>[et_pb_section fb_built=&#8220;1&#8243; _builder_version=&#8220;3.18.7&#8243; custom_padding=&#8220;0|0px|0|0px|false|false&#8220;][et_pb_row use_custom_width=&#8220;on&#8220; width_unit=&#8220;off&#8220; custom_width_percent=&#8220;100%&#8220; custom_padding=&#8220;0|0px|0|0px|false|false&#8220; _builder_version=&#8220;3.17.6&#8243; module_alignment=&#8220;center&#8220;][et_pb_column type=&#8220;4_4&#8243; _builder_version=&#8220;3.0.47&#8243; parallax=&#8220;off&#8220; parallax_method=&#8220;on&#8220;][et_pb_slider show_pagination=&#8220;off&#8220; _builder_version=&#8220;3.19.11&#8243; header_font=&#8220;|700|||||||&#8220; header_font_size=&#8220;48px&#8220; header_line_height=&#8220;1.1em&#8220; header_text_shadow_style=&#8220;preset1&#8243; header_text_shadow_blur_strength=&#8220;0.06em&#8220; body_font=&#8220;||||||||&#8220; background_image=&#8220;http:\/\/www.swissvapeur.ch\/wp-content\/uploads\/2019\/04\/domino.jpg&#8220; custom_button=&#8220;on&#8220; button_text_color=&#8220;#ffffff&#8220; button_bg_color=&#8220;#eebc0f&#8220; button_font=&#8220;||||||||&#8220; box_shadow_style_button=&#8220;preset2&#8243; animation_style=&#8220;fade&#8220; animation_duration=&#8220;0ms&#8220; auto=&#8220;on&#8220;][et_pb_slide heading=&#8220;LIVE VAPEUR PARC&#8220; button_text=&#8220;ACHETEZ VOS BILLETS&#8220; button_link=&#8220;https:\/\/www.swissvapeur.ch\/billetterie\/&#8220; use_bg_overlay=&#8220;on&#8220; use_text_overlay=&#8220;off&#8220; _builder_version=&#8220;3.19.11&#8243; header_font=&#8220;|700|||||||&#8220; body_font=&#8220;||||||||&#8220; background_color=&#8220;rgba(196,196,196,0)&#8220; custom_button=&#8220;on&#8220; button_font=&#8220;|700|||||||&#8220; text_orientation=&#8220;center&#8220; text_shadow_style=&#8220;preset1&#8243; inline_fonts=&#8220;Times New [&hellip;]<\/p>\n","protected":false},"author":1,"featured_media":0,"parent":0,"menu_order":0,"comment_status":"closed","ping_status":"closed","template":"","meta":{"_et_pb_use_builder":"","_et_pb_old_content":"","_et_gb_content_width":"","footnotes":""},"class_list":["post-3196","page","type-page","status-publish","hentry"],"yoast_head":"<!-- This site is optimized with the Yoast SEO plugin v26.7 - https:\/\/yoast.com\/wordpress\/plugins\/seo\/ -->\n<title>Live Vapeur Parc - Swiss Vapeur Parc<\/title>\n<meta name=\"robots\" content=\"index, follow, max-snippet:-1, max-image-preview:large, max-video-preview:-1\" \/>\n<link rel=\"canonical\" href=\"https:\/\/swissvapeur.ch\/de\/live-vapeur-parc\/\" \/>\n<meta property=\"og:locale\" content=\"de_DE\" \/>\n<meta property=\"og:type\" content=\"article\" \/>\n<meta property=\"og:title\" content=\"Live Vapeur Parc - Swiss Vapeur Parc\" \/>\n<meta property=\"og:description\" content=\"[et_pb_section fb_built=&#8220;1&#8243; _builder_version=&#8220;3.18.7&#8243; custom_padding=&#8220;0|0px|0|0px|false|false&#8220;][et_pb_row use_custom_width=&#8220;on&#8220; width_unit=&#8220;off&#8220; custom_width_percent=&#8220;100%&#8220; custom_padding=&#8220;0|0px|0|0px|false|false&#8220; _builder_version=&#8220;3.17.6&#8243; module_alignment=&#8220;center&#8220;][et_pb_column type=&#8220;4_4&#8243; _builder_version=&#8220;3.0.47&#8243; parallax=&#8220;off&#8220; parallax_method=&#8220;on&#8220;][et_pb_slider show_pagination=&#8220;off&#8220; _builder_version=&#8220;3.19.11&#8243; header_font=&#8220;|700|||||||&#8220; header_font_size=&#8220;48px&#8220; header_line_height=&#8220;1.1em&#8220; header_text_shadow_style=&#8220;preset1&#8243; header_text_shadow_blur_strength=&#8220;0.06em&#8220; body_font=&#8220;||||||||&#8220; background_image=&#8220;http:\/\/www.swissvapeur.ch\/wp-content\/uploads\/2019\/04\/domino.jpg&#8220; custom_button=&#8220;on&#8220; button_text_color=&#8220;#ffffff&#8220; button_bg_color=&#8220;#eebc0f&#8220; button_font=&#8220;||||||||&#8220; box_shadow_style_button=&#8220;preset2&#8243; animation_style=&#8220;fade&#8220; animation_duration=&#8220;0ms&#8220; auto=&#8220;on&#8220;][et_pb_slide heading=&#8220;LIVE VAPEUR PARC&#8220; button_text=&#8220;ACHETEZ VOS BILLETS&#8220; button_link=&#8220;https:\/\/www.swissvapeur.ch\/billetterie\/&#8220; use_bg_overlay=&#8220;on&#8220; use_text_overlay=&#8220;off&#8220; _builder_version=&#8220;3.19.11&#8243; header_font=&#8220;|700|||||||&#8220; body_font=&#8220;||||||||&#8220; background_color=&#8220;rgba(196,196,196,0)&#8220; custom_button=&#8220;on&#8220; button_font=&#8220;|700|||||||&#8220; text_orientation=&#8220;center&#8220; text_shadow_style=&#8220;preset1&#8243; inline_fonts=&#8220;Times New [&hellip;]\" \/>\n<meta property=\"og:url\" content=\"https:\/\/swissvapeur.ch\/de\/live-vapeur-parc\/\" \/>\n<meta property=\"og:site_name\" content=\"Swiss Vapeur Parc\" \/>\n<meta name=\"twitter:card\" content=\"summary_large_image\" \/>\n<meta name=\"twitter:label1\" content=\"Gesch\u00e4tzte Lesezeit\" \/>\n\t<meta name=\"twitter:data1\" content=\"2\u00a0Minuten\" \/>\n<script type=\"application\/ld+json\" class=\"yoast-schema-graph\">{\"@context\":\"https:\/\/schema.org\",\"@graph\":[{\"@type\":\"WebPage\",\"@id\":\"https:\/\/swissvapeur.ch\/de\/live-vapeur-parc\/\",\"url\":\"https:\/\/swissvapeur.ch\/de\/live-vapeur-parc\/\",\"name\":\"Live Vapeur Parc - Swiss Vapeur Parc\",\"isPartOf\":{\"@id\":\"https:\/\/swissvapeur.ch\/de\/#website\"},\"datePublished\":\"2018-12-20T14:29:36+00:00\",\"breadcrumb\":{\"@id\":\"https:\/\/swissvapeur.ch\/de\/live-vapeur-parc\/#breadcrumb\"},\"inLanguage\":\"de\",\"potentialAction\":[{\"@type\":\"ReadAction\",\"target\":[\"https:\/\/swissvapeur.ch\/de\/live-vapeur-parc\/\"]}]},{\"@type\":\"BreadcrumbList\",\"@id\":\"https:\/\/swissvapeur.ch\/de\/live-vapeur-parc\/#breadcrumb\",\"itemListElement\":[{\"@type\":\"ListItem\",\"position\":1,\"name\":\"Accueil\",\"item\":\"https:\/\/swissvapeur.ch\/de\/\"},{\"@type\":\"ListItem\",\"position\":2,\"name\":\"Live Vapeur Parc\"}]},{\"@type\":\"WebSite\",\"@id\":\"https:\/\/swissvapeur.ch\/de\/#website\",\"url\":\"https:\/\/swissvapeur.ch\/de\/\",\"name\":\"Swiss Vapeur Parc\",\"description\":\"Des petits trains presque comme les grands\",\"potentialAction\":[{\"@type\":\"SearchAction\",\"target\":{\"@type\":\"EntryPoint\",\"urlTemplate\":\"https:\/\/swissvapeur.ch\/de\/?s={search_term_string}\"},\"query-input\":{\"@type\":\"PropertyValueSpecification\",\"valueRequired\":true,\"valueName\":\"search_term_string\"}}],\"inLanguage\":\"de\"}]}<\/script>\n<!-- \/ Yoast SEO plugin. -->","yoast_head_json":{"title":"Live Vapeur Parc - Swiss Vapeur Parc","robots":{"index":"index","follow":"follow","max-snippet":"max-snippet:-1","max-image-preview":"max-image-preview:large","max-video-preview":"max-video-preview:-1"},"canonical":"https:\/\/swissvapeur.ch\/de\/live-vapeur-parc\/","og_locale":"de_DE","og_type":"article","og_title":"Live Vapeur Parc - Swiss Vapeur Parc","og_description":"[et_pb_section fb_built=&#8220;1&#8243; _builder_version=&#8220;3.18.7&#8243; custom_padding=&#8220;0|0px|0|0px|false|false&#8220;][et_pb_row use_custom_width=&#8220;on&#8220; width_unit=&#8220;off&#8220; custom_width_percent=&#8220;100%&#8220; custom_padding=&#8220;0|0px|0|0px|false|false&#8220; _builder_version=&#8220;3.17.6&#8243; module_alignment=&#8220;center&#8220;][et_pb_column type=&#8220;4_4&#8243; _builder_version=&#8220;3.0.47&#8243; parallax=&#8220;off&#8220; parallax_method=&#8220;on&#8220;][et_pb_slider show_pagination=&#8220;off&#8220; _builder_version=&#8220;3.19.11&#8243; header_font=&#8220;|700|||||||&#8220; header_font_size=&#8220;48px&#8220; header_line_height=&#8220;1.1em&#8220; header_text_shadow_style=&#8220;preset1&#8243; header_text_shadow_blur_strength=&#8220;0.06em&#8220; body_font=&#8220;||||||||&#8220; background_image=&#8220;http:\/\/www.swissvapeur.ch\/wp-content\/uploads\/2019\/04\/domino.jpg&#8220; custom_button=&#8220;on&#8220; button_text_color=&#8220;#ffffff&#8220; button_bg_color=&#8220;#eebc0f&#8220; button_font=&#8220;||||||||&#8220; box_shadow_style_button=&#8220;preset2&#8243; animation_style=&#8220;fade&#8220; animation_duration=&#8220;0ms&#8220; auto=&#8220;on&#8220;][et_pb_slide heading=&#8220;LIVE VAPEUR PARC&#8220; button_text=&#8220;ACHETEZ VOS BILLETS&#8220; button_link=&#8220;https:\/\/www.swissvapeur.ch\/billetterie\/&#8220; use_bg_overlay=&#8220;on&#8220; use_text_overlay=&#8220;off&#8220; _builder_version=&#8220;3.19.11&#8243; header_font=&#8220;|700|||||||&#8220; body_font=&#8220;||||||||&#8220; background_color=&#8220;rgba(196,196,196,0)&#8220; custom_button=&#8220;on&#8220; button_font=&#8220;|700|||||||&#8220; text_orientation=&#8220;center&#8220; text_shadow_style=&#8220;preset1&#8243; inline_fonts=&#8220;Times New [&hellip;]","og_url":"https:\/\/swissvapeur.ch\/de\/live-vapeur-parc\/","og_site_name":"Swiss Vapeur Parc","twitter_card":"summary_large_image","twitter_misc":{"Gesch\u00e4tzte Lesezeit":"2\u00a0Minuten"},"schema":{"@context":"https:\/\/schema.org","@graph":[{"@type":"WebPage","@id":"https:\/\/swissvapeur.ch\/de\/live-vapeur-parc\/","url":"https:\/\/swissvapeur.ch\/de\/live-vapeur-parc\/","name":"Live Vapeur Parc - Swiss Vapeur Parc","isPartOf":{"@id":"https:\/\/swissvapeur.ch\/de\/#website"},"datePublished":"2018-12-20T14:29:36+00:00","breadcrumb":{"@id":"https:\/\/swissvapeur.ch\/de\/live-vapeur-parc\/#breadcrumb"},"inLanguage":"de","potentialAction":[{"@type":"ReadAction","target":["https:\/\/swissvapeur.ch\/de\/live-vapeur-parc\/"]}]},{"@type":"BreadcrumbList","@id":"https:\/\/swissvapeur.ch\/de\/live-vapeur-parc\/#breadcrumb","itemListElement":[{"@type":"ListItem","position":1,"name":"Accueil","item":"https:\/\/swissvapeur.ch\/de\/"},{"@type":"ListItem","position":2,"name":"Live Vapeur Parc"}]},{"@type":"WebSite","@id":"https:\/\/swissvapeur.ch\/de\/#website","url":"https:\/\/swissvapeur.ch\/de\/","name":"Swiss Vapeur Parc","description":"Des petits trains presque comme les grands","potentialAction":[{"@type":"SearchAction","target":{"@type":"EntryPoint","urlTemplate":"https:\/\/swissvapeur.ch\/de\/?s={search_term_string}"},"query-input":{"@type":"PropertyValueSpecification","valueRequired":true,"valueName":"search_term_string"}}],"inLanguage":"de"}]}},"_links":{"self":[{"href":"https:\/\/swissvapeur.ch\/de\/wp-json\/wp\/v2\/pages\/3196","targetHints":{"allow":["GET"]}}],"collection":[{"href":"https:\/\/swissvapeur.ch\/de\/wp-json\/wp\/v2\/pages"}],"about":[{"href":"https:\/\/swissvapeur.ch\/de\/wp-json\/wp\/v2\/types\/page"}],"author":[{"embeddable":true,"href":"https:\/\/swissvapeur.ch\/de\/wp-json\/wp\/v2\/users\/1"}],"replies":[{"embeddable":true,"href":"https:\/\/swissvapeur.ch\/de\/wp-json\/wp\/v2\/comments?post=3196"}],"version-history":[{"count":0,"href":"https:\/\/swissvapeur.ch\/de\/wp-json\/wp\/v2\/pages\/3196\/revisions"}],"wp:attachment":[{"href":"https:\/\/swissvapeur.ch\/de\/wp-json\/wp\/v2\/media?parent=3196"}],"curies":[{"name":"wp","href":"https:\/\/api.w.org\/{rel}","templated":true}]}}