{"id":2733,"date":"2019-05-19T13:58:49","date_gmt":"2019-05-19T11:58:49","guid":{"rendered":"http:\/\/www.swissvapeur.ch\/?page_id=2733"},"modified":"2021-06-26T15:54:59","modified_gmt":"2021-06-26T13:54:59","slug":"ticket","status":"publish","type":"page","link":"https:\/\/swissvapeur.ch\/de\/ticket\/","title":{"rendered":"Ticketverkauf (Ticketing)"},"content":{"rendered":"\n[et_pb_section fb_built=&#8220;1&#8243; _builder_version=&#8220;4.3.1&#8243; background_image=&#8220;https:\/\/www.swissvapeur.ch\/wp-content\/uploads\/2020\/02\/flou.jpg&#8220; global_module=&#8220;6934&#8243; saved_tabs=&#8220;all&#8220;][et_pb_row _builder_version=&#8220;4.3.1&#8243;][et_pb_column type=&#8220;4_4&#8243; _builder_version=&#8220;4.3.1&#8243; background_color=&#8220;#ffffff&#8220;][et_pb_text _builder_version=&#8220;4.5.2&#8243; custom_margin=&#8220;30px||||false|false&#8220; custom_padding=&#8220;|10px||10px|false|false&#8220;]<h2 style=\"text-align: center;\"><strong>Der Park ist t\u00e4glich von 10 Uhr bis 18 Uhr ge\u00f6ffnet<br> <\/strong><\/h2>\n<p style=\"text-align: center;\">Ihr gel\u00f6ster Ticket ab CHF 13.- statt CHF 17.-<\/p>[\/et_pb_text][et_pb_code _builder_version=&#8220;4.5.2&#8243; text_orientation=&#8220;center&#8220; custom_padding=&#8220;||30px|||&#8220;]<!-- Start of Smeetz Embed Code --><!-- [et_pb_line_break_holder] --><script type=\"text\/javascript\" async=\"\" defer><!-- [et_pb_line_break_holder] --><!-- [et_pb_line_break_holder] -->    var el = document.createElement('script');<!-- [et_pb_line_break_holder] -->    el.setAttribute('id', 'smeetz-iframe-vars');<!-- [et_pb_line_break_holder] -->    el.setAttribute('src', '\/\/iframe.smeetz.com\/12977\/130.js');<!-- [et_pb_line_break_holder] -->    document.body.appendChild(el);<!-- [et_pb_line_break_holder] --><!-- [et_pb_line_break_holder] --><\/script><!-- [et_pb_line_break_holder] --><a class=\"et_pb_button et_pb_button_0 et_pb_bg_layout_light\" target=\"_blank\" rel=\"noopener\"> onclick=&#8220;event.preventDefault () openCustomIframe (36994), {lightbox: true, _ga: (new window.gaplugins.Linker(ga.getAll(0)).dekorate(r&#8216;).slice(2).split (&#8218; =&#8216; [1]});&#8220;. <!-- [et_pb_line_break_holder] --> rel=noopener noreferrer&#8220;&gt; <!-- [et_pb_line_break_holder] --> <span class=\"\">Kasse<\/span><\/a><!-- [et_pb_line_break_holder] --><!-- End of Smeetz Embed Code -->[\/et_pb_code][\/et_pb_column][\/et_pb_row][\/et_pb_section]\n","protected":false},"excerpt":{"rendered":"<p>Der Park ist t\u00e4glich von 10 Uhr bis 18 Uhr ge\u00f6ffnet Ihr gel\u00f6ster Ticket ab CHF 13.- statt CHF 17.- onclick=&#8220;event.preventDefault () openCustomIframe (36994), {lightbox: true, _ga: (new window.gaplugins.Linker(ga.getAll(0)).dekorate(r&#8216;).slice(2).split (&#8218; =&#8216; [1]});&#8220;. rel=noopener noreferrer&#8220;&gt; Kasse<\/p>\n","protected":false},"author":1,"featured_media":0,"parent":0,"menu_order":0,"comment_status":"closed","ping_status":"closed","template":"","meta":{"_et_pb_use_builder":"on","_et_pb_old_content":"","_et_gb_content_width":"","footnotes":""},"class_list":["post-2733","page","type-page","status-publish","hentry"],"yoast_head":"<!-- This site is optimized with the Yoast SEO plugin v26.7 - https:\/\/yoast.com\/wordpress\/plugins\/seo\/ -->\n<title>Ticketverkauf (Ticketing) - Swiss Vapeur Parc<\/title>\n<meta name=\"robots\" content=\"index, follow, max-snippet:-1, max-image-preview:large, max-video-preview:-1\" \/>\n<link rel=\"canonical\" href=\"https:\/\/swissvapeur.ch\/de\/ticket\/\" \/>\n<meta property=\"og:locale\" content=\"de_DE\" \/>\n<meta property=\"og:type\" content=\"article\" \/>\n<meta property=\"og:title\" content=\"Ticketverkauf (Ticketing) - Swiss Vapeur Parc\" \/>\n<meta property=\"og:description\" content=\"Der Park ist t\u00e4glich von 10 Uhr bis 18 Uhr ge\u00f6ffnet Ihr gel\u00f6ster Ticket ab CHF 13.- statt CHF 17.- onclick=&quot;event.preventDefault () openCustomIframe (36994), {lightbox: true, _ga: (new window.gaplugins.Linker(ga.getAll(0)).dekorate(r&#039;).slice(2).split (&#039; =&#039; [1]});&quot;. rel=noopener noreferrer&quot;&gt; Kasse\" \/>\n<meta property=\"og:url\" content=\"https:\/\/swissvapeur.ch\/de\/ticket\/\" \/>\n<meta property=\"og:site_name\" content=\"Swiss Vapeur Parc\" \/>\n<meta property=\"article:modified_time\" content=\"2021-06-26T13:54:59+00:00\" \/>\n<meta name=\"twitter:card\" content=\"summary_large_image\" \/>\n<meta name=\"twitter:label1\" content=\"Gesch\u00e4tzte Lesezeit\" \/>\n\t<meta name=\"twitter:data1\" content=\"1\u00a0Minute\" \/>\n<script type=\"application\/ld+json\" class=\"yoast-schema-graph\">{\"@context\":\"https:\/\/schema.org\",\"@graph\":[{\"@type\":\"WebPage\",\"@id\":\"https:\/\/swissvapeur.ch\/de\/ticket\/\",\"url\":\"https:\/\/swissvapeur.ch\/de\/ticket\/\",\"name\":\"Ticketverkauf (Ticketing) - Swiss Vapeur Parc\",\"isPartOf\":{\"@id\":\"https:\/\/swissvapeur.ch\/de\/#website\"},\"datePublished\":\"2019-05-19T11:58:49+00:00\",\"dateModified\":\"2021-06-26T13:54:59+00:00\",\"breadcrumb\":{\"@id\":\"https:\/\/swissvapeur.ch\/de\/ticket\/#breadcrumb\"},\"inLanguage\":\"de\",\"potentialAction\":[{\"@type\":\"ReadAction\",\"target\":[\"https:\/\/swissvapeur.ch\/de\/ticket\/\"]}]},{\"@type\":\"BreadcrumbList\",\"@id\":\"https:\/\/swissvapeur.ch\/de\/ticket\/#breadcrumb\",\"itemListElement\":[{\"@type\":\"ListItem\",\"position\":1,\"name\":\"Accueil\",\"item\":\"https:\/\/swissvapeur.ch\/de\/\"},{\"@type\":\"ListItem\",\"position\":2,\"name\":\"Ticketverkauf (Ticketing)\"}]},{\"@type\":\"WebSite\",\"@id\":\"https:\/\/swissvapeur.ch\/de\/#website\",\"url\":\"https:\/\/swissvapeur.ch\/de\/\",\"name\":\"Swiss Vapeur Parc\",\"description\":\"Des petits trains presque comme les grands\",\"potentialAction\":[{\"@type\":\"SearchAction\",\"target\":{\"@type\":\"EntryPoint\",\"urlTemplate\":\"https:\/\/swissvapeur.ch\/de\/?s={search_term_string}\"},\"query-input\":{\"@type\":\"PropertyValueSpecification\",\"valueRequired\":true,\"valueName\":\"search_term_string\"}}],\"inLanguage\":\"de\"}]}<\/script>\n<!-- \/ Yoast SEO plugin. -->","yoast_head_json":{"title":"Ticketverkauf (Ticketing) - Swiss Vapeur Parc","robots":{"index":"index","follow":"follow","max-snippet":"max-snippet:-1","max-image-preview":"max-image-preview:large","max-video-preview":"max-video-preview:-1"},"canonical":"https:\/\/swissvapeur.ch\/de\/ticket\/","og_locale":"de_DE","og_type":"article","og_title":"Ticketverkauf (Ticketing) - Swiss Vapeur Parc","og_description":"Der Park ist t\u00e4glich von 10 Uhr bis 18 Uhr ge\u00f6ffnet Ihr gel\u00f6ster Ticket ab CHF 13.- statt CHF 17.- onclick=\"event.preventDefault () openCustomIframe (36994), {lightbox: true, _ga: (new window.gaplugins.Linker(ga.getAll(0)).dekorate(r').slice(2).split (' =' [1]});\". rel=noopener noreferrer\"&gt; Kasse","og_url":"https:\/\/swissvapeur.ch\/de\/ticket\/","og_site_name":"Swiss Vapeur Parc","article_modified_time":"2021-06-26T13:54:59+00:00","twitter_card":"summary_large_image","twitter_misc":{"Gesch\u00e4tzte Lesezeit":"1\u00a0Minute"},"schema":{"@context":"https:\/\/schema.org","@graph":[{"@type":"WebPage","@id":"https:\/\/swissvapeur.ch\/de\/ticket\/","url":"https:\/\/swissvapeur.ch\/de\/ticket\/","name":"Ticketverkauf (Ticketing) - Swiss Vapeur Parc","isPartOf":{"@id":"https:\/\/swissvapeur.ch\/de\/#website"},"datePublished":"2019-05-19T11:58:49+00:00","dateModified":"2021-06-26T13:54:59+00:00","breadcrumb":{"@id":"https:\/\/swissvapeur.ch\/de\/ticket\/#breadcrumb"},"inLanguage":"de","potentialAction":[{"@type":"ReadAction","target":["https:\/\/swissvapeur.ch\/de\/ticket\/"]}]},{"@type":"BreadcrumbList","@id":"https:\/\/swissvapeur.ch\/de\/ticket\/#breadcrumb","itemListElement":[{"@type":"ListItem","position":1,"name":"Accueil","item":"https:\/\/swissvapeur.ch\/de\/"},{"@type":"ListItem","position":2,"name":"Ticketverkauf (Ticketing)"}]},{"@type":"WebSite","@id":"https:\/\/swissvapeur.ch\/de\/#website","url":"https:\/\/swissvapeur.ch\/de\/","name":"Swiss Vapeur Parc","description":"Des petits trains presque comme les grands","potentialAction":[{"@type":"SearchAction","target":{"@type":"EntryPoint","urlTemplate":"https:\/\/swissvapeur.ch\/de\/?s={search_term_string}"},"query-input":{"@type":"PropertyValueSpecification","valueRequired":true,"valueName":"search_term_string"}}],"inLanguage":"de"}]}},"_links":{"self":[{"href":"https:\/\/swissvapeur.ch\/de\/wp-json\/wp\/v2\/pages\/2733","targetHints":{"allow":["GET"]}}],"collection":[{"href":"https:\/\/swissvapeur.ch\/de\/wp-json\/wp\/v2\/pages"}],"about":[{"href":"https:\/\/swissvapeur.ch\/de\/wp-json\/wp\/v2\/types\/page"}],"author":[{"embeddable":true,"href":"https:\/\/swissvapeur.ch\/de\/wp-json\/wp\/v2\/users\/1"}],"replies":[{"embeddable":true,"href":"https:\/\/swissvapeur.ch\/de\/wp-json\/wp\/v2\/comments?post=2733"}],"version-history":[{"count":11,"href":"https:\/\/swissvapeur.ch\/de\/wp-json\/wp\/v2\/pages\/2733\/revisions"}],"predecessor-version":[{"id":8159,"href":"https:\/\/swissvapeur.ch\/de\/wp-json\/wp\/v2\/pages\/2733\/revisions\/8159"}],"wp:attachment":[{"href":"https:\/\/swissvapeur.ch\/de\/wp-json\/wp\/v2\/media?parent=2733"}],"curies":[{"name":"wp","href":"https:\/\/api.w.org\/{rel}","templated":true}]}}