{"id":16039,"date":"2026-02-12T20:52:35","date_gmt":"2026-02-12T19:52:35","guid":{"rendered":"https:\/\/swissvapeur.ch\/vip\/"},"modified":"2026-02-12T20:53:47","modified_gmt":"2026-02-12T19:53:47","slug":"vip","status":"publish","type":"page","link":"https:\/\/swissvapeur.ch\/de\/vip\/","title":{"rendered":"VIP"},"content":{"rendered":"<p>[et_pb_section fb_built=&#8220;1&#8243; _builder_version=&#8220;4.23.1&#8243; _module_preset=&#8220;default&#8220; background_image=&#8220;https:\/\/swissvapeur.ch\/wp-content\/uploads\/2023\/01\/DSC01265-2-scaled.jpg&#8220; custom_padding=&#8220;200px||200px|||&#8220; custom_css_free_form=&#8220;body .et_pb_button {||    background-color: #0e5934!important;||    border: solid 0px!important;||    border-radius: 50px!important;||    font-size: 20px!important;||    font-family: Open Sans,Arial,sans-serif !important;||    text-transform: uppercase !important;||    font-weight: 700!important !important;||    padding: 0.3em 1em !important;||}&#8220; global_colors_info=&#8220;{}&#8220;][et_pb_row _builder_version=&#8220;4.19.4&#8243; _module_preset=&#8220;default&#8220; global_colors_info=&#8220;{}&#8220;][et_pb_column type=&#8220;4_4&#8243; _builder_version=&#8220;4.19.4&#8243; _module_preset=&#8220;default&#8220; global_colors_info=&#8220;{}&#8220;][et_pb_text _builder_version=&#8220;4.27.5&#8243; _module_preset=&#8220;default&#8220; text_font_size=&#8220;38px&#8220; text_line_height=&#8220;2.1em&#8220; background_layout=&#8220;dark&#8220; global_colors_info=&#8220;{}&#8220;]<\/p>\n<p>\n<script>\n    !function(e, t, n, i, p, r, s) {\n      e[n] || ((p = e[n] = function() {\n      p.p ? p.p.apply(p, arguments) : p.q.push(arguments);\n      }).q = [], p.t = 1 * new Date(), p.g = \"12977\", (r = t.createElement(\"script\")).async = 1,\n      r.src = \"https:\/\/tracker.smeetz.com\/smeetz-main-widget.js\", (s = t.getElementsByTagName(\"script\")[0]).parentNode.insertBefore(r, s));\n    }(window, document, \"_smtz\");\n<\/script>\n<\/p>\n<div style=\"text-align: center;\">\n<h1 style=\"text-align: center;\"><span style=\"color: #ffffff;\"><strong>Erleben Sie den Schweizer Vapeur Parc von innen<\/strong><\/span><\/h1>\n<\/div>\n<p>[\/et_pb_text][\/et_pb_column][\/et_pb_row][\/et_pb_section][et_pb_section fb_built=&#8220;1&#8243; _builder_version=&#8220;4.27.5&#8243; custom_padding=&#8220;50px|0px|30px|0px|false|false&#8220; custom_css_free_form=&#8220;||.et_pb_button:after, .et_pb_button:before {||    -webkit-transition: all .0s !important;||    transition: all .0s !important;||}||||.et_pb_code_0 a {||   background-color: #155a33 !important;||    border: solid 0px!important;||    border-radius: 50px!important;||    font-size: 20px!important;||    text-transform: uppercase !important;||    font-weight: 700 !important;||    padding: 0.3em 1em !important;||    letter-spacing: -.8px;||  ||}||||.et_pb_pricing_tables_0 a {||   background-color: #155a33 !important;||    border: solid 0px!important;||    border-radius: 50px!important;||    font-size: 20px!important;||    text-transform: uppercase !important;||    font-weight: 700 !important;||    padding: 0.3em 1em !important;||    letter-spacing: -.8px;||  ||}&#8220; global_colors_info=&#8220;{}&#8220;][et_pb_row column_structure=&#8220;1_2,1_2&#8243; _builder_version=&#8220;4.16&#8243; custom_padding=&#8220;0|0|0|0px|false|false&#8220; global_colors_info=&#8220;{}&#8220;][et_pb_column type=&#8220;1_2&#8243; _builder_version=&#8220;4.16&#8243; custom_padding=&#8220;|||&#8220; global_colors_info=&#8220;{}&#8220; custom_padding__hover=&#8220;|||&#8220;][et_pb_pricing_tables featured_table_background_color=&#8220;#155a33&#8243; featured_table_header_background_color=&#8220;#155a33&#8243; featured_table_header_text_color=&#8220;#155a33&#8243; header_background_color=&#8220;#7a4b7f&#8220; featured_table_subheader_text_color=&#8220;#ffffff&#8220; featured_table_text_color=&#8220;#155a33&#8243; show_bullet=&#8220;off&#8220; featured_table_bullet_color=&#8220;#155a33&#8243; featured_table_price_color=&#8220;#8300e9&#8243; _builder_version=&#8220;4.27.5&#8243; price_text_color=&#8220;#7a4b7f&#8220; subheader_text_color=&#8220;#ffffff&#8220; body_text_color=&#8220;#000000&#8243; header_text_color=&#8220;#ffffff&#8220; header_level=&#8220;h1&#8243; header_font=&#8220;||||||||&#8220; header_font_size=&#8220;30px&#8220; body_font=&#8220;||||||||&#8220; subheader_font=&#8220;||||||||&#8220; price_font=&#8220;||||||||&#8220; price_font_size=&#8220;40px&#8220; currency_frequency_font=&#8220;||||||||&#8220; text_orientation=&#8220;center&#8220; global_colors_info=&#8220;{}&#8220;][et_pb_pricing_table title=&#8220;VIP-ANGEBOTE&#8220; subtitle=&#8220;Ein Tag im Park wie ein Eisenbahnfahrer!&#8220; sum=&#8220;CHF 75.-&#8220; _builder_version=&#8220;4.27.5&#8243; price_font=&#8220;||||||||&#8220; price_line_height=&#8220;79px&#8220; text_orientation=&#8220;center&#8220; global_colors_info=&#8220;{}&#8220; sticky_transition=&#8220;on&#8220;]<\/p>\n<h2><strong>DAS VIP-PAKET BEINHALTET<\/strong><\/h2>\n<p>\u2022 Aufw\u00e4rmen der Dampflokomotive ab 9:30 Uhr.<\/p>\n<p>\u2022 Gef\u00fchrte Entdeckung des Kontrollturms.<\/p>\n<p>\u2022 Eine elektrische Fahrtour, begleitet von einem unserer Fahrer (1 Runde).<\/p>\n<p><strong>CHF 75.- VIP-Besucher<\/strong><br \/>\n<strong>CHF 35.- Begleitende VIP-Besucher<\/strong><\/p>\n<div class=\"smtz-w\" data-smtz-gid=\"12977\" data-smtz-wid=\"1381\"><\/div>\n<p>[\/et_pb_pricing_table][\/et_pb_pricing_tables][\/et_pb_column][et_pb_column type=&#8220;1_2&#8243; _builder_version=&#8220;4.16&#8243; custom_padding=&#8220;|||&#8220; global_colors_info=&#8220;{}&#8220; custom_padding__hover=&#8220;|||&#8220;][et_pb_text _builder_version=&#8220;4.25.1&#8243; custom_margin=&#8220;||12px|||&#8220; global_colors_info=&#8220;{}&#8220;]<\/p>\n<h2><strong>Entdecken Sie den Schweizer Vapeur Park und seine Backstage-B\u00fchnen wie ein VIP<\/strong><\/h2>\n<p>Ihr au\u00dfergew\u00f6hnlicher Tag beginnt vor \u00d6ffnung des Parks (9:30 Uhr) w\u00e4hrend des Briefings des Tagesteams. Sie erfahren, wie der Tag eines Eisenbahnarbeiters im Schweizer Vapeur Parc beginnt. Sie werden am Aufw\u00e4rmen einer Dampflokomotive teilnehmen. Wir werden mehr \u00fcber den Betrieb des Kontrollturms erfahren, dem eigentlichen Nervenzentrum der Eisenbahnbetriebe des Parks. Der VIP-Besucher wird eine Fahrtour genie\u00dfen, begleitet von einer Elektrolokomotive mit Erkl\u00e4rungen eines unserer Fahrer. (Dauer des Gottesdienstes etwa 2 Stunden, dann kostenloser Besuch)       <\/p>\n<p>[\/et_pb_text][et_pb_code _builder_version=&#8220;4.23.1&#8243; _module_preset=&#8220;default&#8220; text_orientation=&#8220;center&#8220; saved_tabs=&#8220;all&#8220; global_colors_info=&#8220;{}&#8220;]<!-- Start Smeetz Embed Code --><!-- [et_pb_line_break_holder] --><!-- [et_pb_line_break_holder] -->    <script><!-- [et_pb_line_break_holder] --><!-- [et_pb_line_break_holder] -->    !function(e, t, n, i, p, r, s) {<!-- [et_pb_line_break_holder] --><!-- [et_pb_line_break_holder] -->      e[n] || ((p = e[n] = function() {<!-- [et_pb_line_break_holder] --><!-- [et_pb_line_break_holder] -->      p.p ? p.p.apply(p, arguments) : p.q.push(arguments);<!-- [et_pb_line_break_holder] --><!-- [et_pb_line_break_holder] -->      }).q = [], p.t = 1 * new Date(), p.g = \"12977\", (r = t.createElement(\"script\")).async = 1,<!-- [et_pb_line_break_holder] --><!-- [et_pb_line_break_holder] -->      r.src = https:\/\/tracker.smeetz.com\/smeetz-main-widget.js, (s = t.getElementsByTagName(\"script\")[0]).parentNode.insertBefore(r, s));<!-- [et_pb_line_break_holder] --><!-- [et_pb_line_break_holder] -->    }(window, document, \"_smtz\");<!-- [et_pb_line_break_holder] --><!-- [et_pb_line_break_holder] -->    <\/script><!-- [et_pb_line_break_holder] --><!-- [et_pb_line_break_holder] -->   <!-- [et_pb_line_break_holder] --><!-- [et_pb_line_break_holder] -->    <\/p>\n<div class=\"smtz-w\" data-smtz-gid=\"12977\" data-smtz-wid=\"1381\"><!-- [et_pb_line_break_holder] --><!-- [et_pb_line_break_holder] -->      <\/div>\n<p><!-- [et_pb_line_break_holder] --><!-- [et_pb_line_break_holder] -->    <!-- End Smeetz Embed Code -->[\/et_pb_code][et_pb_image src=&#8220;https:\/\/swissvapeur.ch\/wp-content\/uploads\/2023\/01\/DSC00914-2-scaled.jpg&#8220; title_text=&#8220;DSC00914-2&#8243; _builder_version=&#8220;4.27.5&#8243; _module_preset=&#8220;default&#8220; global_colors_info=&#8220;{}&#8220;][\/et_pb_image][\/et_pb_column][\/et_pb_row][et_pb_row _builder_version=&#8220;4.19.4&#8243; _module_preset=&#8220;default&#8220; custom_margin=&#8220;30px|auto||auto||&#8220; custom_padding=&#8220;30px|||||&#8220; global_colors_info=&#8220;{}&#8220;][et_pb_column type=&#8220;4_4&#8243; _builder_version=&#8220;4.19.4&#8243; _module_preset=&#8220;default&#8220; global_colors_info=&#8220;{}&#8220;][et_pb_text _builder_version=&#8220;4.19.4&#8243; _module_preset=&#8220;default&#8220; global_colors_info=&#8220;{}&#8220;]<\/p>\n<p style=\"text-align: center;\"><em>Das VIP-Angebot muss mindestens 48 Stunden vor dem Besuchstermin gebucht werden.<\/em><\/p>\n<p>[\/et_pb_text][\/et_pb_column][\/et_pb_row][\/et_pb_section][et_pb_section fb_built=&#8220;1&#8243; _builder_version=&#8220;4.27.5&#8243; _module_preset=&#8220;default&#8220; background_color=&#8220;#052a18&#8243; global_module=&#8220;15638&#8243; saved_tabs=&#8220;all&#8220; locked=&#8220;off&#8220; global_colors_info=&#8220;{}&#8220;][et_pb_row column_structure=&#8220;1_4,1_4,1_4,1_4&#8243; _builder_version=&#8220;4.27.5&#8243; _module_preset=&#8220;default&#8220; global_colors_info=&#8220;{}&#8220;][et_pb_column type=&#8220;1_4&#8243; _builder_version=&#8220;4.27.5&#8243; _module_preset=&#8220;default&#8220; global_colors_info=&#8220;{}&#8220;][et_pb_code _builder_version=&#8220;4.27.5&#8243; _module_preset=&#8220;default&#8220; global_colors_info=&#8220;{}&#8220;]<\/p>\n<h4 class=\"title\"><bleu-clair><b>SCHNELLER ZUGANG<\/b><\/bleu-clair><\/h4>\n<p><!-- [et_pb_line_break_holder] --><pee><!-- [et_pb_line_break_holder] -->  <a href=\"\/de\/\"><b><blanc>Home<\/blanc><\/b><\/a><!\u2013- [et_pb_br_holder] -\u2013><!-- [et_pb_line_break_holder] -->  <a href=\"\/de\/ihr-besuch\"><b><blanc>Ihr Besuch<\/blanc><\/b><\/a><!\u2013- [et_pb_br_holder] -\u2013><!-- [et_pb_line_break_holder] -->  <a href=\"\/de\/preise\"><b><blanc>Preise<\/blanc><\/b><\/a><!\u2013- [et_pb_br_holder] -\u2013><!-- [et_pb_line_break_holder] -->  <a href=\"\/de\/gruppen\"><b><blanc>Gruppen<\/blanc><\/b><\/a><!\u2013- [et_pb_br_holder] -\u2013><!-- [et_pb_line_break_holder] -->  <a href=\"\/de\/geburtstag\"><b><blanc>Geburtstag<\/blanc><\/b><\/a><!\u2013- [et_pb_br_holder] -\u2013><!-- [et_pb_line_break_holder] -->  <a href=\"\/de\/faq\"><b><blanc>FAQ<\/blanc><\/b><\/a><!\u2013- [et_pb_br_holder] -\u2013><!-- [et_pb_line_break_holder] -->  <a href=\"\/de\/tickets\"><b><blanc>Tickets<\/blanc><\/b><\/a><!\u2013- [et_pb_br_holder] -\u2013><!-- [et_pb_line_break_holder] --><\/pee>[\/et_pb_code][\/et_pb_column][et_pb_column type=&#8220;1_4&#8243; _builder_version=&#8220;4.27.5&#8243; _module_preset=&#8220;default&#8220; global_colors_info=&#8220;{}&#8220;][et_pb_code _builder_version=&#8220;4.27.5&#8243; _module_preset=&#8220;default&#8220; global_colors_info=&#8220;{}&#8220;]<\/p>\n<h4 class=\"title\"><bleu-clair><b>LINKS<\/b><\/bleu-clair><\/h4>\n<p><!-- [et_pb_line_break_holder] --><pee><!-- [et_pb_line_break_holder] -->  <a href=\"\/de\/partner\/\"><b><blanc>Partner<\/blanc><\/b><\/a><!\u2013- [et_pb_br_holder] -\u2013><!-- [et_pb_line_break_holder] -->  <a href=\"\/de\/casvp-freundesclub\"><b><blanc>CASVP Freundesclub<\/blanc><\/b><\/a><!\u2013- [et_pb_br_holder] -\u2013><!-- [et_pb_line_break_holder] -->  <a href=\"https:\/\/fmvv.ch\/\"><b><blanc>FMVV Stiftung<\/blanc><\/b><\/a><!\u2013- [et_pb_br_holder] -\u2013><!\u2013- [et_pb_br_holder] -\u2013><!-- [et_pb_line_break_holder] --><\/pee>[\/et_pb_code][\/et_pb_column][et_pb_column type=&#8220;1_4&#8243; _builder_version=&#8220;4.27.5&#8243; _module_preset=&#8220;default&#8220; global_colors_info=&#8220;{}&#8220;][et_pb_code _builder_version=&#8220;4.27.5&#8243; _module_preset=&#8220;default&#8220; global_colors_info=&#8220;{}&#8220;]<\/p>\n<h4 class=\"title\"><bleu-clair><b>KONTAKT<\/b><\/bleu-clair><\/h4>\n<p><!-- [et_pb_line_break_holder] --><pee><blanc>Swiss Vapeur Parc<!\u2013- [et_pb_br_holder] -\u2013>Rue du port 10<!\u2013- [et_pb_br_holder] -\u2013>1897 Le Bouveret<\/blanc><\/pee><!-- [et_pb_line_break_holder] --><pee style=\"margin-top: 20px;\"><a href=\"mailto:info@swissvapeur.ch\"><b>info@swissvapeur.ch<\/b><\/a><\/pee>[\/et_pb_code][\/et_pb_column][et_pb_column type=&#8220;1_4&#8243; _builder_version=&#8220;4.27.5&#8243; _module_preset=&#8220;default&#8220; global_colors_info=&#8220;{}&#8220;][et_pb_code _builder_version=&#8220;4.27.5&#8243; _module_preset=&#8220;default&#8220; global_colors_info=&#8220;{}&#8220;]<\/p>\n<h4 class=\"title\"><bleu-clair><b>SOZIALE NETZWERKE<\/b><\/bleu-clair><\/h4>\n<p><!-- [et_pb_line_break_holder] --><pee>\n<ul class=\"et-social-icons\" style=\"text-align: left !important;\"><!-- [et_pb_line_break_holder] --><!-- [et_pb_line_break_holder] -->\t<\/p>\n<li class=\"et-social-icon et-social-facebook\" ><!-- [et_pb_line_break_holder] -->\t\t<a href=\"https:\/\/www.facebook.com\/swissvapeur\/\" class=\"icon\"><!-- [et_pb_line_break_holder] -->\t\t\t<span>Facebook<\/span><!-- [et_pb_line_break_holder] -->\t\t<\/a><!-- [et_pb_line_break_holder] -->\t<\/li>\n<p><!-- [et_pb_line_break_holder] -->\t<\/p>\n<li class=\"et-social-icon et-social-instagram\"><!-- [et_pb_line_break_holder] -->\t\t<a href=\"https:\/\/www.instagram.com\/swiss_vapeur_officiel\/?hl=fr\" class=\"icon\"><!-- [et_pb_line_break_holder] -->\t\t\t<span>Instagram<\/span><!-- [et_pb_line_break_holder] -->\t\t<\/a><!-- [et_pb_line_break_holder] -->\t<\/li>\n<p><!-- [et_pb_line_break_holder] --><!-- [et_pb_line_break_holder] --><\/ul>\n<\/pee>[\/et_pb_code][\/et_pb_column][\/et_pb_row][\/et_pb_section]<\/p>\n","protected":false},"excerpt":{"rendered":"<p>Erleben Sie den Schweizer Vapeur Parc von innen DAS VIP-PAKET BEINHALTET \u2022 Aufw\u00e4rmen der Dampflokomotive ab 9:30 Uhr. \u2022 Gef\u00fchrte Entdeckung des Kontrollturms. \u2022 Eine elektrische Fahrtour, begleitet von einem unserer Fahrer (1 Runde). CHF 75.- VIP-Besucher CHF 35.- Begleitende VIP-Besucher Entdecken Sie den Schweizer Vapeur Park und seine Backstage-B\u00fchnen [&hellip;]<\/p>\n","protected":false},"author":4,"featured_media":0,"parent":0,"menu_order":0,"comment_status":"closed","ping_status":"closed","template":"","meta":{"_et_pb_use_builder":"on","_et_pb_old_content":"","_et_gb_content_width":"","footnotes":""},"class_list":["post-16039","page","type-page","status-publish","hentry"],"yoast_head":"<!-- This site is optimized with the Yoast SEO plugin v27.3 - https:\/\/yoast.com\/product\/yoast-seo-wordpress\/ -->\n<title>VIP - Swiss Vapeur Parc<\/title>\n<meta name=\"robots\" content=\"index, follow, max-snippet:-1, max-image-preview:large, max-video-preview:-1\" \/>\n<link rel=\"canonical\" href=\"https:\/\/swissvapeur.ch\/de\/vip\/\" \/>\n<meta property=\"og:locale\" content=\"de_DE\" \/>\n<meta property=\"og:type\" content=\"article\" \/>\n<meta property=\"og:title\" content=\"VIP - Swiss Vapeur Parc\" \/>\n<meta property=\"og:description\" content=\"Erleben Sie den Schweizer Vapeur Parc von innen DAS VIP-PAKET BEINHALTET \u2022 Aufw\u00e4rmen der Dampflokomotive ab 9:30 Uhr. \u2022 Gef\u00fchrte Entdeckung des Kontrollturms. \u2022 Eine elektrische Fahrtour, begleitet von einem unserer Fahrer (1 Runde). CHF 75.- VIP-Besucher CHF 35.- Begleitende VIP-Besucher Entdecken Sie den Schweizer Vapeur Park und seine Backstage-B\u00fchnen [&hellip;]\" \/>\n<meta property=\"og:url\" content=\"https:\/\/swissvapeur.ch\/de\/vip\/\" \/>\n<meta property=\"og:site_name\" content=\"Swiss Vapeur Parc\" \/>\n<meta property=\"article:modified_time\" content=\"2026-02-12T19:53:47+00:00\" \/>\n<meta name=\"twitter:card\" content=\"summary_large_image\" \/>\n<meta name=\"twitter:label1\" content=\"Gesch\u00e4tzte Lesezeit\" \/>\n\t<meta name=\"twitter:data1\" content=\"4\u00a0Minuten\" \/>\n<script type=\"application\/ld+json\" class=\"yoast-schema-graph\">{\"@context\":\"https:\\\/\\\/schema.org\",\"@graph\":[{\"@type\":\"WebPage\",\"@id\":\"https:\\\/\\\/swissvapeur.ch\\\/de\\\/vip\\\/\",\"url\":\"https:\\\/\\\/swissvapeur.ch\\\/de\\\/vip\\\/\",\"name\":\"VIP - Swiss Vapeur Parc\",\"isPartOf\":{\"@id\":\"https:\\\/\\\/swissvapeur.ch\\\/de\\\/#website\"},\"datePublished\":\"2026-02-12T19:52:35+00:00\",\"dateModified\":\"2026-02-12T19:53:47+00:00\",\"breadcrumb\":{\"@id\":\"https:\\\/\\\/swissvapeur.ch\\\/de\\\/vip\\\/#breadcrumb\"},\"inLanguage\":\"de\",\"potentialAction\":[{\"@type\":\"ReadAction\",\"target\":[\"https:\\\/\\\/swissvapeur.ch\\\/de\\\/vip\\\/\"]}]},{\"@type\":\"BreadcrumbList\",\"@id\":\"https:\\\/\\\/swissvapeur.ch\\\/de\\\/vip\\\/#breadcrumb\",\"itemListElement\":[{\"@type\":\"ListItem\",\"position\":1,\"name\":\"Accueil\",\"item\":\"https:\\\/\\\/swissvapeur.ch\\\/de\\\/\"},{\"@type\":\"ListItem\",\"position\":2,\"name\":\"VIP\"}]},{\"@type\":\"WebSite\",\"@id\":\"https:\\\/\\\/swissvapeur.ch\\\/de\\\/#website\",\"url\":\"https:\\\/\\\/swissvapeur.ch\\\/de\\\/\",\"name\":\"Swiss Vapeur Parc\",\"description\":\"Des petits trains presque comme les grands\",\"potentialAction\":[{\"@type\":\"SearchAction\",\"target\":{\"@type\":\"EntryPoint\",\"urlTemplate\":\"https:\\\/\\\/swissvapeur.ch\\\/de\\\/?s={search_term_string}\"},\"query-input\":{\"@type\":\"PropertyValueSpecification\",\"valueRequired\":true,\"valueName\":\"search_term_string\"}}],\"inLanguage\":\"de\"}]}<\/script>\n<!-- \/ Yoast SEO plugin. -->","yoast_head_json":{"title":"VIP - Swiss Vapeur Parc","robots":{"index":"index","follow":"follow","max-snippet":"max-snippet:-1","max-image-preview":"max-image-preview:large","max-video-preview":"max-video-preview:-1"},"canonical":"https:\/\/swissvapeur.ch\/de\/vip\/","og_locale":"de_DE","og_type":"article","og_title":"VIP - Swiss Vapeur Parc","og_description":"Erleben Sie den Schweizer Vapeur Parc von innen DAS VIP-PAKET BEINHALTET \u2022 Aufw\u00e4rmen der Dampflokomotive ab 9:30 Uhr. \u2022 Gef\u00fchrte Entdeckung des Kontrollturms. \u2022 Eine elektrische Fahrtour, begleitet von einem unserer Fahrer (1 Runde). CHF 75.- VIP-Besucher CHF 35.- Begleitende VIP-Besucher Entdecken Sie den Schweizer Vapeur Park und seine Backstage-B\u00fchnen [&hellip;]","og_url":"https:\/\/swissvapeur.ch\/de\/vip\/","og_site_name":"Swiss Vapeur Parc","article_modified_time":"2026-02-12T19:53:47+00:00","twitter_card":"summary_large_image","twitter_misc":{"Gesch\u00e4tzte Lesezeit":"4\u00a0Minuten"},"schema":{"@context":"https:\/\/schema.org","@graph":[{"@type":"WebPage","@id":"https:\/\/swissvapeur.ch\/de\/vip\/","url":"https:\/\/swissvapeur.ch\/de\/vip\/","name":"VIP - Swiss Vapeur Parc","isPartOf":{"@id":"https:\/\/swissvapeur.ch\/de\/#website"},"datePublished":"2026-02-12T19:52:35+00:00","dateModified":"2026-02-12T19:53:47+00:00","breadcrumb":{"@id":"https:\/\/swissvapeur.ch\/de\/vip\/#breadcrumb"},"inLanguage":"de","potentialAction":[{"@type":"ReadAction","target":["https:\/\/swissvapeur.ch\/de\/vip\/"]}]},{"@type":"BreadcrumbList","@id":"https:\/\/swissvapeur.ch\/de\/vip\/#breadcrumb","itemListElement":[{"@type":"ListItem","position":1,"name":"Accueil","item":"https:\/\/swissvapeur.ch\/de\/"},{"@type":"ListItem","position":2,"name":"VIP"}]},{"@type":"WebSite","@id":"https:\/\/swissvapeur.ch\/de\/#website","url":"https:\/\/swissvapeur.ch\/de\/","name":"Swiss Vapeur Parc","description":"Des petits trains presque comme les grands","potentialAction":[{"@type":"SearchAction","target":{"@type":"EntryPoint","urlTemplate":"https:\/\/swissvapeur.ch\/de\/?s={search_term_string}"},"query-input":{"@type":"PropertyValueSpecification","valueRequired":true,"valueName":"search_term_string"}}],"inLanguage":"de"}]}},"_links":{"self":[{"href":"https:\/\/swissvapeur.ch\/de\/wp-json\/wp\/v2\/pages\/16039","targetHints":{"allow":["GET"]}}],"collection":[{"href":"https:\/\/swissvapeur.ch\/de\/wp-json\/wp\/v2\/pages"}],"about":[{"href":"https:\/\/swissvapeur.ch\/de\/wp-json\/wp\/v2\/types\/page"}],"author":[{"embeddable":true,"href":"https:\/\/swissvapeur.ch\/de\/wp-json\/wp\/v2\/users\/4"}],"replies":[{"embeddable":true,"href":"https:\/\/swissvapeur.ch\/de\/wp-json\/wp\/v2\/comments?post=16039"}],"version-history":[{"count":3,"href":"https:\/\/swissvapeur.ch\/de\/wp-json\/wp\/v2\/pages\/16039\/revisions"}],"predecessor-version":[{"id":16044,"href":"https:\/\/swissvapeur.ch\/de\/wp-json\/wp\/v2\/pages\/16039\/revisions\/16044"}],"wp:attachment":[{"href":"https:\/\/swissvapeur.ch\/de\/wp-json\/wp\/v2\/media?parent=16039"}],"curies":[{"name":"wp","href":"https:\/\/api.w.org\/{rel}","templated":true}]}}