{"id":10060,"date":"2023-07-11T15:42:44","date_gmt":"2023-07-11T13:42:44","guid":{"rendered":"https:\/\/swissvapeur.ch\/bauwerk-schweizerhaus\/"},"modified":"2023-07-11T15:42:46","modified_gmt":"2023-07-11T13:42:46","slug":"bauwerk-schweizerhaus","status":"publish","type":"page","link":"https:\/\/swissvapeur.ch\/de\/bauwerk-schweizerhaus\/","title":{"rendered":"Bauwerk Schweizerhaus"},"content":{"rendered":"<p>[et_pb_section fb_built=&#8220;1&#8243; fullwidth=&#8220;on&#8220; _builder_version=&#8220;4.16&#8243; _module_preset=&#8220;default&#8220; global_colors_info=&#8220;{}&#8220;][et_pb_fullwidth_image src=&#8220;https:\/\/swissvapeur.ch\/wp-content\/uploads\/2019\/02\/SVP_HD_PHOTOS-141.jpg&#8220; title_text=&#8220;SVP_HD_PHOTOS 141&#8243; _builder_version=&#8220;4.17.1&#8243; _module_preset=&#8220;default&#8220; global_colors_info=&#8220;{}&#8220;][\/et_pb_fullwidth_image][\/et_pb_section][et_pb_section fb_built=&#8220;1&#8243; _builder_version=&#8220;4.17.1&#8243; _module_preset=&#8220;default&#8220; global_colors_info=&#8220;{}&#8220;][et_pb_row _builder_version=&#8220;4.16&#8243; _module_preset=&#8220;default&#8220; global_colors_info=&#8220;{}&#8220;][et_pb_column type=&#8220;4_4&#8243; _builder_version=&#8220;4.16&#8243; _module_preset=&#8220;default&#8220; global_colors_info=&#8220;{}&#8220;][et_pb_text _builder_version=&#8220;4.17.1&#8243; _module_preset=&#8220;default&#8220; min_height=&#8220;303.6px&#8220; custom_margin=&#8220;||4px|||&#8220; custom_padding=&#8220;||26px|||&#8220; global_colors_info=&#8220;{}&#8220;]<\/p>\n<h1 style=\"text-align: left;\"><strong>Schweizerhaus<br \/><\/strong><\/h1>\n<h4 style=\"text-align: left;\"><em>Fantasiegeb\u00e4ude<br \/><\/em><\/h4>\n<p style=\"text-align: left;\">Dieses Geb\u00e4ude beherbergt eine kleine Ausstellung \u00fcber die Geschichte des Swiss Vapeur Parc und einige Informationen \u00fcber die Welt der Eisenbahn.<br \/>Das Abenteuer Swiss Vapeur Parc begann in Aigle im Jahr 1979 mit der Gr\u00fcndung des Club Vapeur d&#8217;Aigle. Da der Wunsch nach mehr Platz und einem komplexeren Netzwerk immer st\u00e4rker wurde, arbeitete das Team des Clubs an den Pl\u00e4nen f\u00fcr eine Strecke oberhalb von Aigle.. Das Projekt wurde nicht verwirklicht und die Gemeinde Port-Valais wird den zuk\u00fcnftigen Swiss Vapeur Parc beherbergen.<\/p>\n<p style=\"text-align: left;\">Der Park, der eigentlich nur ein gelegentlich ge\u00f6ffneter Treffpunkt f\u00fcr Enthusiasten sein sollte, zog von Anfang an so gro\u00dfe Menschenmengen an und weckte so viel Interesse, dass er bald jedes Wochenende und sp\u00e4ter von M\u00e4rz bis November t\u00e4glich ge\u00f6ffnet sein sollte.<\/p>\n<p style=\"text-align: left;\">Dieses Abenteuer, das aus der gemeinsamen Leidenschaft einiger Eisenbahner entstand, z\u00e4hlt heute zu den beliebtesten Parks der Westschweiz.<\/p>\n<p>[\/et_pb_text][et_pb_text _builder_version=&#8220;4.16&#8243; _module_preset=&#8220;default&#8220; global_colors_info=&#8220;{}&#8220;]<\/p>\n<p>Quelle: Archiv Swiss Vapeur Parc<\/p>\n<p>[\/et_pb_text][et_pb_image src=&#8220;https:\/\/swissvapeur.ch\/wp-content\/uploads\/2021\/02\/Capture-de\u0301cran-2021-02-25-a\u0300-09.56.01.png&#8220; title_text=&#8220;Bildschirmfoto 2021-02-25 a\u0300 09.56.01&#8243; _builder_version=&#8220;4.16&#8243; _module_preset=&#8220;default&#8220; global_colors_info=&#8220;{}&#8220;][\/et_pb_image][\/et_pb_column][\/et_pb_row][\/et_pb_section]<\/p>\n","protected":false},"excerpt":{"rendered":"<p>Schweizerhaus Fantasiegeb\u00e4ude Dieses Geb\u00e4ude beherbergt eine kleine Ausstellung \u00fcber die Geschichte des Swiss Vapeur Parc und einige Informationen \u00fcber die Welt der Eisenbahn.Das Abenteuer Swiss Vapeur Parc begann in Aigle im Jahr 1979 mit der Gr\u00fcndung des Club Vapeur d&#8217;Aigle. Da der Wunsch nach mehr Platz und einem komplexeren Netzwerk [&hellip;]<\/p>\n","protected":false},"author":4,"featured_media":0,"parent":0,"menu_order":0,"comment_status":"closed","ping_status":"closed","template":"","meta":{"_et_pb_use_builder":"on","_et_pb_old_content":"","_et_gb_content_width":"","footnotes":""},"class_list":["post-10060","page","type-page","status-publish","hentry"],"yoast_head":"<!-- This site is optimized with the Yoast SEO plugin v26.7 - https:\/\/yoast.com\/wordpress\/plugins\/seo\/ -->\n<title>Bauwerk Schweizerhaus - Swiss Vapeur Parc<\/title>\n<meta name=\"robots\" content=\"index, follow, max-snippet:-1, max-image-preview:large, max-video-preview:-1\" \/>\n<link rel=\"canonical\" href=\"https:\/\/swissvapeur.ch\/de\/bauwerk-schweizerhaus\/\" \/>\n<meta property=\"og:locale\" content=\"de_DE\" \/>\n<meta property=\"og:type\" content=\"article\" \/>\n<meta property=\"og:title\" content=\"Bauwerk Schweizerhaus - Swiss Vapeur Parc\" \/>\n<meta property=\"og:description\" content=\"Schweizerhaus Fantasiegeb\u00e4ude Dieses Geb\u00e4ude beherbergt eine kleine Ausstellung \u00fcber die Geschichte des Swiss Vapeur Parc und einige Informationen \u00fcber die Welt der Eisenbahn.Das Abenteuer Swiss Vapeur Parc begann in Aigle im Jahr 1979 mit der Gr\u00fcndung des Club Vapeur d&#039;Aigle. Da der Wunsch nach mehr Platz und einem komplexeren Netzwerk [&hellip;]\" \/>\n<meta property=\"og:url\" content=\"https:\/\/swissvapeur.ch\/de\/bauwerk-schweizerhaus\/\" \/>\n<meta property=\"og:site_name\" content=\"Swiss Vapeur Parc\" \/>\n<meta property=\"article:modified_time\" content=\"2023-07-11T13:42:46+00:00\" \/>\n<meta name=\"twitter:card\" content=\"summary_large_image\" \/>\n<meta name=\"twitter:label1\" content=\"Gesch\u00e4tzte Lesezeit\" \/>\n\t<meta name=\"twitter:data1\" content=\"2\u00a0Minuten\" \/>\n<script type=\"application\/ld+json\" class=\"yoast-schema-graph\">{\"@context\":\"https:\/\/schema.org\",\"@graph\":[{\"@type\":\"WebPage\",\"@id\":\"https:\/\/swissvapeur.ch\/de\/bauwerk-schweizerhaus\/\",\"url\":\"https:\/\/swissvapeur.ch\/de\/bauwerk-schweizerhaus\/\",\"name\":\"Bauwerk Schweizerhaus - Swiss Vapeur Parc\",\"isPartOf\":{\"@id\":\"https:\/\/swissvapeur.ch\/de\/#website\"},\"datePublished\":\"2023-07-11T13:42:44+00:00\",\"dateModified\":\"2023-07-11T13:42:46+00:00\",\"breadcrumb\":{\"@id\":\"https:\/\/swissvapeur.ch\/de\/bauwerk-schweizerhaus\/#breadcrumb\"},\"inLanguage\":\"de\",\"potentialAction\":[{\"@type\":\"ReadAction\",\"target\":[\"https:\/\/swissvapeur.ch\/de\/bauwerk-schweizerhaus\/\"]}]},{\"@type\":\"BreadcrumbList\",\"@id\":\"https:\/\/swissvapeur.ch\/de\/bauwerk-schweizerhaus\/#breadcrumb\",\"itemListElement\":[{\"@type\":\"ListItem\",\"position\":1,\"name\":\"Accueil\",\"item\":\"https:\/\/swissvapeur.ch\/de\/\"},{\"@type\":\"ListItem\",\"position\":2,\"name\":\"Bauwerk Schweizerhaus\"}]},{\"@type\":\"WebSite\",\"@id\":\"https:\/\/swissvapeur.ch\/de\/#website\",\"url\":\"https:\/\/swissvapeur.ch\/de\/\",\"name\":\"Swiss Vapeur Parc\",\"description\":\"Des petits trains presque comme les grands\",\"potentialAction\":[{\"@type\":\"SearchAction\",\"target\":{\"@type\":\"EntryPoint\",\"urlTemplate\":\"https:\/\/swissvapeur.ch\/de\/?s={search_term_string}\"},\"query-input\":{\"@type\":\"PropertyValueSpecification\",\"valueRequired\":true,\"valueName\":\"search_term_string\"}}],\"inLanguage\":\"de\"}]}<\/script>\n<!-- \/ Yoast SEO plugin. -->","yoast_head_json":{"title":"Bauwerk Schweizerhaus - Swiss Vapeur Parc","robots":{"index":"index","follow":"follow","max-snippet":"max-snippet:-1","max-image-preview":"max-image-preview:large","max-video-preview":"max-video-preview:-1"},"canonical":"https:\/\/swissvapeur.ch\/de\/bauwerk-schweizerhaus\/","og_locale":"de_DE","og_type":"article","og_title":"Bauwerk Schweizerhaus - Swiss Vapeur Parc","og_description":"Schweizerhaus Fantasiegeb\u00e4ude Dieses Geb\u00e4ude beherbergt eine kleine Ausstellung \u00fcber die Geschichte des Swiss Vapeur Parc und einige Informationen \u00fcber die Welt der Eisenbahn.Das Abenteuer Swiss Vapeur Parc begann in Aigle im Jahr 1979 mit der Gr\u00fcndung des Club Vapeur d'Aigle. Da der Wunsch nach mehr Platz und einem komplexeren Netzwerk [&hellip;]","og_url":"https:\/\/swissvapeur.ch\/de\/bauwerk-schweizerhaus\/","og_site_name":"Swiss Vapeur Parc","article_modified_time":"2023-07-11T13:42:46+00:00","twitter_card":"summary_large_image","twitter_misc":{"Gesch\u00e4tzte Lesezeit":"2\u00a0Minuten"},"schema":{"@context":"https:\/\/schema.org","@graph":[{"@type":"WebPage","@id":"https:\/\/swissvapeur.ch\/de\/bauwerk-schweizerhaus\/","url":"https:\/\/swissvapeur.ch\/de\/bauwerk-schweizerhaus\/","name":"Bauwerk Schweizerhaus - Swiss Vapeur Parc","isPartOf":{"@id":"https:\/\/swissvapeur.ch\/de\/#website"},"datePublished":"2023-07-11T13:42:44+00:00","dateModified":"2023-07-11T13:42:46+00:00","breadcrumb":{"@id":"https:\/\/swissvapeur.ch\/de\/bauwerk-schweizerhaus\/#breadcrumb"},"inLanguage":"de","potentialAction":[{"@type":"ReadAction","target":["https:\/\/swissvapeur.ch\/de\/bauwerk-schweizerhaus\/"]}]},{"@type":"BreadcrumbList","@id":"https:\/\/swissvapeur.ch\/de\/bauwerk-schweizerhaus\/#breadcrumb","itemListElement":[{"@type":"ListItem","position":1,"name":"Accueil","item":"https:\/\/swissvapeur.ch\/de\/"},{"@type":"ListItem","position":2,"name":"Bauwerk Schweizerhaus"}]},{"@type":"WebSite","@id":"https:\/\/swissvapeur.ch\/de\/#website","url":"https:\/\/swissvapeur.ch\/de\/","name":"Swiss Vapeur Parc","description":"Des petits trains presque comme les grands","potentialAction":[{"@type":"SearchAction","target":{"@type":"EntryPoint","urlTemplate":"https:\/\/swissvapeur.ch\/de\/?s={search_term_string}"},"query-input":{"@type":"PropertyValueSpecification","valueRequired":true,"valueName":"search_term_string"}}],"inLanguage":"de"}]}},"_links":{"self":[{"href":"https:\/\/swissvapeur.ch\/de\/wp-json\/wp\/v2\/pages\/10060","targetHints":{"allow":["GET"]}}],"collection":[{"href":"https:\/\/swissvapeur.ch\/de\/wp-json\/wp\/v2\/pages"}],"about":[{"href":"https:\/\/swissvapeur.ch\/de\/wp-json\/wp\/v2\/types\/page"}],"author":[{"embeddable":true,"href":"https:\/\/swissvapeur.ch\/de\/wp-json\/wp\/v2\/users\/4"}],"replies":[{"embeddable":true,"href":"https:\/\/swissvapeur.ch\/de\/wp-json\/wp\/v2\/comments?post=10060"}],"version-history":[{"count":3,"href":"https:\/\/swissvapeur.ch\/de\/wp-json\/wp\/v2\/pages\/10060\/revisions"}],"predecessor-version":[{"id":10065,"href":"https:\/\/swissvapeur.ch\/de\/wp-json\/wp\/v2\/pages\/10060\/revisions\/10065"}],"wp:attachment":[{"href":"https:\/\/swissvapeur.ch\/de\/wp-json\/wp\/v2\/media?parent=10060"}],"curies":[{"name":"wp","href":"https:\/\/api.w.org\/{rel}","templated":true}]}}