{"id":10036,"date":"2023-07-11T15:17:37","date_gmt":"2023-07-11T13:17:37","guid":{"rendered":"https:\/\/swissvapeur.ch\/bauwerk-waschhaus-von-croisat\/"},"modified":"2023-07-11T15:17:39","modified_gmt":"2023-07-11T13:17:39","slug":"bauwerk-waschhaus-von-croisat","status":"publish","type":"page","link":"https:\/\/swissvapeur.ch\/de\/bauwerk-waschhaus-von-croisat\/","title":{"rendered":"Bauwerk &#8222;Waschhaus von Croisat&#8220;"},"content":{"rendered":"<p>[et_pb_section fb_built=&#8220;1&#8243; fullwidth=&#8220;on&#8220; _builder_version=&#8220;4.16&#8243; _module_preset=&#8220;default&#8220; global_colors_info=&#8220;{}&#8220;][et_pb_fullwidth_image src=&#8220;https:\/\/swissvapeur.ch\/wp-content\/uploads\/2022\/04\/lavoir.jpg&#8220; title_text=&#8220;Waschhaus&#8220; _builder_version=&#8220;4.17.1&#8243; _module_preset=&#8220;default&#8220; hover_enabled=&#8220;0&#8243; global_colors_info=&#8220;{}&#8220; sticky_enabled=&#8220;0&#8243;][\/et_pb_fullwidth_image][\/et_pb_section][et_pb_section fb_built=&#8220;1&#8243; _builder_version=&#8220;4.16&#8243; _module_preset=&#8220;default&#8220; custom_padding=&#8220;||0px|||&#8220; global_colors_info=&#8220;{}&#8220;][et_pb_row _builder_version=&#8220;4.16&#8243; _module_preset=&#8220;default&#8220; global_colors_info=&#8220;{}&#8220;][et_pb_column type=&#8220;4_4&#8243; _builder_version=&#8220;4.16&#8243; _module_preset=&#8220;default&#8220; global_colors_info=&#8220;{}&#8220;][et_pb_text _builder_version=&#8220;4.17.1&#8243; _module_preset=&#8220;default&#8220; custom_margin=&#8220;||4px|||&#8220; custom_padding=&#8220;||0px|||&#8220; hover_enabled=&#8220;0&#8243; global_colors_info=&#8220;{}&#8220; sticky_enabled=&#8220;0&#8243;]<\/p>\n<h1 style=\"text-align: left;\"><strong>Waschhaus von Croisat<br \/><\/strong><\/h1>\n<h4 style=\"text-align: left;\"><em>Aigle (Waadt) | 17. Jahrhundert<\/em><\/h4>\n<p>[\/et_pb_text][\/et_pb_column][\/et_pb_row][et_pb_row column_structure=&#8220;1_3,1_3,1_3&#8243; _builder_version=&#8220;4.16&#8243; _module_preset=&#8220;default&#8220; custom_padding=&#8220;||29px|||&#8220; global_colors_info=&#8220;{}&#8220;][et_pb_column type=&#8220;1_3&#8243; _builder_version=&#8220;4.16&#8243; _module_preset=&#8220;default&#8220; global_colors_info=&#8220;{}&#8220;][et_pb_text _builder_version=&#8220;4.17.1&#8243; _module_preset=&#8220;default&#8220; hover_enabled=&#8220;0&#8243; sticky_enabled=&#8220;0&#8243;]<\/p>\n<p>Aigle, Brunnenviertel, n\u00f6rdlich der Altstadt. Zuerst muss man &#8222;das Gro\u00dfe Wasser&#8220; passieren. Wie viele Frauen haben ihre Kr\u00e4fte an den Steinen dieses sehr sch\u00f6nen Waschhauses verbraucht? Das Waschhaus mit seinem sehr sch\u00f6nen Dach befindet sich am Fu\u00dfe des Weinbergs, der sich mit seinen Herbstfarben schm\u00fcckt. Leider sind direkt vor ihm Autos geparkt, was den Blick aus \u00e4sthetischer Sicht etwas tr\u00fcbt. Die Bewohner in der N\u00e4he sind wahrscheinlich anderer Meinung als ich, weil sie froh sind, dass sie ihr Auto parken k\u00f6nnen.<\/p>\n<p>[\/et_pb_text][\/et_pb_column][et_pb_column type=&#8220;1_3&#8243; _builder_version=&#8220;4.16&#8243; _module_preset=&#8220;default&#8220; global_colors_info=&#8220;{}&#8220;][\/et_pb_column][et_pb_column type=&#8220;1_3&#8243; _builder_version=&#8220;4.16&#8243; _module_preset=&#8220;default&#8220; global_colors_info=&#8220;{}&#8220;][et_pb_text _builder_version=&#8220;4.17.1&#8243; _module_preset=&#8220;default&#8220; hover_enabled=&#8220;0&#8243; sticky_enabled=&#8220;0&#8243;]<\/p>\n<p>Quelle: <a href=\"http:\/\/www.notrehistoire.ch\">www.notrehistoire.ch<\/a><\/p>\n<p>[\/et_pb_text][\/et_pb_column][\/et_pb_row][et_pb_row _builder_version=&#8220;4.9.0&#8243; _module_preset=&#8220;default&#8220; width=&#8220;100%&#8220; global_module=&#8220;7765&#8243; saved_tabs=&#8220;all&#8220; global_colors_info=&#8220;{}&#8220;][et_pb_column type=&#8220;4_4&#8243; _builder_version=&#8220;4.16&#8243; _module_preset=&#8220;default&#8220; global_colors_info=&#8220;{}&#8220;][et_pb_image src=&#8220;https:\/\/swissvapeur.ch\/wp-content\/uploads\/2021\/02\/Capture-de\u0301cran-2021-02-25-a\u0300-09.56.01.png&#8220; title_text=&#8220;Bildschirmfoto 2021-02-25 a\u0300 09.56.01&#8243; _builder_version=&#8220;4.16&#8243; _module_preset=&#8220;default&#8220; global_colors_info=&#8220;{}&#8220;][\/et_pb_image][\/et_pb_column][\/et_pb_row][\/et_pb_section]<\/p>\n","protected":false},"excerpt":{"rendered":"<p>Waschhaus von Croisat Aigle (Waadt) | 17. JahrhundertAigle, Brunnenviertel, n\u00f6rdlich der Altstadt. Zuerst muss man &#8222;das Gro\u00dfe Wasser&#8220; passieren. Wie viele Frauen haben ihre Kr\u00e4fte an den Steinen dieses sehr sch\u00f6nen Waschhauses verbraucht? Das Waschhaus mit seinem sehr sch\u00f6nen Dach befindet sich am Fu\u00dfe des Weinbergs, der sich mit seinen [&hellip;]<\/p>\n","protected":false},"author":4,"featured_media":0,"parent":0,"menu_order":0,"comment_status":"closed","ping_status":"closed","template":"","meta":{"_et_pb_use_builder":"on","_et_pb_old_content":"","_et_gb_content_width":"","footnotes":""},"class_list":["post-10036","page","type-page","status-publish","hentry"],"yoast_head":"<!-- This site is optimized with the Yoast SEO plugin v26.7 - https:\/\/yoast.com\/wordpress\/plugins\/seo\/ -->\n<title>Bauwerk &quot;Waschhaus von Croisat&quot; - Swiss Vapeur Parc<\/title>\n<meta name=\"robots\" content=\"index, follow, max-snippet:-1, max-image-preview:large, max-video-preview:-1\" \/>\n<link rel=\"canonical\" href=\"https:\/\/swissvapeur.ch\/de\/bauwerk-waschhaus-von-croisat\/\" \/>\n<meta property=\"og:locale\" content=\"de_DE\" \/>\n<meta property=\"og:type\" content=\"article\" \/>\n<meta property=\"og:title\" content=\"Bauwerk &quot;Waschhaus von Croisat&quot; - Swiss Vapeur Parc\" \/>\n<meta property=\"og:description\" content=\"Waschhaus von Croisat Aigle (Waadt) | 17. JahrhundertAigle, Brunnenviertel, n\u00f6rdlich der Altstadt. Zuerst muss man &quot;das Gro\u00dfe Wasser&quot; passieren. Wie viele Frauen haben ihre Kr\u00e4fte an den Steinen dieses sehr sch\u00f6nen Waschhauses verbraucht? Das Waschhaus mit seinem sehr sch\u00f6nen Dach befindet sich am Fu\u00dfe des Weinbergs, der sich mit seinen [&hellip;]\" \/>\n<meta property=\"og:url\" content=\"https:\/\/swissvapeur.ch\/de\/bauwerk-waschhaus-von-croisat\/\" \/>\n<meta property=\"og:site_name\" content=\"Swiss Vapeur Parc\" \/>\n<meta property=\"article:modified_time\" content=\"2023-07-11T13:17:39+00:00\" \/>\n<meta name=\"twitter:card\" content=\"summary_large_image\" \/>\n<meta name=\"twitter:label1\" content=\"Gesch\u00e4tzte Lesezeit\" \/>\n\t<meta name=\"twitter:data1\" content=\"2\u00a0Minuten\" \/>\n<script type=\"application\/ld+json\" class=\"yoast-schema-graph\">{\"@context\":\"https:\/\/schema.org\",\"@graph\":[{\"@type\":\"WebPage\",\"@id\":\"https:\/\/swissvapeur.ch\/de\/bauwerk-waschhaus-von-croisat\/\",\"url\":\"https:\/\/swissvapeur.ch\/de\/bauwerk-waschhaus-von-croisat\/\",\"name\":\"Bauwerk \\\"Waschhaus von Croisat\\\" - Swiss Vapeur Parc\",\"isPartOf\":{\"@id\":\"https:\/\/swissvapeur.ch\/de\/#website\"},\"datePublished\":\"2023-07-11T13:17:37+00:00\",\"dateModified\":\"2023-07-11T13:17:39+00:00\",\"breadcrumb\":{\"@id\":\"https:\/\/swissvapeur.ch\/de\/bauwerk-waschhaus-von-croisat\/#breadcrumb\"},\"inLanguage\":\"de\",\"potentialAction\":[{\"@type\":\"ReadAction\",\"target\":[\"https:\/\/swissvapeur.ch\/de\/bauwerk-waschhaus-von-croisat\/\"]}]},{\"@type\":\"BreadcrumbList\",\"@id\":\"https:\/\/swissvapeur.ch\/de\/bauwerk-waschhaus-von-croisat\/#breadcrumb\",\"itemListElement\":[{\"@type\":\"ListItem\",\"position\":1,\"name\":\"Accueil\",\"item\":\"https:\/\/swissvapeur.ch\/de\/\"},{\"@type\":\"ListItem\",\"position\":2,\"name\":\"Bauwerk &#8222;Waschhaus von Croisat&#8220;\"}]},{\"@type\":\"WebSite\",\"@id\":\"https:\/\/swissvapeur.ch\/de\/#website\",\"url\":\"https:\/\/swissvapeur.ch\/de\/\",\"name\":\"Swiss Vapeur Parc\",\"description\":\"Des petits trains presque comme les grands\",\"potentialAction\":[{\"@type\":\"SearchAction\",\"target\":{\"@type\":\"EntryPoint\",\"urlTemplate\":\"https:\/\/swissvapeur.ch\/de\/?s={search_term_string}\"},\"query-input\":{\"@type\":\"PropertyValueSpecification\",\"valueRequired\":true,\"valueName\":\"search_term_string\"}}],\"inLanguage\":\"de\"}]}<\/script>\n<!-- \/ Yoast SEO plugin. -->","yoast_head_json":{"title":"Bauwerk \"Waschhaus von Croisat\" - Swiss Vapeur Parc","robots":{"index":"index","follow":"follow","max-snippet":"max-snippet:-1","max-image-preview":"max-image-preview:large","max-video-preview":"max-video-preview:-1"},"canonical":"https:\/\/swissvapeur.ch\/de\/bauwerk-waschhaus-von-croisat\/","og_locale":"de_DE","og_type":"article","og_title":"Bauwerk \"Waschhaus von Croisat\" - Swiss Vapeur Parc","og_description":"Waschhaus von Croisat Aigle (Waadt) | 17. JahrhundertAigle, Brunnenviertel, n\u00f6rdlich der Altstadt. Zuerst muss man \"das Gro\u00dfe Wasser\" passieren. Wie viele Frauen haben ihre Kr\u00e4fte an den Steinen dieses sehr sch\u00f6nen Waschhauses verbraucht? Das Waschhaus mit seinem sehr sch\u00f6nen Dach befindet sich am Fu\u00dfe des Weinbergs, der sich mit seinen [&hellip;]","og_url":"https:\/\/swissvapeur.ch\/de\/bauwerk-waschhaus-von-croisat\/","og_site_name":"Swiss Vapeur Parc","article_modified_time":"2023-07-11T13:17:39+00:00","twitter_card":"summary_large_image","twitter_misc":{"Gesch\u00e4tzte Lesezeit":"2\u00a0Minuten"},"schema":{"@context":"https:\/\/schema.org","@graph":[{"@type":"WebPage","@id":"https:\/\/swissvapeur.ch\/de\/bauwerk-waschhaus-von-croisat\/","url":"https:\/\/swissvapeur.ch\/de\/bauwerk-waschhaus-von-croisat\/","name":"Bauwerk \"Waschhaus von Croisat\" - Swiss Vapeur Parc","isPartOf":{"@id":"https:\/\/swissvapeur.ch\/de\/#website"},"datePublished":"2023-07-11T13:17:37+00:00","dateModified":"2023-07-11T13:17:39+00:00","breadcrumb":{"@id":"https:\/\/swissvapeur.ch\/de\/bauwerk-waschhaus-von-croisat\/#breadcrumb"},"inLanguage":"de","potentialAction":[{"@type":"ReadAction","target":["https:\/\/swissvapeur.ch\/de\/bauwerk-waschhaus-von-croisat\/"]}]},{"@type":"BreadcrumbList","@id":"https:\/\/swissvapeur.ch\/de\/bauwerk-waschhaus-von-croisat\/#breadcrumb","itemListElement":[{"@type":"ListItem","position":1,"name":"Accueil","item":"https:\/\/swissvapeur.ch\/de\/"},{"@type":"ListItem","position":2,"name":"Bauwerk &#8222;Waschhaus von Croisat&#8220;"}]},{"@type":"WebSite","@id":"https:\/\/swissvapeur.ch\/de\/#website","url":"https:\/\/swissvapeur.ch\/de\/","name":"Swiss Vapeur Parc","description":"Des petits trains presque comme les grands","potentialAction":[{"@type":"SearchAction","target":{"@type":"EntryPoint","urlTemplate":"https:\/\/swissvapeur.ch\/de\/?s={search_term_string}"},"query-input":{"@type":"PropertyValueSpecification","valueRequired":true,"valueName":"search_term_string"}}],"inLanguage":"de"}]}},"_links":{"self":[{"href":"https:\/\/swissvapeur.ch\/de\/wp-json\/wp\/v2\/pages\/10036","targetHints":{"allow":["GET"]}}],"collection":[{"href":"https:\/\/swissvapeur.ch\/de\/wp-json\/wp\/v2\/pages"}],"about":[{"href":"https:\/\/swissvapeur.ch\/de\/wp-json\/wp\/v2\/types\/page"}],"author":[{"embeddable":true,"href":"https:\/\/swissvapeur.ch\/de\/wp-json\/wp\/v2\/users\/4"}],"replies":[{"embeddable":true,"href":"https:\/\/swissvapeur.ch\/de\/wp-json\/wp\/v2\/comments?post=10036"}],"version-history":[{"count":3,"href":"https:\/\/swissvapeur.ch\/de\/wp-json\/wp\/v2\/pages\/10036\/revisions"}],"predecessor-version":[{"id":10041,"href":"https:\/\/swissvapeur.ch\/de\/wp-json\/wp\/v2\/pages\/10036\/revisions\/10041"}],"wp:attachment":[{"href":"https:\/\/swissvapeur.ch\/de\/wp-json\/wp\/v2\/media?parent=10036"}],"curies":[{"name":"wp","href":"https:\/\/api.w.org\/{rel}","templated":true}]}}